{"id":42092,"date":"2026-01-10T09:05:45","date_gmt":"2026-01-10T09:05:45","guid":{"rendered":"https:\/\/www.freeshopfrontiera.ch\/shop\/medicube-red-cream-2-0-50ml\/"},"modified":"2026-04-09T09:09:04","modified_gmt":"2026-04-09T09:09:04","slug":"medicube-red-cream-2-0-50ml","status":"publish","type":"product","link":"https:\/\/www.freeshopfrontiera.ch\/fr\/shop\/medicube-red-cream-2-0-50ml\/","title":{"rendered":"MEDICUBE Red Cream 2.0 50ml"},"content":{"rendered":"<div class=\"flex flex-col text-sm\">\n<section class=\"text-token-text-primary w-full focus:outline-none [--shadow-height:45px] has-data-writing-block:pointer-events-none has-data-writing-block:-mt-(--shadow-height) has-data-writing-block:pt-(--shadow-height) [&amp;:has([data-writing-block])&gt;*]:pointer-events-auto scroll-mt-[calc(var(--header-height)+min(200px,max(70px,20svh)))]\" dir=\"auto\" data-turn-id=\"request-WEB:a8282d08-cec8-4de0-9b8a-4eb3cec990f5-7\" data-testid=\"conversation-turn-16\" data-scroll-anchor=\"true\" data-turn=\"assistant\">\n<div class=\"text-base my-auto mx-auto pb-10 [--thread-content-margin:var(--thread-content-margin-xs,calc(var(--spacing)*4))] @w-sm\/main:[--thread-content-margin:var(--thread-content-margin-sm,calc(var(--spacing)*6))] @w-lg\/main:[--thread-content-margin:var(--thread-content-margin-lg,calc(var(--spacing)*16))] px-(--thread-content-margin)\">\n<div class=\"[--thread-content-max-width:40rem] @w-lg\/main:[--thread-content-max-width:48rem] mx-auto max-w-(--thread-content-max-width) flex-1 group\/turn-messages focus-visible:outline-hidden relative flex w-full min-w-0 flex-col agent-turn\">\n<div class=\"flex max-w-full flex-col gap-4 grow\">\n<div class=\"min-h-8 text-message relative flex w-full flex-col items-end gap-2 text-start break-words whitespace-normal outline-none keyboard-focused:focus-ring [.text-message+&amp;]:mt-1\" dir=\"auto\" tabindex=\"0\" data-message-author-role=\"assistant\" data-message-id=\"1caceee7-d701-403c-9e0e-e61e913f7d43\" data-turn-start-message=\"true\" data-message-model-slug=\"gpt-5-3\">\n<div class=\"flex w-full flex-col gap-1 empty:hidden\">\n<div class=\"markdown prose dark:prose-invert w-full wrap-break-word light markdown-new-styling\">\n<p data-start=\"2828\" data-end=\"2929\"><strong data-start=\"2828\" data-end=\"2929\">Medicube Red Cream 2.0 50ml \u2013 Cr\u00e8me Visage Apaisante et Purifiante pour Peaux \u00e0 Tendance Acn\u00e9ique<\/strong><\/p>\n<p data-start=\"2931\" data-end=\"3352\">Medicube Red Cream 2.0 50ml est une cr\u00e8me visage cor\u00e9enne con\u00e7ue pour les peaux sensibles et sujettes \u00e0 l\u2019acn\u00e9, offrant un soin efficace et d\u00e9licat. Formul\u00e9e pour r\u00e9guler la production de s\u00e9bum et r\u00e9duire les imperfections, elle aide \u00e0 obtenir une peau plus saine, uniforme et lumineuse. Sa texture l\u00e9g\u00e8re et non com\u00e9dog\u00e8ne p\u00e9n\u00e8tre rapidement sans alourdir la peau, ce qui la rend id\u00e9ale pour une utilisation quotidienne.<\/p>\n<p data-start=\"3354\" data-end=\"3746\">Sa formule est enrichie en actifs tels que <strong data-start=\"3397\" data-end=\"3435\">niacinamide, ad\u00e9nosine et Zinc PCA<\/strong>, qui am\u00e9liorent l\u2019apparence de la peau, r\u00e9duisent les rougeurs et contr\u00f4lent l\u2019exc\u00e8s de s\u00e9bum. Elle contient \u00e9galement <strong data-start=\"3555\" data-end=\"3600\">du tea tree et divers extraits botaniques<\/strong>, reconnus pour leurs propri\u00e9t\u00e9s apaisantes et purifiantes, aidant \u00e0 calmer les irritations et \u00e0 pr\u00e9venir l\u2019apparition de nouvelles imperfections.<\/p>\n<p data-start=\"3748\" data-end=\"4016\">Cette cr\u00e8me se distingue par une approche minimaliste mais efficace du soin de la peau : elle hydrate en profondeur, apaise et renforce la barri\u00e8re cutan\u00e9e. Id\u00e9ale pour les peaux mixtes, grasses ou \u00e0 probl\u00e8mes, notamment en cas d\u2019acn\u00e9, de rougeurs et de pores dilat\u00e9s.<\/p>\n<p data-start=\"4018\" data-end=\"4206\" data-is-last-node=\"\" data-is-only-node=\"\">Medicube Red Cream 2.0 est le choix id\u00e9al pour celles et ceux qui recherchent un soin quotidien doux mais performant, capable d\u2019am\u00e9liorer visiblement la qualit\u00e9 de la peau au fil du temps.<\/p>\n<\/div>\n<\/div>\n<\/div>\n<\/div>\n<div class=\"z-0 flex min-h-[46px] justify-start\"><\/div>\n<div class=\"mt-3 w-full empty:hidden\">\n<div class=\"text-center\"><\/div>\n<\/div>\n<\/div>\n<\/div>\n<\/section>\n<\/div>\n<div class=\"pointer-events-none h-px w-px absolute bottom-0\" aria-hidden=\"true\" data-edge=\"true\">Follow us! <a href=\"https:\/\/www.instagram.com\/freeshopswiss\/\" target=\"_blank\" rel=\"noopener\">@freeshopswiss<\/a><\/div>\n","protected":false},"excerpt":{"rendered":"<p>Medicube Red Cream 2.0 50ml est une cr\u00e8me visage cor\u00e9enne con\u00e7ue pour les peaux sensibles et sujettes \u00e0 l\u2019acn\u00e9, offrant un soin efficace et d\u00e9licat.<\/p>\n","protected":false},"featured_media":42083,"comment_status":"open","ping_status":"closed","template":"","meta":[],"pwb-brand":[1000],"product_brand":[],"product_cat":[295,545],"product_tag":[296,417,301],"class_list":{"0":"post-42092","1":"product","2":"type-product","3":"status-publish","4":"has-post-thumbnail","6":"pwb-brand-medicube","7":"product_cat-traitements","8":"product_cat-soin-du-visage","9":"product_tag-femme","10":"product_tag-soins-fr","11":"product_tag-soins-du-visage","13":"first","14":"instock","15":"sale","16":"taxable","17":"shipping-taxable","18":"purchasable","19":"product-type-simple"},"brands":[{"id":1000,"name":"Medicube","slug":"medicube"}],"_links":{"self":[{"href":"https:\/\/www.freeshopfrontiera.ch\/fr\/wp-json\/wp\/v2\/product\/42092","targetHints":{"allow":["GET"]}}],"collection":[{"href":"https:\/\/www.freeshopfrontiera.ch\/fr\/wp-json\/wp\/v2\/product"}],"about":[{"href":"https:\/\/www.freeshopfrontiera.ch\/fr\/wp-json\/wp\/v2\/types\/product"}],"replies":[{"embeddable":true,"href":"https:\/\/www.freeshopfrontiera.ch\/fr\/wp-json\/wp\/v2\/comments?post=42092"}],"version-history":[{"count":2,"href":"https:\/\/www.freeshopfrontiera.ch\/fr\/wp-json\/wp\/v2\/product\/42092\/revisions"}],"predecessor-version":[{"id":42097,"href":"https:\/\/www.freeshopfrontiera.ch\/fr\/wp-json\/wp\/v2\/product\/42092\/revisions\/42097"}],"wp:featuredmedia":[{"embeddable":true,"href":"https:\/\/www.freeshopfrontiera.ch\/fr\/wp-json\/wp\/v2\/media\/42083"}],"wp:attachment":[{"href":"https:\/\/www.freeshopfrontiera.ch\/fr\/wp-json\/wp\/v2\/media?parent=42092"}],"wp:term":[{"taxonomy":"pwb-brand","embeddable":true,"href":"https:\/\/www.freeshopfrontiera.ch\/fr\/wp-json\/wp\/v2\/pwb-brand?post=42092"},{"taxonomy":"product_brand","embeddable":true,"href":"https:\/\/www.freeshopfrontiera.ch\/fr\/wp-json\/wp\/v2\/product_brand?post=42092"},{"taxonomy":"product_cat","embeddable":true,"href":"https:\/\/www.freeshopfrontiera.ch\/fr\/wp-json\/wp\/v2\/product_cat?post=42092"},{"taxonomy":"product_tag","embeddable":true,"href":"https:\/\/www.freeshopfrontiera.ch\/fr\/wp-json\/wp\/v2\/product_tag?post=42092"}],"curies":[{"name":"wp","href":"https:\/\/api.w.org\/{rel}","templated":true}]}}