{"id":42125,"date":"2026-04-09T10:56:58","date_gmt":"2026-04-09T10:56:58","guid":{"rendered":"https:\/\/www.freeshopfrontiera.ch\/shop\/arencia-mochi-holy-hyssop-serum-30-50g\/"},"modified":"2026-04-09T10:59:49","modified_gmt":"2026-04-09T10:59:49","slug":"arencia-mochi-holy-hyssop-serum-30-50g","status":"publish","type":"product","link":"https:\/\/www.freeshopfrontiera.ch\/fr\/shop\/arencia-mochi-holy-hyssop-serum-30-50g\/","title":{"rendered":"ARENCIA Mochi Holy Hyssop Serum 30 50g"},"content":{"rendered":"<p data-start=\"2754\" data-end=\"2852\"><strong data-start=\"2754\" data-end=\"2850\">Arencia Mochi Holy Hyssop Serum 30 50g \u2013 S\u00e9rum Apaisant et Hydratant pour Tous Types de Peau<\/strong><\/p>\n<p data-start=\"2854\" data-end=\"3349\">Arencia Mochi Holy Hyssop Serum 30 50g est un s\u00e9rum visage innovant, con\u00e7u pour hydrater profond\u00e9ment, apaiser les irritations et renforcer la barri\u00e8re cutan\u00e9e. Convient \u00e0 tous les types de peau, y compris les peaux sensibles, ce s\u00e9rum combine des ingr\u00e9dients naturels et une technologie cosm\u00e9tique avanc\u00e9e pour offrir un effet calmant imm\u00e9diat et une hydratation durable. Sa texture l\u00e9g\u00e8re et soyeuse p\u00e9n\u00e8tre rapidement sans laisser de r\u00e9sidus, laissant la peau douce, \u00e9lastique et lumineuse.<\/p>\n<p data-start=\"3351\" data-end=\"3798\">La formule est enrichie en <strong data-start=\"3378\" data-end=\"3419\">extrait d\u2019Hysope Sacr\u00e9e (Holy Hyssop)<\/strong>, r\u00e9put\u00e9 pour ses propri\u00e9t\u00e9s antioxydantes et apaisantes, et en <strong data-start=\"3483\" data-end=\"3505\">acide hyaluronique<\/strong>, qui aide \u00e0 maintenir une hydratation optimale et \u00e0 pr\u00e9venir la s\u00e9cheresse cutan\u00e9e. Associ\u00e9 \u00e0 d\u2019autres extraits botaniques et ingr\u00e9dients nourrissants, le s\u00e9rum favorise la r\u00e9g\u00e9n\u00e9ration de la peau et contribue \u00e0 r\u00e9duire les rougeurs et irritations, am\u00e9liorant l\u2019apparence g\u00e9n\u00e9rale du teint.<\/p>\n<p data-start=\"3800\" data-end=\"4143\" data-is-last-node=\"\" data-is-only-node=\"\">Arencia Mochi Holy Hyssop Serum 30 est id\u00e9al pour une routine quotidienne de soins, matin et soir, avant la cr\u00e8me hydratante. Il convient \u00e9galement comme traitement apaisant apr\u00e8s l\u2019exposition au soleil ou pour les peaux stress\u00e9es et irrit\u00e9es, faisant de lui un alli\u00e9 pr\u00e9cieux pour ceux qui recherchent un s\u00e9rum naturel, doux et tr\u00e8s efficace.<\/p>\n<p data-start=\"1022\" data-end=\"1383\">Follow us! <a href=\"https:\/\/www.instagram.com\/freeshopswiss\/\" target=\"_blank\" rel=\"noopener\">@freeshopswiss\u00a0<\/a><\/p>\n","protected":false},"excerpt":{"rendered":"<p>Arencia Mochi Holy Hyssop Serum 30 50g est un s\u00e9rum visage innovant, con\u00e7u pour hydrater profond\u00e9ment, apaiser les irritations et renforcer la barri\u00e8re cutan\u00e9e.<\/p>\n","protected":false},"featured_media":42120,"comment_status":"open","ping_status":"closed","template":"","meta":[],"pwb-brand":[4053],"product_brand":[],"product_cat":[109,295,545],"product_tag":[296,417,301],"class_list":{"0":"post-42125","1":"product","2":"type-product","3":"status-publish","4":"has-post-thumbnail","6":"pwb-brand-arencia","7":"product_cat-pour-elle","8":"product_cat-traitements","9":"product_cat-soin-du-visage","10":"product_tag-femme","11":"product_tag-soins-fr","12":"product_tag-soins-du-visage","14":"first","15":"instock","16":"sale","17":"taxable","18":"shipping-taxable","19":"purchasable","20":"product-type-simple"},"brands":[{"id":4053,"name":"Arencia","slug":"arencia"}],"_links":{"self":[{"href":"https:\/\/www.freeshopfrontiera.ch\/fr\/wp-json\/wp\/v2\/product\/42125","targetHints":{"allow":["GET"]}}],"collection":[{"href":"https:\/\/www.freeshopfrontiera.ch\/fr\/wp-json\/wp\/v2\/product"}],"about":[{"href":"https:\/\/www.freeshopfrontiera.ch\/fr\/wp-json\/wp\/v2\/types\/product"}],"replies":[{"embeddable":true,"href":"https:\/\/www.freeshopfrontiera.ch\/fr\/wp-json\/wp\/v2\/comments?post=42125"}],"version-history":[{"count":2,"href":"https:\/\/www.freeshopfrontiera.ch\/fr\/wp-json\/wp\/v2\/product\/42125\/revisions"}],"predecessor-version":[{"id":42130,"href":"https:\/\/www.freeshopfrontiera.ch\/fr\/wp-json\/wp\/v2\/product\/42125\/revisions\/42130"}],"wp:featuredmedia":[{"embeddable":true,"href":"https:\/\/www.freeshopfrontiera.ch\/fr\/wp-json\/wp\/v2\/media\/42120"}],"wp:attachment":[{"href":"https:\/\/www.freeshopfrontiera.ch\/fr\/wp-json\/wp\/v2\/media?parent=42125"}],"wp:term":[{"taxonomy":"pwb-brand","embeddable":true,"href":"https:\/\/www.freeshopfrontiera.ch\/fr\/wp-json\/wp\/v2\/pwb-brand?post=42125"},{"taxonomy":"product_brand","embeddable":true,"href":"https:\/\/www.freeshopfrontiera.ch\/fr\/wp-json\/wp\/v2\/product_brand?post=42125"},{"taxonomy":"product_cat","embeddable":true,"href":"https:\/\/www.freeshopfrontiera.ch\/fr\/wp-json\/wp\/v2\/product_cat?post=42125"},{"taxonomy":"product_tag","embeddable":true,"href":"https:\/\/www.freeshopfrontiera.ch\/fr\/wp-json\/wp\/v2\/product_tag?post=42125"}],"curies":[{"name":"wp","href":"https:\/\/api.w.org\/{rel}","templated":true}]}}