{"id":42156,"date":"2026-04-10T09:21:26","date_gmt":"2026-04-10T09:21:26","guid":{"rendered":"https:\/\/www.freeshopfrontiera.ch\/shop\/arencia-mochi-fresh-red-smoothie-serum\/"},"modified":"2026-04-10T09:28:04","modified_gmt":"2026-04-10T09:28:04","slug":"arencia-mochi-fresh-red-smoothie-serum","status":"publish","type":"product","link":"https:\/\/www.freeshopfrontiera.ch\/fr\/shop\/arencia-mochi-fresh-red-smoothie-serum\/","title":{"rendered":"ARENCIA Mochi Fresh Red Smoothie Serum"},"content":{"rendered":"<p data-start=\"2573\" data-end=\"2704\"><strong data-start=\"2573\" data-end=\"2704\">ARENCIA Mochi Fresh Red Smoothie Serum 30 \u2013 S\u00e9rum Visage au Collag\u00e8ne, Peptides et Cynorrhodon pour une Peau Ferme et Lumineuse<\/strong><\/p>\n<p data-start=\"2706\" data-end=\"3020\">D\u00e9couvrez le pouvoir revitalisant du ARENCIA Mochi Fresh Red Smoothie Serum 30, un s\u00e9rum visage innovant con\u00e7u pour am\u00e9liorer l\u2019\u00e9lasticit\u00e9, l\u2019\u00e9clat et l\u2019hydratation intense de la peau. Sa texture l\u00e9g\u00e8re et soyeuse p\u00e9n\u00e8tre rapidement, laissant la peau douce et visiblement plus ferme d\u00e8s les premi\u00e8res applications.<\/p>\n<p data-start=\"3022\" data-end=\"3508\">Les <strong data-start=\"3026\" data-end=\"3043\">notes de t\u00eate<\/strong> s\u2019ouvrent sur une touche fra\u00eeche et fruit\u00e9e inspir\u00e9e d\u2019un \u201cred smoothie\u201d, offrant une sensation \u00e9nergisante et rafra\u00eechissante. Au <strong data-start=\"3175\" data-end=\"3197\">c\u0153ur de la formule<\/strong>, les peptides et le collag\u00e8ne agissent en synergie pour am\u00e9liorer la structure de la peau, r\u00e9duire les signes de l\u2019\u00e2ge et renforcer la barri\u00e8re cutan\u00e9e. Les <strong data-start=\"3355\" data-end=\"3372\">notes de fond<\/strong> sont enrichies en cynorrhodon, reconnu pour ses propri\u00e9t\u00e9s antioxydantes, qui nourrit intens\u00e9ment et apporte un teint sain et lumineux.<\/p>\n<p data-start=\"3510\" data-end=\"3710\">Adapt\u00e9 \u00e0 tous les types de peau, en particulier les peaux ternes, stress\u00e9es ou pr\u00e9sentant les premiers signes de l\u2019\u00e2ge, ce s\u00e9rum s\u2019int\u00e8gre parfaitement \u00e0 la routine de soin quotidienne, matin et soir.<\/p>\n<p data-start=\"3712\" data-end=\"3832\" data-is-last-node=\"\" data-is-only-node=\"\">ARENCIA Mochi Fresh Red Smoothie Serum 30 est le choix id\u00e9al pour une peau plus lisse, ferme et naturellement \u00e9clatante.<\/p>\n<p data-start=\"1144\" data-end=\"1319\" data-is-last-node=\"\" data-is-only-node=\"\">Follow us! <a href=\"https:\/\/www.instagram.com\/freeshopswiss\/\" target=\"_blank\" rel=\"noopener\">@freeshopswiss\u00a0<\/a><\/p>\n","protected":false},"excerpt":{"rendered":"<p>D\u00e9couvrez le pouvoir revitalisant du ARENCIA Mochi Fresh Red Smoothie Serum 30, un s\u00e9rum visage innovant con\u00e7u pour am\u00e9liorer l\u2019\u00e9lasticit\u00e9, l\u2019\u00e9clat et l\u2019hydratation intense de la peau.<\/p>\n","protected":false},"featured_media":42147,"comment_status":"open","ping_status":"closed","template":"","meta":[],"pwb-brand":[4053],"product_brand":[],"product_cat":[109,295,545],"product_tag":[296,417,301],"class_list":{"0":"post-42156","1":"product","2":"type-product","3":"status-publish","4":"has-post-thumbnail","6":"pwb-brand-arencia","7":"product_cat-pour-elle","8":"product_cat-traitements","9":"product_cat-soin-du-visage","10":"product_tag-femme","11":"product_tag-soins-fr","12":"product_tag-soins-du-visage","14":"first","15":"instock","16":"sale","17":"taxable","18":"shipping-taxable","19":"purchasable","20":"product-type-simple"},"brands":[{"id":4053,"name":"Arencia","slug":"arencia"}],"_links":{"self":[{"href":"https:\/\/www.freeshopfrontiera.ch\/fr\/wp-json\/wp\/v2\/product\/42156","targetHints":{"allow":["GET"]}}],"collection":[{"href":"https:\/\/www.freeshopfrontiera.ch\/fr\/wp-json\/wp\/v2\/product"}],"about":[{"href":"https:\/\/www.freeshopfrontiera.ch\/fr\/wp-json\/wp\/v2\/types\/product"}],"replies":[{"embeddable":true,"href":"https:\/\/www.freeshopfrontiera.ch\/fr\/wp-json\/wp\/v2\/comments?post=42156"}],"version-history":[{"count":1,"href":"https:\/\/www.freeshopfrontiera.ch\/fr\/wp-json\/wp\/v2\/product\/42156\/revisions"}],"predecessor-version":[{"id":42160,"href":"https:\/\/www.freeshopfrontiera.ch\/fr\/wp-json\/wp\/v2\/product\/42156\/revisions\/42160"}],"wp:featuredmedia":[{"embeddable":true,"href":"https:\/\/www.freeshopfrontiera.ch\/fr\/wp-json\/wp\/v2\/media\/42147"}],"wp:attachment":[{"href":"https:\/\/www.freeshopfrontiera.ch\/fr\/wp-json\/wp\/v2\/media?parent=42156"}],"wp:term":[{"taxonomy":"pwb-brand","embeddable":true,"href":"https:\/\/www.freeshopfrontiera.ch\/fr\/wp-json\/wp\/v2\/pwb-brand?post=42156"},{"taxonomy":"product_brand","embeddable":true,"href":"https:\/\/www.freeshopfrontiera.ch\/fr\/wp-json\/wp\/v2\/product_brand?post=42156"},{"taxonomy":"product_cat","embeddable":true,"href":"https:\/\/www.freeshopfrontiera.ch\/fr\/wp-json\/wp\/v2\/product_cat?post=42156"},{"taxonomy":"product_tag","embeddable":true,"href":"https:\/\/www.freeshopfrontiera.ch\/fr\/wp-json\/wp\/v2\/product_tag?post=42156"}],"curies":[{"name":"wp","href":"https:\/\/api.w.org\/{rel}","templated":true}]}}