{"id":42169,"date":"2026-01-10T09:35:43","date_gmt":"2026-01-10T09:35:43","guid":{"rendered":"https:\/\/www.freeshopfrontiera.ch\/shop\/arencia-fresh-cloud-body-scalp-scrub-260g\/"},"modified":"2026-04-10T09:38:49","modified_gmt":"2026-04-10T09:38:49","slug":"arencia-fresh-cloud-body-scalp-scrub-260g","status":"publish","type":"product","link":"https:\/\/www.freeshopfrontiera.ch\/fr\/shop\/arencia-fresh-cloud-body-scalp-scrub-260g\/","title":{"rendered":"ARENCIA Fresh Cloud Body &#038; Scalp Scrub 260g"},"content":{"rendered":"<p data-start=\"2577\" data-end=\"2713\"><strong data-start=\"2577\" data-end=\"2713\">ARENCIA Fresh Cloud Body &amp; Scalp Scrub Geranium &amp; Primrose \u2013 Exfoliant Revitalisant et Illuminateur pour le Corps et le Cuir Chevelu<\/strong><\/p>\n<p data-start=\"2715\" data-end=\"3051\">ARENCIA Fresh Cloud Body &amp; Scalp Scrub Geranium &amp; Primrose est un soin exfoliant multifonction con\u00e7u pour purifier, lisser et revitaliser \u00e0 la fois la peau du corps et le cuir chevelu. Sa texture douce et cr\u00e9meuse, semblable \u00e0 un nuage, enveloppe d\u00e9licatement la peau tout en \u00e9liminant efficacement les cellules mortes et les impuret\u00e9s.<\/p>\n<p data-start=\"3053\" data-end=\"3444\">Les <strong data-start=\"3057\" data-end=\"3074\">notes de t\u00eate<\/strong> s\u2019ouvrent sur le parfum frais et floral du g\u00e9ranium, offrant une sensation imm\u00e9diate de propret\u00e9 et de bien-\u00eatre. Au <strong data-start=\"3192\" data-end=\"3214\">c\u0153ur de la formule<\/strong>, la primev\u00e8re apporte ses propri\u00e9t\u00e9s apaisantes et adoucissantes, aidant \u00e0 r\u00e9\u00e9quilibrer et nourrir la peau. Les <strong data-start=\"3327\" data-end=\"3344\">notes de fond<\/strong> r\u00e9v\u00e8lent une touche douce et naturelle qui assure une sensation durable de fra\u00eecheur et de confort.<\/p>\n<p data-start=\"3446\" data-end=\"3718\">Adapt\u00e9 \u00e0 tous les types de peau et de cuir chevelu, cet exfoliant stimule le renouvellement cellulaire et am\u00e9liore la texture, laissant la peau plus lisse, lumineuse et uniforme. Id\u00e9al sous la douche, il transforme la routine quotidienne en un v\u00e9ritable moment de d\u00e9tente.<\/p>\n<p data-start=\"3720\" data-end=\"3847\" data-is-last-node=\"\" data-is-only-node=\"\">ARENCIA Fresh Cloud Scrub est le choix parfait pour une peau purifi\u00e9e, soyeuse et visiblement plus saine, de la t\u00eate aux pieds.<\/p>\n<p data-start=\"1195\" data-end=\"1334\" data-is-last-node=\"\" data-is-only-node=\"\">Follow us! <a href=\"https:\/\/www.instagram.com\/freeshopswiss\/\" target=\"_blank\" rel=\"noopener\">@freeshopswiss\u00a0<\/a><\/p>\n","protected":false},"excerpt":{"rendered":"<p>ARENCIA Fresh Cloud Body &amp; Scalp Scrub Geranium &amp; Primrose est un soin exfoliant multifonction con\u00e7u pour purifier, lisser et revitaliser \u00e0 la fois la peau du corps et le cuir chevelu.<\/p>\n","protected":false},"featured_media":42164,"comment_status":"open","ping_status":"closed","template":"","meta":[],"pwb-brand":[4053],"product_brand":[],"product_cat":[109,295,545],"product_tag":[296,417,301],"class_list":{"0":"post-42169","1":"product","2":"type-product","3":"status-publish","4":"has-post-thumbnail","6":"pwb-brand-arencia","7":"product_cat-pour-elle","8":"product_cat-traitements","9":"product_cat-soin-du-visage","10":"product_tag-femme","11":"product_tag-soins-fr","12":"product_tag-soins-du-visage","14":"first","15":"instock","16":"sale","17":"taxable","18":"shipping-taxable","19":"purchasable","20":"product-type-simple"},"brands":[{"id":4053,"name":"Arencia","slug":"arencia"}],"_links":{"self":[{"href":"https:\/\/www.freeshopfrontiera.ch\/fr\/wp-json\/wp\/v2\/product\/42169","targetHints":{"allow":["GET"]}}],"collection":[{"href":"https:\/\/www.freeshopfrontiera.ch\/fr\/wp-json\/wp\/v2\/product"}],"about":[{"href":"https:\/\/www.freeshopfrontiera.ch\/fr\/wp-json\/wp\/v2\/types\/product"}],"replies":[{"embeddable":true,"href":"https:\/\/www.freeshopfrontiera.ch\/fr\/wp-json\/wp\/v2\/comments?post=42169"}],"version-history":[{"count":1,"href":"https:\/\/www.freeshopfrontiera.ch\/fr\/wp-json\/wp\/v2\/product\/42169\/revisions"}],"predecessor-version":[{"id":42173,"href":"https:\/\/www.freeshopfrontiera.ch\/fr\/wp-json\/wp\/v2\/product\/42169\/revisions\/42173"}],"wp:featuredmedia":[{"embeddable":true,"href":"https:\/\/www.freeshopfrontiera.ch\/fr\/wp-json\/wp\/v2\/media\/42164"}],"wp:attachment":[{"href":"https:\/\/www.freeshopfrontiera.ch\/fr\/wp-json\/wp\/v2\/media?parent=42169"}],"wp:term":[{"taxonomy":"pwb-brand","embeddable":true,"href":"https:\/\/www.freeshopfrontiera.ch\/fr\/wp-json\/wp\/v2\/pwb-brand?post=42169"},{"taxonomy":"product_brand","embeddable":true,"href":"https:\/\/www.freeshopfrontiera.ch\/fr\/wp-json\/wp\/v2\/product_brand?post=42169"},{"taxonomy":"product_cat","embeddable":true,"href":"https:\/\/www.freeshopfrontiera.ch\/fr\/wp-json\/wp\/v2\/product_cat?post=42169"},{"taxonomy":"product_tag","embeddable":true,"href":"https:\/\/www.freeshopfrontiera.ch\/fr\/wp-json\/wp\/v2\/product_tag?post=42169"}],"curies":[{"name":"wp","href":"https:\/\/api.w.org\/{rel}","templated":true}]}}