{"id":42183,"date":"2026-01-10T09:46:15","date_gmt":"2026-01-10T09:46:15","guid":{"rendered":"https:\/\/www.freeshopfrontiera.ch\/shop\/arencia-artisans-hyssop-blurring-night-cream-30g\/"},"modified":"2026-04-10T09:50:33","modified_gmt":"2026-04-10T09:50:33","slug":"arencia-artisans-hyssop-blurring-night-cream-30g","status":"publish","type":"product","link":"https:\/\/www.freeshopfrontiera.ch\/fr\/shop\/arencia-artisans-hyssop-blurring-night-cream-30g\/","title":{"rendered":"ARENCIA Artisan&rsquo;s Hyssop Blurring Night Cream 30g"},"content":{"rendered":"<p data-start=\"2501\" data-end=\"2601\"><strong data-start=\"2501\" data-end=\"2601\">ARENCIA Artisan\u2019s Hyssop Blurring Night Cream \u2013 Cr\u00e8me de Nuit Lissante et R\u00e9g\u00e9n\u00e9rante \u00e0 l\u2019Hysope<\/strong><\/p>\n<p data-start=\"2603\" data-end=\"2914\">ARENCIA Artisan\u2019s Hyssop Blurring Night Cream est un soin de nuit intensif con\u00e7u pour r\u00e9g\u00e9n\u00e9rer la peau pendant le sommeil, am\u00e9liorer visiblement la texture et offrir un effet lissant \u201cblur\u201d au r\u00e9veil. Sa formule riche mais velout\u00e9e fond d\u00e9licatement sur la peau, apportant une nutrition profonde sans alourdir.<\/p>\n<p data-start=\"2916\" data-end=\"3353\">Les <strong data-start=\"2920\" data-end=\"2937\">notes de t\u00eate<\/strong> s\u2019ouvrent sur une touche fra\u00eeche et herbac\u00e9e d\u2019hysope, procurant une sensation apaisante et purifiante, id\u00e9ale pour la routine du soir. Au <strong data-start=\"3077\" data-end=\"3099\">c\u0153ur de la formule<\/strong>, des actifs hydratants et lissants agissent pour affiner le grain de peau, r\u00e9duire l\u2019apparence des pores et unifier le teint. Les <strong data-start=\"3230\" data-end=\"3247\">notes de fond<\/strong> laissent un fini doux et enveloppant, aidant \u00e0 maintenir l\u2019\u00e9lasticit\u00e9 et \u00e0 nourrir la peau en profondeur.<\/p>\n<p data-start=\"3355\" data-end=\"3566\">Adapt\u00e9e \u00e0 tous les types de peau, en particulier celles pr\u00e9sentant des signes de fatigue, une texture irr\u00e9guli\u00e8re ou un manque d\u2019\u00e9clat, cette cr\u00e8me de nuit soutient le processus naturel de renouvellement cutan\u00e9.<\/p>\n<p data-start=\"3568\" data-end=\"3703\" data-is-last-node=\"\" data-is-only-node=\"\">ARENCIA Artisan\u2019s Hyssop Blurring Night Cream est la solution id\u00e9ale pour se r\u00e9veiller avec une peau plus lisse, uniforme et \u00e9clatante.<\/p>\n<p data-start=\"1117\" data-end=\"1284\" data-is-last-node=\"\" data-is-only-node=\"\">Follow us! <a href=\"https:\/\/www.instagram.com\/freeshopswiss\/\" target=\"_blank\" rel=\"noopener\">@freeshopswiss\u00a0<\/a><\/p>\n","protected":false},"excerpt":{"rendered":"<p>ARENCIA Artisan\u2019s Hyssop Blurring Night Cream est un soin de nuit intensif con\u00e7u pour r\u00e9g\u00e9n\u00e9rer la peau pendant le sommeil, am\u00e9liorer visiblement la texture et offrir un effet lissant \u201cblur\u201d au r\u00e9veil.<\/p>\n","protected":false},"featured_media":42178,"comment_status":"open","ping_status":"closed","template":"","meta":[],"pwb-brand":[4053],"product_brand":[],"product_cat":[109,295,545],"product_tag":[296,417,301],"class_list":{"0":"post-42183","1":"product","2":"type-product","3":"status-publish","4":"has-post-thumbnail","6":"pwb-brand-arencia","7":"product_cat-pour-elle","8":"product_cat-traitements","9":"product_cat-soin-du-visage","10":"product_tag-femme","11":"product_tag-soins-fr","12":"product_tag-soins-du-visage","14":"first","15":"instock","16":"sale","17":"taxable","18":"shipping-taxable","19":"purchasable","20":"product-type-simple"},"brands":[{"id":4053,"name":"Arencia","slug":"arencia"}],"_links":{"self":[{"href":"https:\/\/www.freeshopfrontiera.ch\/fr\/wp-json\/wp\/v2\/product\/42183","targetHints":{"allow":["GET"]}}],"collection":[{"href":"https:\/\/www.freeshopfrontiera.ch\/fr\/wp-json\/wp\/v2\/product"}],"about":[{"href":"https:\/\/www.freeshopfrontiera.ch\/fr\/wp-json\/wp\/v2\/types\/product"}],"replies":[{"embeddable":true,"href":"https:\/\/www.freeshopfrontiera.ch\/fr\/wp-json\/wp\/v2\/comments?post=42183"}],"version-history":[{"count":2,"href":"https:\/\/www.freeshopfrontiera.ch\/fr\/wp-json\/wp\/v2\/product\/42183\/revisions"}],"predecessor-version":[{"id":42190,"href":"https:\/\/www.freeshopfrontiera.ch\/fr\/wp-json\/wp\/v2\/product\/42183\/revisions\/42190"}],"wp:featuredmedia":[{"embeddable":true,"href":"https:\/\/www.freeshopfrontiera.ch\/fr\/wp-json\/wp\/v2\/media\/42178"}],"wp:attachment":[{"href":"https:\/\/www.freeshopfrontiera.ch\/fr\/wp-json\/wp\/v2\/media?parent=42183"}],"wp:term":[{"taxonomy":"pwb-brand","embeddable":true,"href":"https:\/\/www.freeshopfrontiera.ch\/fr\/wp-json\/wp\/v2\/pwb-brand?post=42183"},{"taxonomy":"product_brand","embeddable":true,"href":"https:\/\/www.freeshopfrontiera.ch\/fr\/wp-json\/wp\/v2\/product_brand?post=42183"},{"taxonomy":"product_cat","embeddable":true,"href":"https:\/\/www.freeshopfrontiera.ch\/fr\/wp-json\/wp\/v2\/product_cat?post=42183"},{"taxonomy":"product_tag","embeddable":true,"href":"https:\/\/www.freeshopfrontiera.ch\/fr\/wp-json\/wp\/v2\/product_tag?post=42183"}],"curies":[{"name":"wp","href":"https:\/\/api.w.org\/{rel}","templated":true}]}}