{"id":42198,"date":"2026-01-10T13:48:54","date_gmt":"2026-01-10T13:48:54","guid":{"rendered":"https:\/\/www.freeshopfrontiera.ch\/shop\/ahmed-al-maghribi-blu-oud-eau-de-parfum100ml\/"},"modified":"2026-04-10T13:51:37","modified_gmt":"2026-04-10T13:51:37","slug":"ahmed-al-maghribi-blu-oud-eau-de-parfum100ml","status":"publish","type":"product","link":"https:\/\/www.freeshopfrontiera.ch\/fr\/shop\/ahmed-al-maghribi-blu-oud-eau-de-parfum100ml\/","title":{"rendered":"AHMED AL MAGHRIBI Blu Oud Eau de Parfum 100ml"},"content":{"rendered":"<section class=\"text-token-text-primary w-full focus:outline-none [--shadow-height:45px] has-data-writing-block:pointer-events-none has-data-writing-block:-mt-(--shadow-height) has-data-writing-block:pt-(--shadow-height) [&amp;:has([data-writing-block])&gt;*]:pointer-events-auto scroll-mt-(--header-height)\" dir=\"auto\" data-turn-id=\"7b56024d-bb4c-4b67-b7a1-c3ec39889366\" data-testid=\"conversation-turn-25\" data-scroll-anchor=\"false\" data-turn=\"user\"><\/section>\n<section class=\"text-token-text-primary w-full focus:outline-none [--shadow-height:45px] has-data-writing-block:pointer-events-none has-data-writing-block:-mt-(--shadow-height) has-data-writing-block:pt-(--shadow-height) [&amp;:has([data-writing-block])&gt;*]:pointer-events-auto scroll-mt-[calc(var(--header-height)+min(200px,max(70px,20svh)))]\" dir=\"auto\" data-turn-id=\"request-WEB:f4538767-aaca-46e6-a469-6b5dfba73074-12\" data-testid=\"conversation-turn-26\" data-scroll-anchor=\"true\" data-turn=\"assistant\">\n<div class=\"text-base my-auto mx-auto pb-10 [--thread-content-margin:var(--thread-content-margin-xs,calc(var(--spacing)*4))] @w-sm\/main:[--thread-content-margin:var(--thread-content-margin-sm,calc(var(--spacing)*6))] @w-lg\/main:[--thread-content-margin:var(--thread-content-margin-lg,calc(var(--spacing)*16))] px-(--thread-content-margin)\">\n<div class=\"[--thread-content-max-width:40rem] @w-lg\/main:[--thread-content-max-width:48rem] mx-auto max-w-(--thread-content-max-width) flex-1 group\/turn-messages focus-visible:outline-hidden relative flex w-full min-w-0 flex-col agent-turn\">\n<div class=\"flex max-w-full flex-col gap-4 grow\">\n<div class=\"min-h-8 text-message relative flex w-full flex-col items-end gap-2 text-start break-words whitespace-normal outline-none keyboard-focused:focus-ring [.text-message+&amp;]:mt-1\" dir=\"auto\" tabindex=\"0\" data-message-author-role=\"assistant\" data-message-id=\"ce0d19e2-f327-42d3-ac79-9b92c10edb1d\" data-message-model-slug=\"gpt-5-3-mini\" data-turn-start-message=\"true\">\n<div class=\"flex w-full flex-col gap-1 empty:hidden\">\n<div class=\"markdown prose dark:prose-invert w-full wrap-break-word light markdown-new-styling\">\n<p data-start=\"2848\" data-end=\"2947\"><strong data-start=\"2848\" data-end=\"2947\">AHMED AL MAGHRIBI Blu Oud Eau de Parfum \u2013 Parfum Intense et Raffin\u00e9 \u00e0 l\u2019Oud pour Homme et Femme<\/strong><\/p>\n<p data-start=\"2949\" data-end=\"3271\">AHMED AL MAGHRIBI Blu Oud Eau de Parfum est une fragrance \u00e9l\u00e9gante et envo\u00fbtante qui c\u00e9l\u00e8bre l\u2019intensit\u00e9 pr\u00e9cieuse de l\u2019oud dans une composition moderne et sophistiqu\u00e9e. Con\u00e7u pour ceux qui aiment les parfums puissants mais \u00e9quilibr\u00e9s, ce parfum 100ml exprime caract\u00e8re, luxe et profondeur olfactive \u00e0 chaque vaporisation.<\/p>\n<p data-start=\"3273\" data-end=\"3769\">Les <strong data-start=\"3277\" data-end=\"3294\">notes de t\u00eate<\/strong> s\u2019ouvrent sur un accord frais et l\u00e9g\u00e8rement \u00e9pic\u00e9 qui apporte une luminosit\u00e9 imm\u00e9diate \u00e0 la composition, cr\u00e9ant une entr\u00e9e vibrante et s\u00e9duisante. Au <strong data-start=\"3445\" data-end=\"3469\">c\u0153ur de la fragrance<\/strong>, l\u2019oud signature se m\u00eale \u00e0 des nuances bois\u00e9es et r\u00e9sineuses, d\u00e9veloppant un parfum riche, chaud et persistant qui enveloppe les sens d\u2019une \u00e9l\u00e9gance orientale. Les <strong data-start=\"3634\" data-end=\"3651\">notes de fond<\/strong> r\u00e9v\u00e8lent un m\u00e9lange sensuel d\u2019ambre et de bois pr\u00e9cieux, offrant structure, profondeur et un sillage long et raffin\u00e9.<\/p>\n<p data-start=\"3771\" data-end=\"4126\">Blu Oud est une fragrance polyvalente, id\u00e9ale aussi bien pour le jour que pour le soir, parfaite pour les occasions sp\u00e9ciales ou pour ceux qui souhaitent laisser une signature olfactive distinctive au quotidien. Sa personnalit\u00e9 intense mais harmonieuse la rend adapt\u00e9e aussi bien aux hommes qu\u2019aux femmes \u00e0 la recherche d\u2019un parfum sophistiqu\u00e9 et moderne.<\/p>\n<p data-start=\"4128\" data-end=\"4240\" data-is-last-node=\"\" data-is-only-node=\"\">AHMED AL MAGHRIBI Blu Oud Eau de Parfum est le choix id\u00e9al pour se d\u00e9marquer avec \u00e9l\u00e9gance et charme intemporel.<\/p>\n<\/div>\n<p data-start=\"1228\" data-end=\"1349\" data-is-last-node=\"\" data-is-only-node=\"\">Follow us! <a href=\"https:\/\/www.instagram.com\/freeshopswiss\/\" target=\"_blank\" rel=\"noopener\">@freeshopswiss<\/a><\/p>\n<\/div>\n<\/div>\n<\/div>\n<\/div>\n<\/div>\n<\/section>\n","protected":false},"excerpt":{"rendered":"<p>AHMED AL MAGHRIBI Blu Oud Eau de Parfum est une fragrance \u00e9l\u00e9gante et envo\u00fbtante qui c\u00e9l\u00e8bre l\u2019intensit\u00e9 pr\u00e9cieuse de l\u2019oud dans une composition moderne et sophistiqu\u00e9e.<\/p>\n","protected":false},"featured_media":42194,"comment_status":"open","ping_status":"closed","template":"","meta":[],"pwb-brand":[4229],"product_brand":[],"product_cat":[87,109,89,4195],"product_tag":[252,296,789,1629,143,97],"class_list":{"0":"post-42198","1":"product","2":"type-product","3":"status-publish","4":"has-post-thumbnail","6":"pwb-brand-ahmed-al-maghribi","7":"product_cat-parfums","8":"product_cat-pour-elle","9":"product_cat-pour-lui","10":"product_cat-parfums-offer","11":"product_tag-eau-de-parfum-fr","12":"product_tag-femme","13":"product_tag-womens-fragrances-fr","14":"product_tag-mens-fragrances-fr","15":"product_tag-homme","16":"product_tag-parfums","18":"first","19":"instock","20":"sale","21":"taxable","22":"shipping-taxable","23":"purchasable","24":"product-type-simple"},"brands":[{"id":4229,"name":"AHMED AL MAGHRIBI","slug":"ahmed-al-maghribi"}],"_links":{"self":[{"href":"https:\/\/www.freeshopfrontiera.ch\/fr\/wp-json\/wp\/v2\/product\/42198","targetHints":{"allow":["GET"]}}],"collection":[{"href":"https:\/\/www.freeshopfrontiera.ch\/fr\/wp-json\/wp\/v2\/product"}],"about":[{"href":"https:\/\/www.freeshopfrontiera.ch\/fr\/wp-json\/wp\/v2\/types\/product"}],"replies":[{"embeddable":true,"href":"https:\/\/www.freeshopfrontiera.ch\/fr\/wp-json\/wp\/v2\/comments?post=42198"}],"version-history":[{"count":1,"href":"https:\/\/www.freeshopfrontiera.ch\/fr\/wp-json\/wp\/v2\/product\/42198\/revisions"}],"predecessor-version":[{"id":42201,"href":"https:\/\/www.freeshopfrontiera.ch\/fr\/wp-json\/wp\/v2\/product\/42198\/revisions\/42201"}],"wp:featuredmedia":[{"embeddable":true,"href":"https:\/\/www.freeshopfrontiera.ch\/fr\/wp-json\/wp\/v2\/media\/42194"}],"wp:attachment":[{"href":"https:\/\/www.freeshopfrontiera.ch\/fr\/wp-json\/wp\/v2\/media?parent=42198"}],"wp:term":[{"taxonomy":"pwb-brand","embeddable":true,"href":"https:\/\/www.freeshopfrontiera.ch\/fr\/wp-json\/wp\/v2\/pwb-brand?post=42198"},{"taxonomy":"product_brand","embeddable":true,"href":"https:\/\/www.freeshopfrontiera.ch\/fr\/wp-json\/wp\/v2\/product_brand?post=42198"},{"taxonomy":"product_cat","embeddable":true,"href":"https:\/\/www.freeshopfrontiera.ch\/fr\/wp-json\/wp\/v2\/product_cat?post=42198"},{"taxonomy":"product_tag","embeddable":true,"href":"https:\/\/www.freeshopfrontiera.ch\/fr\/wp-json\/wp\/v2\/product_tag?post=42198"}],"curies":[{"name":"wp","href":"https:\/\/api.w.org\/{rel}","templated":true}]}}