{"id":42225,"date":"2026-04-13T07:49:23","date_gmt":"2026-04-13T07:49:23","guid":{"rendered":"https:\/\/www.freeshopfrontiera.ch\/shop\/versace-dylan-blush-pink-eau-de-parfum\/"},"modified":"2026-04-13T07:51:43","modified_gmt":"2026-04-13T07:51:43","slug":"versace-dylan-blush-pink-eau-de-parfum","status":"publish","type":"product","link":"https:\/\/www.freeshopfrontiera.ch\/fr\/shop\/versace-dylan-blush-pink-eau-de-parfum\/","title":{"rendered":"VERSACE Dylan Blush Pink Eau de Parfum"},"content":{"rendered":"<p data-start=\"76\" data-end=\"160\"><strong data-start=\"76\" data-end=\"160\">Versace Dylan Blush Pink Eau de Parfum \u2013 Parfum F\u00e9minin Frais, Floral et Sensuel<\/strong><\/p>\n<p data-start=\"162\" data-end=\"476\">Versace Dylan Blush Pink Eau de Parfum est une fragrance f\u00e9minine moderne et lumineuse, con\u00e7ue pour une femme \u00e9l\u00e9gante, s\u00fbre d\u2019elle et naturellement s\u00e9duisante. Cette composition olfactive exprime une f\u00e9minit\u00e9 d\u00e9licate mais affirm\u00e9e, parfaite pour accompagner chaque moment de la journ\u00e9e avec style et fra\u00eecheur.<\/p>\n<p data-start=\"478\" data-end=\"960\">L\u2019ouverture se distingue par des notes de t\u00eate p\u00e9tillantes et vivifiantes, o\u00f9 des agrumes juteux et des accents fruit\u00e9s offrent une sensation imm\u00e9diate d\u2019\u00e9nergie et de l\u00e9g\u00e8ret\u00e9. Au c\u0153ur, un bouquet floral raffin\u00e9 se d\u00e9veloppe avec des p\u00e9tales doux et lumineux qui exaltent la gr\u00e2ce et la sensualit\u00e9 du parfum. Les notes de fond enveloppent la peau de chaleur et de profondeur gr\u00e2ce \u00e0 des bois d\u00e9licats, des muscs doux et des nuances cr\u00e9meuses qui laissent un sillage irr\u00e9sistible.<\/p>\n<p data-start=\"962\" data-end=\"1247\">Parfait pour un usage quotidien ou des occasions sp\u00e9ciales, Dylan Blush Pink s\u2019adapte \u00e0 toutes les saisons gr\u00e2ce \u00e0 son \u00e9quilibre entre fra\u00eecheur et douceur. Son style est contemporain, romantique et sophistiqu\u00e9, id\u00e9al pour celles qui recherchent un parfum polyvalent mais distinctif.<\/p>\n<p data-start=\"1249\" data-end=\"1349\">Un choix parfait pour celles qui souhaitent une fragrance f\u00e9minine \u00e9l\u00e9gante, fra\u00eeche et inoubliable.<\/p>\n<p>&nbsp;<\/p>\n<p>Follow us! <a href=\"https:\/\/www.instagram.com\/freeshopswiss\/\" target=\"_blank\" rel=\"noopener\">@freeshopswiss<\/a><\/p>\n","protected":false},"excerpt":{"rendered":"<p>Versace Dylan Blush Pink Eau de Parfum est une fragrance f\u00e9minine moderne et lumineuse, con\u00e7ue pour une femme \u00e9l\u00e9gante, s\u00fbre d\u2019elle et naturellement s\u00e9duisante.<\/p>\n","protected":false},"featured_media":42206,"comment_status":"open","ping_status":"closed","template":"","meta":[],"pwb-brand":[124],"product_brand":[],"product_cat":[87,109],"product_tag":[252,296,789,97],"class_list":{"0":"post-42225","1":"product","2":"type-product","3":"status-publish","4":"has-post-thumbnail","6":"pwb-brand-versace","7":"product_cat-parfums","8":"product_cat-pour-elle","9":"product_tag-eau-de-parfum-fr","10":"product_tag-femme","11":"product_tag-womens-fragrances-fr","12":"product_tag-parfums","14":"first","15":"instock","16":"sale","17":"taxable","18":"shipping-taxable","19":"purchasable","20":"product-type-variable","21":"has-default-attributes"},"brands":[{"id":124,"name":"Versace","slug":"versace"}],"_links":{"self":[{"href":"https:\/\/www.freeshopfrontiera.ch\/fr\/wp-json\/wp\/v2\/product\/42225","targetHints":{"allow":["GET"]}}],"collection":[{"href":"https:\/\/www.freeshopfrontiera.ch\/fr\/wp-json\/wp\/v2\/product"}],"about":[{"href":"https:\/\/www.freeshopfrontiera.ch\/fr\/wp-json\/wp\/v2\/types\/product"}],"replies":[{"embeddable":true,"href":"https:\/\/www.freeshopfrontiera.ch\/fr\/wp-json\/wp\/v2\/comments?post=42225"}],"version-history":[{"count":1,"href":"https:\/\/www.freeshopfrontiera.ch\/fr\/wp-json\/wp\/v2\/product\/42225\/revisions"}],"predecessor-version":[{"id":42233,"href":"https:\/\/www.freeshopfrontiera.ch\/fr\/wp-json\/wp\/v2\/product\/42225\/revisions\/42233"}],"wp:featuredmedia":[{"embeddable":true,"href":"https:\/\/www.freeshopfrontiera.ch\/fr\/wp-json\/wp\/v2\/media\/42206"}],"wp:attachment":[{"href":"https:\/\/www.freeshopfrontiera.ch\/fr\/wp-json\/wp\/v2\/media?parent=42225"}],"wp:term":[{"taxonomy":"pwb-brand","embeddable":true,"href":"https:\/\/www.freeshopfrontiera.ch\/fr\/wp-json\/wp\/v2\/pwb-brand?post=42225"},{"taxonomy":"product_brand","embeddable":true,"href":"https:\/\/www.freeshopfrontiera.ch\/fr\/wp-json\/wp\/v2\/product_brand?post=42225"},{"taxonomy":"product_cat","embeddable":true,"href":"https:\/\/www.freeshopfrontiera.ch\/fr\/wp-json\/wp\/v2\/product_cat?post=42225"},{"taxonomy":"product_tag","embeddable":true,"href":"https:\/\/www.freeshopfrontiera.ch\/fr\/wp-json\/wp\/v2\/product_tag?post=42225"}],"curies":[{"name":"wp","href":"https:\/\/api.w.org\/{rel}","templated":true}]}}