{"id":42251,"date":"2026-01-10T11:00:00","date_gmt":"2026-01-10T11:00:00","guid":{"rendered":"https:\/\/www.freeshopfrontiera.ch\/shop\/lacoste-l-12-12-blanc-eau-de-parfum-100ml\/"},"modified":"2026-04-13T11:03:37","modified_gmt":"2026-04-13T11:03:37","slug":"lacoste-l-12-12-blanc-eau-de-parfum-100ml","status":"publish","type":"product","link":"https:\/\/www.freeshopfrontiera.ch\/fr\/shop\/lacoste-l-12-12-blanc-eau-de-parfum-100ml\/","title":{"rendered":"LACOSTE L.12.12 Blanc Eau de Parfum 100ml"},"content":{"rendered":"<p data-start=\"2327\" data-end=\"2417\"><strong data-start=\"2327\" data-end=\"2417\">Lacoste L.12.12 Blanc Eau de Parfum 100ml \u2013 \u00c9l\u00e9gance fra\u00eeche et masculine intemporelle<\/strong><\/p>\n<p data-start=\"2419\" data-end=\"2741\">D\u00e9couvrez l\u2019essence de la sophistication sportive avec Lacoste L.12.12 Blanc Eau de Parfum, une fragrance masculine iconique qui associe fra\u00eecheur et intensit\u00e9 dans un \u00e9quilibre parfait. Inspir\u00e9 du c\u00e9l\u00e8bre polo Lacoste, ce parfum incarne un style propre, moderne et affirm\u00e9, id\u00e9al pour les hommes dynamiques et s\u00fbrs d\u2019eux.<\/p>\n<p data-start=\"2743\" data-end=\"3130\">L\u2019ouverture est lumineuse et vive gr\u00e2ce \u00e0 des notes de t\u00eate hesp\u00e9rid\u00e9es et \u00e9pic\u00e9es, offrant une \u00e9nergie imm\u00e9diate et une sensation de fra\u00eecheur raffin\u00e9e. En c\u0153ur, des notes florales et vertes \u00e9l\u00e9gantes apportent profondeur et caract\u00e8re \u00e0 la composition. Le fond se r\u00e9chauffe avec des notes bois\u00e9es et sensuelles, garantissant un sillage durable et enveloppant tout au long de la journ\u00e9e.<\/p>\n<p data-start=\"3132\" data-end=\"3417\">Lacoste L.12.12 Blanc Eau de Parfum est le choix id\u00e9al pour ceux qui recherchent une fragrance polyvalente, adapt\u00e9e aussi bien au jour qu\u2019au soir, au travail ou pendant les loisirs. Son style est frais, \u00e9l\u00e9gant et sportif, pens\u00e9 pour les hommes qui aiment se distinguer avec subtilit\u00e9.<\/p>\n<p data-start=\"3419\" data-end=\"3510\" data-is-last-node=\"\" data-is-only-node=\"\">Un parfum intemporel, symbole de classe et de simplicit\u00e9, indispensable \u00e0 toute collection.<\/p>\n<p data-start=\"1144\" data-end=\"1244\" data-is-last-node=\"\" data-is-only-node=\"\">Follow us! <a href=\"https:\/\/www.instagram.com\/freeshopswiss\/\" target=\"_blank\" rel=\"noopener\">@freeshopswiss<\/a><\/p>\n","protected":false},"excerpt":{"rendered":"<p>D\u00e9couvrez l\u2019essence de la sophistication sportive avec Lacoste L.12.12 Blanc Eau de Parfum, une fragrance masculine iconique qui associe fra\u00eecheur et intensit\u00e9 dans un \u00e9quilibre parfait.<\/p>\n","protected":false},"featured_media":42245,"comment_status":"open","ping_status":"closed","template":"","meta":[],"pwb-brand":[4878],"product_brand":[],"product_cat":[87,89,4195],"product_tag":[252,1629,143,97],"class_list":{"0":"post-42251","1":"product","2":"type-product","3":"status-publish","4":"has-post-thumbnail","6":"pwb-brand-lacoste","7":"product_cat-parfums","8":"product_cat-pour-lui","9":"product_cat-parfums-offer","10":"product_tag-eau-de-parfum-fr","11":"product_tag-mens-fragrances-fr","12":"product_tag-homme","13":"product_tag-parfums","15":"first","16":"instock","17":"sale","18":"taxable","19":"shipping-taxable","20":"purchasable","21":"product-type-simple"},"brands":[{"id":4878,"name":"Lacoste","slug":"lacoste"}],"_links":{"self":[{"href":"https:\/\/www.freeshopfrontiera.ch\/fr\/wp-json\/wp\/v2\/product\/42251","targetHints":{"allow":["GET"]}}],"collection":[{"href":"https:\/\/www.freeshopfrontiera.ch\/fr\/wp-json\/wp\/v2\/product"}],"about":[{"href":"https:\/\/www.freeshopfrontiera.ch\/fr\/wp-json\/wp\/v2\/types\/product"}],"replies":[{"embeddable":true,"href":"https:\/\/www.freeshopfrontiera.ch\/fr\/wp-json\/wp\/v2\/comments?post=42251"}],"version-history":[{"count":1,"href":"https:\/\/www.freeshopfrontiera.ch\/fr\/wp-json\/wp\/v2\/product\/42251\/revisions"}],"predecessor-version":[{"id":42255,"href":"https:\/\/www.freeshopfrontiera.ch\/fr\/wp-json\/wp\/v2\/product\/42251\/revisions\/42255"}],"wp:featuredmedia":[{"embeddable":true,"href":"https:\/\/www.freeshopfrontiera.ch\/fr\/wp-json\/wp\/v2\/media\/42245"}],"wp:attachment":[{"href":"https:\/\/www.freeshopfrontiera.ch\/fr\/wp-json\/wp\/v2\/media?parent=42251"}],"wp:term":[{"taxonomy":"pwb-brand","embeddable":true,"href":"https:\/\/www.freeshopfrontiera.ch\/fr\/wp-json\/wp\/v2\/pwb-brand?post=42251"},{"taxonomy":"product_brand","embeddable":true,"href":"https:\/\/www.freeshopfrontiera.ch\/fr\/wp-json\/wp\/v2\/product_brand?post=42251"},{"taxonomy":"product_cat","embeddable":true,"href":"https:\/\/www.freeshopfrontiera.ch\/fr\/wp-json\/wp\/v2\/product_cat?post=42251"},{"taxonomy":"product_tag","embeddable":true,"href":"https:\/\/www.freeshopfrontiera.ch\/fr\/wp-json\/wp\/v2\/product_tag?post=42251"}],"curies":[{"name":"wp","href":"https:\/\/api.w.org\/{rel}","templated":true}]}}