{"id":42264,"date":"2026-01-10T11:23:25","date_gmt":"2026-01-10T11:23:25","guid":{"rendered":"https:\/\/www.freeshopfrontiera.ch\/shop\/beauty-of-joseon-glow-deep-serum\/"},"modified":"2026-04-13T11:26:48","modified_gmt":"2026-04-13T11:26:48","slug":"beauty-of-joseon-glow-deep-serum","status":"publish","type":"product","link":"https:\/\/www.freeshopfrontiera.ch\/fr\/shop\/beauty-of-joseon-glow-deep-serum\/","title":{"rendered":"BEAUTY OF JOSEON Glow Deep Serum"},"content":{"rendered":"<p data-start=\"2837\" data-end=\"2952\"><strong data-start=\"2837\" data-end=\"2952\">Beauty of Joseon Glow Deep Serum au Riz et Alpha Arbutine 30ml \u2013 S\u00e9rum \u00e9clat pour un teint uniforme et lumineux<\/strong><\/p>\n<p data-start=\"2954\" data-end=\"3373\">D\u00e9couvrez un soin inspir\u00e9 de la cosm\u00e9tique cor\u00e9enne avec Beauty of Joseon Glow Deep Serum Rice + Alpha Arbutin, un s\u00e9rum l\u00e9ger mais hautement efficace con\u00e7u pour illuminer, uniformiser et am\u00e9liorer visiblement la texture de la peau. Enrichi en extrait de riz et en alpha arbutine, ce soin est id\u00e9al pour r\u00e9duire les taches brunes, att\u00e9nuer les irr\u00e9gularit\u00e9s pigmentaires et retrouver un teint plus lumineux et homog\u00e8ne.<\/p>\n<p data-start=\"3375\" data-end=\"3734\">La formule, d\u00e9velopp\u00e9e par <span class=\"hover:entity-accent entity-underline inline cursor-pointer align-baseline\"><span class=\"whitespace-normal\">Beauty of Joseon<\/span><\/span>, associe des ingr\u00e9dients traditionnels cor\u00e9ens \u00e0 des actifs modernes performants. L\u2019extrait de riz nourrit et hydrate la peau tout en am\u00e9liorant sa douceur et son \u00e9clat naturel, tandis que l\u2019alpha arbutine agit d\u00e9licatement sur l\u2019hyperpigmentation pour att\u00e9nuer les taches sans irriter la peau.<\/p>\n<p data-start=\"3736\" data-end=\"3993\">Sa texture fluide, l\u00e9g\u00e8re et \u00e0 absorption rapide convient \u00e0 tous les types de peau, y compris les peaux sensibles ou sujettes aux imperfections. Utilis\u00e9 quotidiennement, matin et soir, il aide \u00e0 r\u00e9v\u00e9ler une peau visiblement plus lisse, fra\u00eeche et \u00e9clatante.<\/p>\n<p data-start=\"3995\" data-end=\"4188\" data-is-last-node=\"\" data-is-only-node=\"\">Le Beauty of Joseon Glow Deep Serum est le choix parfait pour ceux qui recherchent une routine minimaliste mais efficace, inspir\u00e9e de la philosophie cor\u00e9enne d\u2019une peau naturellement lumineuse.<\/p>\n<p data-start=\"1217\" data-end=\"1469\" data-is-last-node=\"\" data-is-only-node=\"\">Follow us! <a href=\"https:\/\/www.instagram.com\/freeshopswiss\/\" target=\"_blank\" rel=\"noopener\">@freeshopswiss<\/a><\/p>\n","protected":false},"excerpt":{"rendered":"<p>D\u00e9couvrez un soin inspir\u00e9 de la cosm\u00e9tique cor\u00e9enne avec Beauty of Joseon Glow Deep Serum Rice + Alpha Arbutin, un s\u00e9rum l\u00e9ger mais hautement efficace con\u00e7u pour illuminer, uniformiser et am\u00e9liorer visiblement la texture de la peau.<\/p>\n","protected":false},"featured_media":42259,"comment_status":"open","ping_status":"closed","template":"","meta":[],"pwb-brand":[574],"product_brand":[],"product_cat":[109,295,3768,545],"product_tag":[296,3611,417,301],"class_list":{"0":"post-42264","1":"product","2":"type-product","3":"status-publish","4":"has-post-thumbnail","6":"pwb-brand-beauty-of-joseon","7":"product_cat-pour-elle","8":"product_cat-traitements","9":"product_cat-k-beauty-fr","10":"product_cat-soin-du-visage","11":"product_tag-femme","12":"product_tag-k-beauty-fr","13":"product_tag-soins-fr","14":"product_tag-soins-du-visage","16":"first","17":"instock","18":"sale","19":"taxable","20":"shipping-taxable","21":"purchasable","22":"product-type-simple"},"brands":[{"id":574,"name":"Beauty of Joseon","slug":"beauty-of-joseon"}],"_links":{"self":[{"href":"https:\/\/www.freeshopfrontiera.ch\/fr\/wp-json\/wp\/v2\/product\/42264","targetHints":{"allow":["GET"]}}],"collection":[{"href":"https:\/\/www.freeshopfrontiera.ch\/fr\/wp-json\/wp\/v2\/product"}],"about":[{"href":"https:\/\/www.freeshopfrontiera.ch\/fr\/wp-json\/wp\/v2\/types\/product"}],"replies":[{"embeddable":true,"href":"https:\/\/www.freeshopfrontiera.ch\/fr\/wp-json\/wp\/v2\/comments?post=42264"}],"version-history":[{"count":1,"href":"https:\/\/www.freeshopfrontiera.ch\/fr\/wp-json\/wp\/v2\/product\/42264\/revisions"}],"predecessor-version":[{"id":42268,"href":"https:\/\/www.freeshopfrontiera.ch\/fr\/wp-json\/wp\/v2\/product\/42264\/revisions\/42268"}],"wp:featuredmedia":[{"embeddable":true,"href":"https:\/\/www.freeshopfrontiera.ch\/fr\/wp-json\/wp\/v2\/media\/42259"}],"wp:attachment":[{"href":"https:\/\/www.freeshopfrontiera.ch\/fr\/wp-json\/wp\/v2\/media?parent=42264"}],"wp:term":[{"taxonomy":"pwb-brand","embeddable":true,"href":"https:\/\/www.freeshopfrontiera.ch\/fr\/wp-json\/wp\/v2\/pwb-brand?post=42264"},{"taxonomy":"product_brand","embeddable":true,"href":"https:\/\/www.freeshopfrontiera.ch\/fr\/wp-json\/wp\/v2\/product_brand?post=42264"},{"taxonomy":"product_cat","embeddable":true,"href":"https:\/\/www.freeshopfrontiera.ch\/fr\/wp-json\/wp\/v2\/product_cat?post=42264"},{"taxonomy":"product_tag","embeddable":true,"href":"https:\/\/www.freeshopfrontiera.ch\/fr\/wp-json\/wp\/v2\/product_tag?post=42264"}],"curies":[{"name":"wp","href":"https:\/\/api.w.org\/{rel}","templated":true}]}}