{"id":42289,"date":"2026-01-10T13:00:40","date_gmt":"2026-01-10T13:00:40","guid":{"rendered":"https:\/\/www.freeshopfrontiera.ch\/shop\/giorgio-armani-si-nude-bloom\/"},"modified":"2026-04-13T13:11:12","modified_gmt":"2026-04-13T13:11:12","slug":"giorgio-armani-si-nude-bloom","status":"publish","type":"product","link":"https:\/\/www.freeshopfrontiera.ch\/fr\/shop\/giorgio-armani-si-nude-bloom\/","title":{"rendered":"GIORGIO ARMANI Si\u00b4 Nude Bloom"},"content":{"rendered":"<section class=\"text-token-text-primary w-full focus:outline-none [--shadow-height:45px] has-data-writing-block:pointer-events-none has-data-writing-block:-mt-(--shadow-height) has-data-writing-block:pt-(--shadow-height) [&amp;:has([data-writing-block])&gt;*]:pointer-events-auto scroll-mt-(--header-height)\" dir=\"auto\" data-turn-id=\"4951c78d-acd0-4b46-a626-221f7bd31946\" data-testid=\"conversation-turn-19\" data-scroll-anchor=\"false\" data-turn=\"user\"><\/section>\n<section class=\"text-token-text-primary w-full focus:outline-none [--shadow-height:45px] has-data-writing-block:pointer-events-none has-data-writing-block:-mt-(--shadow-height) has-data-writing-block:pt-(--shadow-height) [&amp;:has([data-writing-block])&gt;*]:pointer-events-auto scroll-mt-[calc(var(--header-height)+min(200px,max(70px,20svh)))]\" dir=\"auto\" data-turn-id=\"request-WEB:a9ab2ea1-d674-45f8-a9a1-105df137b999-13\" data-testid=\"conversation-turn-20\" data-scroll-anchor=\"true\" data-turn=\"assistant\">\n<div class=\"text-base my-auto mx-auto pb-10 [--thread-content-margin:var(--thread-content-margin-xs,calc(var(--spacing)*4))] @w-sm\/main:[--thread-content-margin:var(--thread-content-margin-sm,calc(var(--spacing)*6))] @w-lg\/main:[--thread-content-margin:var(--thread-content-margin-lg,calc(var(--spacing)*16))] px-(--thread-content-margin)\">\n<div class=\"[--thread-content-max-width:40rem] @w-lg\/main:[--thread-content-max-width:48rem] mx-auto max-w-(--thread-content-max-width) flex-1 group\/turn-messages focus-visible:outline-hidden relative flex w-full min-w-0 flex-col agent-turn\">\n<div class=\"flex max-w-full flex-col gap-4 grow\">\n<div class=\"min-h-8 text-message relative flex w-full flex-col items-end gap-2 text-start break-words whitespace-normal outline-none keyboard-focused:focus-ring [.text-message+&amp;]:mt-1\" dir=\"auto\" tabindex=\"0\" data-message-author-role=\"assistant\" data-message-id=\"f6075db5-3e3b-4858-99a9-7ce0bc68362e\" data-message-model-slug=\"gpt-5-3\" data-turn-start-message=\"true\">\n<div class=\"flex w-full flex-col gap-1 empty:hidden\">\n<div class=\"markdown prose dark:prose-invert w-full wrap-break-word light markdown-new-styling\">\n<p data-start=\"2593\" data-end=\"2667\"><strong data-start=\"2593\" data-end=\"2667\">Giorgio Armani S\u00ec Nude Bloom \u2013 \u00c9l\u00e9gance d\u00e9licate et f\u00e9minit\u00e9 lumineuse<\/strong><\/p>\n<p data-start=\"2669\" data-end=\"3029\">D\u00e9couvrez la sophistication a\u00e9rienne de Giorgio Armani Si Nude Bloom, une fragrance f\u00e9minine moderne et raffin\u00e9e qui c\u00e9l\u00e8bre la beaut\u00e9 naturelle et une sensualit\u00e9 subtile. Cr\u00e9\u00e9 par la maison embl\u00e9matique <span class=\"hover:entity-accent entity-underline inline cursor-pointer align-baseline\"><span class=\"whitespace-normal\">Giorgio Armani<\/span><\/span>, ce parfum se distingue par sa composition florale lumineuse, con\u00e7ue pour sublimer la f\u00e9minit\u00e9 avec gr\u00e2ce et l\u00e9g\u00e8ret\u00e9.<\/p>\n<p data-start=\"3031\" data-end=\"3439\">L\u2019ouverture est fra\u00eeche et d\u00e9licate, avec des notes de t\u00eate l\u00e9g\u00e8res et a\u00e9riennes qui d\u00e9voilent un bouquet \u00e9l\u00e9gant et raffin\u00e9. En c\u0153ur, des notes florales douces et velout\u00e9es s\u2019\u00e9panouissent, inspir\u00e9es par la puret\u00e9 des p\u00e9tales, apportant une touche romantique et enveloppante. Le fond r\u00e9v\u00e8le des notes chaudes et musqu\u00e9es, ajoutant profondeur et une sensualit\u00e9 discr\u00e8te, pour un sillage intime et sophistiqu\u00e9.<\/p>\n<p data-start=\"3441\" data-end=\"3753\">S\u00ec Nude Bloom est le choix id\u00e9al pour les femmes qui recherchent des fragrances d\u00e9licates mais distinctives, parfaites pour un usage quotidien comme pour des occasions sp\u00e9ciales. Son style est \u00e9l\u00e9gant, minimaliste et naturel, pens\u00e9 pour celles qui souhaitent exprimer leur personnalit\u00e9 avec discr\u00e9tion et classe.<\/p>\n<p data-start=\"3755\" data-end=\"3855\" data-is-last-node=\"\" data-is-only-node=\"\">Un parfum lumineux et f\u00e9minin, symbole de puret\u00e9 et d\u2019\u00e9l\u00e9gance contemporaine, id\u00e9al en toute saison.<\/p>\n<p>&nbsp;<\/p>\n<p>Follow us! <a href=\"https:\/\/www.instagram.com\/freeshopswiss\/\" target=\"_blank\" rel=\"noopener\">@freeshopswiss<\/a><\/p>\n<\/div>\n<\/div>\n<\/div>\n<\/div>\n<\/div>\n<\/div>\n<\/section>\n","protected":false},"excerpt":{"rendered":"<p>D\u00e9couvrez la sophistication a\u00e9rienne de Giorgio Armani Si Nude Bloom, une fragrance f\u00e9minine moderne et raffin\u00e9e qui c\u00e9l\u00e8bre la beaut\u00e9 naturelle et une sensualit\u00e9 subtile.<\/p>\n","protected":false},"featured_media":42276,"comment_status":"open","ping_status":"closed","template":"","meta":[],"pwb-brand":[263],"product_brand":[],"product_cat":[87,109],"product_tag":[252,296,789,97],"class_list":{"0":"post-42289","1":"product","2":"type-product","3":"status-publish","4":"has-post-thumbnail","6":"pwb-brand-giorgio-armani","7":"product_cat-parfums","8":"product_cat-pour-elle","9":"product_tag-eau-de-parfum-fr","10":"product_tag-femme","11":"product_tag-womens-fragrances-fr","12":"product_tag-parfums","14":"first","15":"instock","16":"sale","17":"taxable","18":"shipping-taxable","19":"purchasable","20":"product-type-variable"},"brands":[{"id":263,"name":"Giorgio Armani","slug":"giorgio-armani"}],"_links":{"self":[{"href":"https:\/\/www.freeshopfrontiera.ch\/fr\/wp-json\/wp\/v2\/product\/42289","targetHints":{"allow":["GET"]}}],"collection":[{"href":"https:\/\/www.freeshopfrontiera.ch\/fr\/wp-json\/wp\/v2\/product"}],"about":[{"href":"https:\/\/www.freeshopfrontiera.ch\/fr\/wp-json\/wp\/v2\/types\/product"}],"replies":[{"embeddable":true,"href":"https:\/\/www.freeshopfrontiera.ch\/fr\/wp-json\/wp\/v2\/comments?post=42289"}],"version-history":[{"count":2,"href":"https:\/\/www.freeshopfrontiera.ch\/fr\/wp-json\/wp\/v2\/product\/42289\/revisions"}],"predecessor-version":[{"id":42300,"href":"https:\/\/www.freeshopfrontiera.ch\/fr\/wp-json\/wp\/v2\/product\/42289\/revisions\/42300"}],"wp:featuredmedia":[{"embeddable":true,"href":"https:\/\/www.freeshopfrontiera.ch\/fr\/wp-json\/wp\/v2\/media\/42276"}],"wp:attachment":[{"href":"https:\/\/www.freeshopfrontiera.ch\/fr\/wp-json\/wp\/v2\/media?parent=42289"}],"wp:term":[{"taxonomy":"pwb-brand","embeddable":true,"href":"https:\/\/www.freeshopfrontiera.ch\/fr\/wp-json\/wp\/v2\/pwb-brand?post=42289"},{"taxonomy":"product_brand","embeddable":true,"href":"https:\/\/www.freeshopfrontiera.ch\/fr\/wp-json\/wp\/v2\/product_brand?post=42289"},{"taxonomy":"product_cat","embeddable":true,"href":"https:\/\/www.freeshopfrontiera.ch\/fr\/wp-json\/wp\/v2\/product_cat?post=42289"},{"taxonomy":"product_tag","embeddable":true,"href":"https:\/\/www.freeshopfrontiera.ch\/fr\/wp-json\/wp\/v2\/product_tag?post=42289"}],"curies":[{"name":"wp","href":"https:\/\/api.w.org\/{rel}","templated":true}]}}