{"id":42407,"date":"2026-01-10T15:48:25","date_gmt":"2026-01-10T15:48:25","guid":{"rendered":"https:\/\/www.freeshopfrontiera.ch\/shop\/medicube-one-day-exosome-shot-pore-serum-7500-30ml\/"},"modified":"2026-04-13T15:53:39","modified_gmt":"2026-04-13T15:53:39","slug":"medicube-one-day-exosome-shot-pore-serum-7500-30ml","status":"publish","type":"product","link":"https:\/\/www.freeshopfrontiera.ch\/fr\/shop\/medicube-one-day-exosome-shot-pore-serum-7500-30ml\/","title":{"rendered":"MEDICUBE One Day Exosome Shot Pore Serum 7500 30ml"},"content":{"rendered":"<p data-start=\"3112\" data-end=\"3507\">D\u00e9couvrez l\u2019innovation de la skincare cor\u00e9enne avec Medicube One Day Exosome Shot Pore Serum 7500, un soin visage avanc\u00e9 con\u00e7u pour am\u00e9liorer visiblement la texture de la peau, resserrer les pores et offrir un teint plus uniforme et lumineux. D\u00e9velopp\u00e9 par Medicube, ce s\u00e9rum haute concentration est id\u00e9al pour celles et ceux qui recherchent des r\u00e9sultats intensifs et professionnels \u00e0 domicile.<\/p>\n<p data-start=\"3509\" data-end=\"3894\">La formule repose sur une technologie innovante de micro-aiguilles (spicules) issues d\u2019\u00e9ponge hydrolys\u00e9e, qui stimulent d\u00e9licatement la peau et favorisent une absorption en profondeur des actifs. Les exosomes, riches en peptides et en facteurs r\u00e9g\u00e9n\u00e9rants, contribuent \u00e0 am\u00e9liorer la qualit\u00e9 de la peau en soutenant le renouvellement cellulaire, pour une peau plus ferme et plus lisse.<\/p>\n<p data-start=\"3896\" data-end=\"4229\">Enrichi en niacinamide, le s\u00e9rum r\u00e9gule la production de s\u00e9bum et unifie le teint, tandis qu\u2019un complexe d\u2019AHA, BHA et PHA exfolie en douceur, lib\u00e9rant les pores et r\u00e9duisant imperfections et points noirs. Le panth\u00e9nol compl\u00e8te la formule avec une action apaisante et hydratante, id\u00e9ale pour r\u00e9\u00e9quilibrer la peau apr\u00e8s le traitement.<\/p>\n<p data-start=\"4231\" data-end=\"4514\">Sa texture l\u00e9g\u00e8re et \u00e0 absorption rapide procure une sensation active sur la peau, signe de son efficacit\u00e9. Parfait pour les peaux mixtes, grasses ou \u00e0 pores dilat\u00e9s, il est recommand\u00e9 pour une utilisation le soir afin d\u2019obtenir une peau plus lisse, affin\u00e9e et visiblement am\u00e9lior\u00e9e.<\/p>\n<p data-start=\"4516\" data-end=\"4640\" data-is-last-node=\"\" data-is-only-node=\"\">Un s\u00e9rum innovant et puissant, con\u00e7u pour une skincare performante et des r\u00e9sultats visibles d\u00e8s les premi\u00e8res applications.<\/p>\n<p data-start=\"1703\" data-end=\"1834\">Follow us! <a href=\"https:\/\/www.instagram.com\/freeshopswiss\/\" target=\"_blank\" rel=\"noopener\">@freeshopswiss<\/a><\/p>\n","protected":false},"excerpt":{"rendered":"<p>D\u00e9couvrez l\u2019innovation de la skincare cor\u00e9enne avec Medicube One Day Exosome Shot Pore Serum 7500, un soin visage avanc\u00e9 con\u00e7u pour am\u00e9liorer visiblement la texture de la peau, resserrer les pores et offrir un teint plus uniforme et lumineux.<\/p>\n","protected":false},"featured_media":42398,"comment_status":"open","ping_status":"closed","template":"","meta":[],"pwb-brand":[1000],"product_brand":[],"product_cat":[109,295,545],"product_tag":[296,3611,417,301],"class_list":{"0":"post-42407","1":"product","2":"type-product","3":"status-publish","4":"has-post-thumbnail","6":"pwb-brand-medicube","7":"product_cat-pour-elle","8":"product_cat-traitements","9":"product_cat-soin-du-visage","10":"product_tag-femme","11":"product_tag-k-beauty-fr","12":"product_tag-soins-fr","13":"product_tag-soins-du-visage","15":"first","16":"instock","17":"sale","18":"taxable","19":"shipping-taxable","20":"purchasable","21":"product-type-simple"},"brands":[{"id":1000,"name":"Medicube","slug":"medicube"}],"_links":{"self":[{"href":"https:\/\/www.freeshopfrontiera.ch\/fr\/wp-json\/wp\/v2\/product\/42407","targetHints":{"allow":["GET"]}}],"collection":[{"href":"https:\/\/www.freeshopfrontiera.ch\/fr\/wp-json\/wp\/v2\/product"}],"about":[{"href":"https:\/\/www.freeshopfrontiera.ch\/fr\/wp-json\/wp\/v2\/types\/product"}],"replies":[{"embeddable":true,"href":"https:\/\/www.freeshopfrontiera.ch\/fr\/wp-json\/wp\/v2\/comments?post=42407"}],"version-history":[{"count":1,"href":"https:\/\/www.freeshopfrontiera.ch\/fr\/wp-json\/wp\/v2\/product\/42407\/revisions"}],"predecessor-version":[{"id":42411,"href":"https:\/\/www.freeshopfrontiera.ch\/fr\/wp-json\/wp\/v2\/product\/42407\/revisions\/42411"}],"wp:featuredmedia":[{"embeddable":true,"href":"https:\/\/www.freeshopfrontiera.ch\/fr\/wp-json\/wp\/v2\/media\/42398"}],"wp:attachment":[{"href":"https:\/\/www.freeshopfrontiera.ch\/fr\/wp-json\/wp\/v2\/media?parent=42407"}],"wp:term":[{"taxonomy":"pwb-brand","embeddable":true,"href":"https:\/\/www.freeshopfrontiera.ch\/fr\/wp-json\/wp\/v2\/pwb-brand?post=42407"},{"taxonomy":"product_brand","embeddable":true,"href":"https:\/\/www.freeshopfrontiera.ch\/fr\/wp-json\/wp\/v2\/product_brand?post=42407"},{"taxonomy":"product_cat","embeddable":true,"href":"https:\/\/www.freeshopfrontiera.ch\/fr\/wp-json\/wp\/v2\/product_cat?post=42407"},{"taxonomy":"product_tag","embeddable":true,"href":"https:\/\/www.freeshopfrontiera.ch\/fr\/wp-json\/wp\/v2\/product_tag?post=42407"}],"curies":[{"name":"wp","href":"https:\/\/api.w.org\/{rel}","templated":true}]}}