{"id":42428,"date":"2026-04-17T07:55:20","date_gmt":"2026-04-17T07:55:20","guid":{"rendered":"https:\/\/www.freeshopfrontiera.ch\/shop\/lattafa-eclaire-banoffi-eau-de-parfum-100ml\/"},"modified":"2026-04-17T08:40:08","modified_gmt":"2026-04-17T08:40:08","slug":"lattafa-eclaire-banoffi-eau-de-parfum-100ml","status":"publish","type":"product","link":"https:\/\/www.freeshopfrontiera.ch\/fr\/shop\/lattafa-eclaire-banoffi-eau-de-parfum-100ml\/","title":{"rendered":"LATTAFA Eclaire Banoffi Eau de Parfum 100ml"},"content":{"rendered":"<div class=\"flex flex-col text-sm pb-25\">\n<section class=\"text-token-text-primary w-full focus:outline-none [--shadow-height:45px] has-data-writing-block:pointer-events-none has-data-writing-block:-mt-(--shadow-height) has-data-writing-block:pt-(--shadow-height) [&amp;:has([data-writing-block])&gt;*]:pointer-events-auto scroll-mt-[calc(var(--header-height)+min(200px,max(70px,20svh)))]\" dir=\"auto\" data-turn-id=\"request-WEB:8562524c-7915-424a-bc60-4d60121451fd-8\" data-testid=\"conversation-turn-18\" data-scroll-anchor=\"true\" data-turn=\"assistant\">\n<div class=\"text-base my-auto mx-auto pb-10 [--thread-content-margin:var(--thread-content-margin-xs,calc(var(--spacing)*4))] @w-sm\/main:[--thread-content-margin:var(--thread-content-margin-sm,calc(var(--spacing)*6))] @w-lg\/main:[--thread-content-margin:var(--thread-content-margin-lg,calc(var(--spacing)*16))] px-(--thread-content-margin)\">\n<div class=\"[--thread-content-max-width:40rem] @w-lg\/main:[--thread-content-max-width:48rem] mx-auto max-w-(--thread-content-max-width) flex-1 group\/turn-messages focus-visible:outline-hidden relative flex w-full min-w-0 flex-col agent-turn\">\n<div class=\"flex max-w-full flex-col gap-4 grow\">\n<div class=\"min-h-8 text-message relative flex w-full flex-col items-end gap-2 text-start break-words whitespace-normal outline-none keyboard-focused:focus-ring [.text-message+&amp;]:mt-1\" dir=\"auto\" tabindex=\"0\" data-message-author-role=\"assistant\" data-message-id=\"c4696965-b9ce-4a80-bdff-e5c16f2900f9\" data-message-model-slug=\"gpt-5-3\" data-turn-start-message=\"true\">\n<div class=\"flex w-full flex-col gap-1 empty:hidden\">\n<div class=\"markdown prose dark:prose-invert w-full wrap-break-word light markdown-new-styling\">\n<p data-start=\"1968\" data-end=\"2056\"><strong data-start=\"1968\" data-end=\"2056\">Lattafa Eclaire Banoffi Eau de Parfum 100ml \u2013 Parfum Gourmand Intense et Enveloppant<\/strong><\/p>\n<p data-start=\"2058\" data-end=\"2611\">Laissez-vous s\u00e9duire par Lattafa Eclaire Banoffi Eau de Parfum 100ml, un parfum gourmand irr\u00e9sistible qui exprime douceur et caract\u00e8re \u00e0 chaque pulv\u00e9risation. L\u2019ouverture s\u00e9duit avec des notes cr\u00e9meuses et gourmandes, o\u00f9 le caramel et la banane se m\u00ealent dans un accord doux et enveloppant. Au c\u0153ur, des nuances lact\u00e9es et vanill\u00e9es apportent profondeur et sensualit\u00e9, cr\u00e9ant un \u00e9quilibre parfait entre douceur et \u00e9l\u00e9gance. Le fond est chaud et persistant, avec des touches de sucre caram\u00e9lis\u00e9 et des nuances ambr\u00e9es qui enveloppent la peau durablement.<\/p>\n<p data-start=\"2613\" data-end=\"2917\" data-is-last-node=\"\" data-is-only-node=\"\">Id\u00e9al pour les amateurs de parfums intenses et enveloppants, Eclaire Banoffi se distingue par sa personnalit\u00e9 unique et s\u00e9duisante, parfaite pour les saisons froides ou les soir\u00e9es sp\u00e9ciales. Un parfum qui laisse une empreinte m\u00e9morable et transforme chaque instant en une exp\u00e9rience olfactive gourmande.<\/p>\n<\/div>\n<\/div>\n<\/div>\n<\/div>\n<div class=\"z-0 flex min-h-[46px] justify-start\"><\/div>\n<div class=\"mt-3 w-full empty:hidden\">\n<div class=\"text-center\">Follow us! <a href=\"https:\/\/www.instagram.com\/freeshopswiss\/\" target=\"_blank\" rel=\"noopener\">@freeshopswiss<\/a><\/div>\n<\/div>\n<\/div>\n<\/div>\n<\/section>\n<\/div>\n<div class=\"pointer-events-none h-px w-px absolute bottom-0\" aria-hidden=\"true\" data-edge=\"true\"><\/div>\n","protected":false},"excerpt":{"rendered":"<p>Laissez-vous s\u00e9duire par Lattafa Eclaire Banoffi Eau de Parfum 100ml, un parfum gourmand irr\u00e9sistible qui exprime douceur et caract\u00e8re \u00e0 chaque pulv\u00e9risation.<\/p>\n","protected":false},"featured_media":42423,"comment_status":"open","ping_status":"closed","template":"","meta":[],"pwb-brand":[772],"product_brand":[],"product_cat":[138,87,89,4195],"product_tag":[252,296,789,1629,143,97,594],"class_list":{"0":"post-42428","1":"product","2":"type-product","3":"status-publish","4":"has-post-thumbnail","6":"pwb-brand-lattafa","7":"product_cat-offre","8":"product_cat-parfums","9":"product_cat-pour-lui","10":"product_cat-parfums-offer","11":"product_tag-eau-de-parfum-fr","12":"product_tag-femme","13":"product_tag-womens-fragrances-fr","14":"product_tag-mens-fragrances-fr","15":"product_tag-homme","16":"product_tag-parfums","17":"product_tag-unisex-fr-2","19":"first","20":"instock","21":"sale","22":"taxable","23":"shipping-taxable","24":"purchasable","25":"product-type-simple"},"brands":[{"id":772,"name":"Lattafa","slug":"lattafa"}],"_links":{"self":[{"href":"https:\/\/www.freeshopfrontiera.ch\/fr\/wp-json\/wp\/v2\/product\/42428","targetHints":{"allow":["GET"]}}],"collection":[{"href":"https:\/\/www.freeshopfrontiera.ch\/fr\/wp-json\/wp\/v2\/product"}],"about":[{"href":"https:\/\/www.freeshopfrontiera.ch\/fr\/wp-json\/wp\/v2\/types\/product"}],"replies":[{"embeddable":true,"href":"https:\/\/www.freeshopfrontiera.ch\/fr\/wp-json\/wp\/v2\/comments?post=42428"}],"version-history":[{"count":1,"href":"https:\/\/www.freeshopfrontiera.ch\/fr\/wp-json\/wp\/v2\/product\/42428\/revisions"}],"predecessor-version":[{"id":42432,"href":"https:\/\/www.freeshopfrontiera.ch\/fr\/wp-json\/wp\/v2\/product\/42428\/revisions\/42432"}],"wp:featuredmedia":[{"embeddable":true,"href":"https:\/\/www.freeshopfrontiera.ch\/fr\/wp-json\/wp\/v2\/media\/42423"}],"wp:attachment":[{"href":"https:\/\/www.freeshopfrontiera.ch\/fr\/wp-json\/wp\/v2\/media?parent=42428"}],"wp:term":[{"taxonomy":"pwb-brand","embeddable":true,"href":"https:\/\/www.freeshopfrontiera.ch\/fr\/wp-json\/wp\/v2\/pwb-brand?post=42428"},{"taxonomy":"product_brand","embeddable":true,"href":"https:\/\/www.freeshopfrontiera.ch\/fr\/wp-json\/wp\/v2\/product_brand?post=42428"},{"taxonomy":"product_cat","embeddable":true,"href":"https:\/\/www.freeshopfrontiera.ch\/fr\/wp-json\/wp\/v2\/product_cat?post=42428"},{"taxonomy":"product_tag","embeddable":true,"href":"https:\/\/www.freeshopfrontiera.ch\/fr\/wp-json\/wp\/v2\/product_tag?post=42428"}],"curies":[{"name":"wp","href":"https:\/\/api.w.org\/{rel}","templated":true}]}}