{"id":42441,"date":"2026-04-17T08:46:10","date_gmt":"2026-04-17T08:46:10","guid":{"rendered":"https:\/\/www.freeshopfrontiera.ch\/shop\/lattafa-eclaire-pistache-eau-de-parfum-100ml\/"},"modified":"2026-04-17T08:48:46","modified_gmt":"2026-04-17T08:48:46","slug":"lattafa-eclaire-pistache-eau-de-parfum-100ml","status":"publish","type":"product","link":"https:\/\/www.freeshopfrontiera.ch\/fr\/shop\/lattafa-eclaire-pistache-eau-de-parfum-100ml\/","title":{"rendered":"LATTAFA Eclaire Pistache Eau de Parfum 100ml"},"content":{"rendered":"<p data-start=\"1945\" data-end=\"2033\"><strong data-start=\"1945\" data-end=\"2033\">Lattafa Eclaire Pistache Eau de Parfum 100ml \u2013 Parfum Gourmand Cr\u00e9meux \u00e0 la Pistache<\/strong><\/p>\n<p data-start=\"2035\" data-end=\"2611\">Laissez-vous envelopper par Lattafa Eclaire Pistache Eau de Parfum, un parfum gourmand riche et velout\u00e9 qui c\u00e9l\u00e8bre la douceur \u00e9l\u00e9gante de la pistache. L\u2019ouverture r\u00e9v\u00e8le un accord cr\u00e9meux et gourmand, o\u00f9 la pistache se m\u00eale \u00e0 des nuances lact\u00e9es et de l\u00e9g\u00e8res touches sucr\u00e9es, cr\u00e9ant une sensation douce et enveloppante. Au c\u0153ur, des notes cr\u00e9meuses et vanill\u00e9es apportent profondeur et sensualit\u00e9, renfor\u00e7ant le c\u00f4t\u00e9 r\u00e9confortant de la composition. Le fond est chaud et persistant, avec des accents ambr\u00e9s et de sucre caram\u00e9lis\u00e9 qui laissent un sillage d\u00e9licat mais durable.<\/p>\n<p data-start=\"2613\" data-end=\"2877\" data-is-last-node=\"\" data-is-only-node=\"\">Id\u00e9al pour les amateurs de parfums doux, sophistiqu\u00e9s et r\u00e9confortants, Eclaire Pistache est parfait pour les saisons froides ou les moments cocooning. Un parfum gourmand unisex moderne, pens\u00e9 pour ceux qui recherchent originalit\u00e9 et douceur en une seule cr\u00e9ation.<\/p>\n<p>Follow us! <a href=\"https:\/\/www.instagram.com\/freeshopswiss\/\" target=\"_blank\" rel=\"noopener\">@freeshopswiss<\/a><\/p>\n","protected":false},"excerpt":{"rendered":"<p>Laissez-vous envelopper par Lattafa Eclaire Pistache Eau de Parfum, un parfum gourmand riche et velout\u00e9 qui c\u00e9l\u00e8bre la douceur \u00e9l\u00e9gante de la pistache.<\/p>\n","protected":false},"featured_media":42436,"comment_status":"open","ping_status":"closed","template":"","meta":[],"pwb-brand":[772],"product_brand":[],"product_cat":[87,109,89,4195],"product_tag":[252,296,789,1629,97,594],"class_list":{"0":"post-42441","1":"product","2":"type-product","3":"status-publish","4":"has-post-thumbnail","6":"pwb-brand-lattafa","7":"product_cat-parfums","8":"product_cat-pour-elle","9":"product_cat-pour-lui","10":"product_cat-parfums-offer","11":"product_tag-eau-de-parfum-fr","12":"product_tag-femme","13":"product_tag-womens-fragrances-fr","14":"product_tag-mens-fragrances-fr","15":"product_tag-parfums","16":"product_tag-unisex-fr-2","18":"first","19":"instock","20":"sale","21":"taxable","22":"shipping-taxable","23":"purchasable","24":"product-type-simple"},"brands":[{"id":772,"name":"Lattafa","slug":"lattafa"}],"_links":{"self":[{"href":"https:\/\/www.freeshopfrontiera.ch\/fr\/wp-json\/wp\/v2\/product\/42441","targetHints":{"allow":["GET"]}}],"collection":[{"href":"https:\/\/www.freeshopfrontiera.ch\/fr\/wp-json\/wp\/v2\/product"}],"about":[{"href":"https:\/\/www.freeshopfrontiera.ch\/fr\/wp-json\/wp\/v2\/types\/product"}],"replies":[{"embeddable":true,"href":"https:\/\/www.freeshopfrontiera.ch\/fr\/wp-json\/wp\/v2\/comments?post=42441"}],"version-history":[{"count":1,"href":"https:\/\/www.freeshopfrontiera.ch\/fr\/wp-json\/wp\/v2\/product\/42441\/revisions"}],"predecessor-version":[{"id":42444,"href":"https:\/\/www.freeshopfrontiera.ch\/fr\/wp-json\/wp\/v2\/product\/42441\/revisions\/42444"}],"wp:featuredmedia":[{"embeddable":true,"href":"https:\/\/www.freeshopfrontiera.ch\/fr\/wp-json\/wp\/v2\/media\/42436"}],"wp:attachment":[{"href":"https:\/\/www.freeshopfrontiera.ch\/fr\/wp-json\/wp\/v2\/media?parent=42441"}],"wp:term":[{"taxonomy":"pwb-brand","embeddable":true,"href":"https:\/\/www.freeshopfrontiera.ch\/fr\/wp-json\/wp\/v2\/pwb-brand?post=42441"},{"taxonomy":"product_brand","embeddable":true,"href":"https:\/\/www.freeshopfrontiera.ch\/fr\/wp-json\/wp\/v2\/product_brand?post=42441"},{"taxonomy":"product_cat","embeddable":true,"href":"https:\/\/www.freeshopfrontiera.ch\/fr\/wp-json\/wp\/v2\/product_cat?post=42441"},{"taxonomy":"product_tag","embeddable":true,"href":"https:\/\/www.freeshopfrontiera.ch\/fr\/wp-json\/wp\/v2\/product_tag?post=42441"}],"curies":[{"name":"wp","href":"https:\/\/api.w.org\/{rel}","templated":true}]}}