{"id":42482,"date":"2026-04-17T10:21:17","date_gmt":"2026-04-17T10:21:17","guid":{"rendered":"https:\/\/www.freeshopfrontiera.ch\/shop\/medicube-glutathione-glow-capsule-cream-50ml\/"},"modified":"2026-04-17T10:25:48","modified_gmt":"2026-04-17T10:25:48","slug":"medicube-glutathione-glow-capsule-cream-50ml","status":"publish","type":"product","link":"https:\/\/www.freeshopfrontiera.ch\/fr\/shop\/medicube-glutathione-glow-capsule-cream-50ml\/","title":{"rendered":"MEDICUBE Glutathione Glow Capsule Cream 50ml"},"content":{"rendered":"<p data-start=\"0\" data-end=\"138\"><strong data-start=\"20\" data-end=\"138\">MEDICUBE AGE-R Glutathione Glow Capsule Cream 50ml \u2013 Cr\u00e8me visage illuminateur anti-\u00e2ge aux capsules de glutathion<\/strong><\/p>\n<p data-start=\"140\" data-end=\"517\">MEDICUBE AGE-R Glutathione Glow Capsule Cream est une cr\u00e8me visage en capsules \u00e0 la texture l\u00e9g\u00e8re et fra\u00eeche, con\u00e7ue pour illuminer la peau et lutter contre les signes du vieillissement cutan\u00e9. Sa formule est enrichie en glutathion pur \u00e0 99,4 %, un puissant antioxydant qui aide \u00e0 prot\u00e9ger la peau du stress oxydatif et favorise un teint plus uniforme, \u00e9clatant et revitalis\u00e9.<\/p>\n<p data-start=\"519\" data-end=\"781\">Elle contribue \u00e0 r\u00e9duire l\u2019apparence des taches pigmentaires li\u00e9es \u00e0 l\u2019\u00e2ge, \u00e0 am\u00e9liorer le grain de peau et \u00e0 att\u00e9nuer les rides fines, pour un visage plus lisse et plus ferme. Avec une utilisation r\u00e9guli\u00e8re, la peau para\u00eet plus tonique et visiblement red\u00e9finie.<\/p>\n<p data-start=\"783\" data-end=\"1036\">La formule est enrichie en Pro Peptide et Elastic Peptide, qui soutiennent la structure cutan\u00e9e et am\u00e9liorent l\u2019\u00e9lasticit\u00e9 et la nutrition de la peau. Le complexe Hydro Ceramide renforce la barri\u00e8re cutan\u00e9e et assure une hydratation profonde et durable.<\/p>\n<p data-start=\"1038\" data-end=\"1235\">Sa texture gel l\u00e9g\u00e8re p\u00e9n\u00e8tre rapidement sans effet gras, procurant une sensation imm\u00e9diate de fra\u00eecheur. Test\u00e9e dermatologiquement et hypoallerg\u00e9nique, elle convient \u00e9galement aux peaux sensibles.<\/p>\n<p data-start=\"1237\" data-end=\"1434\">Id\u00e9ale pour celles et ceux qui recherchent un soin anti-\u00e2ge l\u00e9ger mais efficace, elle convient \u00e0 tous les types de peau, en particulier aux peaux mixtes \u00e0 grasses en qu\u00eate d\u2019hydratation et d\u2019\u00e9clat.<\/p>\n<div class=\"flex flex-col text-sm\">\n<section class=\"text-token-text-primary w-full focus:outline-none [--shadow-height:45px] has-data-writing-block:pointer-events-none has-data-writing-block:-mt-(--shadow-height) has-data-writing-block:pt-(--shadow-height) [&amp;:has([data-writing-block])&gt;*]:pointer-events-auto scroll-mt-[calc(var(--header-height)+min(200px,max(70px,20svh)))]\" dir=\"auto\" data-turn-id=\"request-WEB:8562524c-7915-424a-bc60-4d60121451fd-18\" data-testid=\"conversation-turn-38\" data-scroll-anchor=\"true\" data-turn=\"assistant\">\n<div class=\"text-base my-auto mx-auto pb-10 [--thread-content-margin:var(--thread-content-margin-xs,calc(var(--spacing)*4))] @w-sm\/main:[--thread-content-margin:var(--thread-content-margin-sm,calc(var(--spacing)*6))] @w-lg\/main:[--thread-content-margin:var(--thread-content-margin-lg,calc(var(--spacing)*16))] px-(--thread-content-margin)\">\n<div class=\"[--thread-content-max-width:40rem] @w-lg\/main:[--thread-content-max-width:48rem] mx-auto max-w-(--thread-content-max-width) flex-1 group\/turn-messages focus-visible:outline-hidden relative flex w-full min-w-0 flex-col agent-turn\">\n<div class=\"z-0 flex min-h-[46px] justify-start\"><\/div>\n<div class=\"mt-3 w-full empty:hidden\">\n<div class=\"text-center\"><\/div>\n<\/div>\n<\/div>\n<\/div>\n<\/section>\n<\/div>\n<div class=\"pointer-events-none h-px w-px absolute bottom-0\" aria-hidden=\"true\" data-edge=\"true\"><\/div>\n<div class=\"flex flex-col text-sm pb-25\">\n<section class=\"text-token-text-primary w-full focus:outline-none [--shadow-height:45px] has-data-writing-block:pointer-events-none has-data-writing-block:-mt-(--shadow-height) has-data-writing-block:pt-(--shadow-height) [&amp;:has([data-writing-block])&gt;*]:pointer-events-auto scroll-mt-[calc(var(--header-height)+min(200px,max(70px,20svh)))]\" dir=\"auto\" data-turn-id=\"request-WEB:8562524c-7915-424a-bc60-4d60121451fd-8\" data-testid=\"conversation-turn-18\" data-scroll-anchor=\"true\" data-turn=\"assistant\">\n<div class=\"text-base my-auto mx-auto pb-10 [--thread-content-margin:var(--thread-content-margin-xs,calc(var(--spacing)*4))] @w-sm\/main:[--thread-content-margin:var(--thread-content-margin-sm,calc(var(--spacing)*6))] @w-lg\/main:[--thread-content-margin:var(--thread-content-margin-lg,calc(var(--spacing)*16))] px-(--thread-content-margin)\">\n<div class=\"[--thread-content-max-width:40rem] @w-lg\/main:[--thread-content-max-width:48rem] mx-auto max-w-(--thread-content-max-width) flex-1 group\/turn-messages focus-visible:outline-hidden relative flex w-full min-w-0 flex-col agent-turn\">\n<div class=\"mt-3 w-full empty:hidden\">\n<div class=\"text-center\">Follow us! <a href=\"https:\/\/www.instagram.com\/freeshopswiss\/\" target=\"_blank\" rel=\"noopener\">@freeshopswiss<\/a><\/div>\n<\/div>\n<\/div>\n<\/div>\n<\/section>\n<\/div>\n<div class=\"pointer-events-none h-px w-px absolute bottom-0\" aria-hidden=\"true\" data-edge=\"true\"><\/div>\n","protected":false},"excerpt":{"rendered":"<p>MEDICUBE AGE-R Glutathione Glow Capsule Cream est une cr\u00e8me visage en capsules \u00e0 la texture l\u00e9g\u00e8re et fra\u00eeche, con\u00e7ue pour illuminer la peau et lutter contre les signes du vieillissement cutan\u00e9.<\/p>\n","protected":false},"featured_media":42473,"comment_status":"open","ping_status":"closed","template":"","meta":[],"pwb-brand":[1000],"product_brand":[],"product_cat":[109,295,3768,545],"product_tag":[296,3611,417,301],"class_list":{"0":"post-42482","1":"product","2":"type-product","3":"status-publish","4":"has-post-thumbnail","6":"pwb-brand-medicube","7":"product_cat-pour-elle","8":"product_cat-traitements","9":"product_cat-k-beauty-fr","10":"product_cat-soin-du-visage","11":"product_tag-femme","12":"product_tag-k-beauty-fr","13":"product_tag-soins-fr","14":"product_tag-soins-du-visage","16":"first","17":"instock","18":"sale","19":"taxable","20":"shipping-taxable","21":"purchasable","22":"product-type-simple"},"brands":[{"id":1000,"name":"Medicube","slug":"medicube"}],"_links":{"self":[{"href":"https:\/\/www.freeshopfrontiera.ch\/fr\/wp-json\/wp\/v2\/product\/42482","targetHints":{"allow":["GET"]}}],"collection":[{"href":"https:\/\/www.freeshopfrontiera.ch\/fr\/wp-json\/wp\/v2\/product"}],"about":[{"href":"https:\/\/www.freeshopfrontiera.ch\/fr\/wp-json\/wp\/v2\/types\/product"}],"replies":[{"embeddable":true,"href":"https:\/\/www.freeshopfrontiera.ch\/fr\/wp-json\/wp\/v2\/comments?post=42482"}],"version-history":[{"count":2,"href":"https:\/\/www.freeshopfrontiera.ch\/fr\/wp-json\/wp\/v2\/product\/42482\/revisions"}],"predecessor-version":[{"id":42486,"href":"https:\/\/www.freeshopfrontiera.ch\/fr\/wp-json\/wp\/v2\/product\/42482\/revisions\/42486"}],"wp:featuredmedia":[{"embeddable":true,"href":"https:\/\/www.freeshopfrontiera.ch\/fr\/wp-json\/wp\/v2\/media\/42473"}],"wp:attachment":[{"href":"https:\/\/www.freeshopfrontiera.ch\/fr\/wp-json\/wp\/v2\/media?parent=42482"}],"wp:term":[{"taxonomy":"pwb-brand","embeddable":true,"href":"https:\/\/www.freeshopfrontiera.ch\/fr\/wp-json\/wp\/v2\/pwb-brand?post=42482"},{"taxonomy":"product_brand","embeddable":true,"href":"https:\/\/www.freeshopfrontiera.ch\/fr\/wp-json\/wp\/v2\/product_brand?post=42482"},{"taxonomy":"product_cat","embeddable":true,"href":"https:\/\/www.freeshopfrontiera.ch\/fr\/wp-json\/wp\/v2\/product_cat?post=42482"},{"taxonomy":"product_tag","embeddable":true,"href":"https:\/\/www.freeshopfrontiera.ch\/fr\/wp-json\/wp\/v2\/product_tag?post=42482"}],"curies":[{"name":"wp","href":"https:\/\/api.w.org\/{rel}","templated":true}]}}