{"id":42501,"date":"2026-01-10T08:11:02","date_gmt":"2026-01-10T08:11:02","guid":{"rendered":"https:\/\/www.freeshopfrontiera.ch\/shop\/lattafa-badee-al-oud-honor-glory-100ml\/"},"modified":"2026-04-20T08:14:06","modified_gmt":"2026-04-20T08:14:06","slug":"lattafa-badee-al-oud-honor-glory-100ml","status":"publish","type":"product","link":"https:\/\/www.freeshopfrontiera.ch\/fr\/shop\/lattafa-badee-al-oud-honor-glory-100ml\/","title":{"rendered":"LATTAFA Badee Al Oud Honor &#038; Glory 100ml"},"content":{"rendered":"<p data-start=\"2613\" data-end=\"2731\"><strong data-start=\"2633\" data-end=\"2731\">Lattafa Badee Al Oud Honor &amp; Glory Eau de Parfum 100ml \u2013 Parfum Gourmand \u00c9pic\u00e9 de Luxe Unisexe<\/strong><\/p>\n<p data-start=\"2733\" data-end=\"3099\">D\u00e9couvrez l\u2019\u00e9l\u00e9gance enveloppante de Lattafa Badee Al Oud Honor &amp; Glory, une fragrance intense et sophistiqu\u00e9e qui incarne le charme de la parfumerie orientale moderne. Con\u00e7u pour les hommes et les femmes qui souhaitent se d\u00e9marquer, ce parfum associe des notes sucr\u00e9es, \u00e9pic\u00e9es et bois\u00e9es dans une composition irr\u00e9sistible, laissant un sillage m\u00e9morable et raffin\u00e9.<\/p>\n<p data-start=\"3101\" data-end=\"3555\">L\u2019ouverture surprend avec un accord gourmand et lumineux d\u2019ananas et de cr\u00e8me br\u00fbl\u00e9e, apportant imm\u00e9diatement une touche s\u00e9duisante et d\u00e9licieuse. Le c\u0153ur \u00e9volue vers un m\u00e9lange chaud et \u00e9pic\u00e9 de cannelle, curcuma, benjoin et poivre noir, cr\u00e9ant profondeur et \u00e9l\u00e9gance captivante. En fond, la fragrance repose sur une base cr\u00e9meuse et persistante de vanille, bois de santal, cashmeran et musc, offrant confort, sensualit\u00e9 et excellente tenue sur la peau.<\/p>\n<p data-start=\"3557\" data-end=\"3886\" data-is-last-node=\"\" data-is-only-node=\"\">Parfait pour les saisons plus fra\u00eeches ou les soir\u00e9es sp\u00e9ciales, Honor &amp; Glory est un parfum qui exprime personnalit\u00e9, luxe et confiance. Sa signature gourmande et \u00e9pic\u00e9e en fait le choix id\u00e9al pour ceux qui aiment les fragrances sucr\u00e9es mais structur\u00e9es, jamais banales, avec un \u00e9quilibre parfait entre intensit\u00e9 et portabilit\u00e9.<\/p>\n<p data-start=\"980\" data-end=\"1272\">Follow us! <a href=\"https:\/\/www.instagram.com\/freeshopswiss\/\" target=\"_blank\" rel=\"noopener\">@freeshopswiss<\/a><\/p>\n","protected":false},"excerpt":{"rendered":"<p>D\u00e9couvrez l\u2019\u00e9l\u00e9gance enveloppante de Lattafa Badee Al Oud Honor &amp; Glory, une fragrance intense et sophistiqu\u00e9e qui incarne le charme de la parfumerie orientale moderne.<\/p>\n","protected":false},"featured_media":42496,"comment_status":"open","ping_status":"closed","template":"","meta":[],"pwb-brand":[772],"product_brand":[],"product_cat":[87,109,89],"product_tag":[252,296,789,1629,143,97,594],"class_list":{"0":"post-42501","1":"product","2":"type-product","3":"status-publish","4":"has-post-thumbnail","6":"pwb-brand-lattafa","7":"product_cat-parfums","8":"product_cat-pour-elle","9":"product_cat-pour-lui","10":"product_tag-eau-de-parfum-fr","11":"product_tag-femme","12":"product_tag-womens-fragrances-fr","13":"product_tag-mens-fragrances-fr","14":"product_tag-homme","15":"product_tag-parfums","16":"product_tag-unisex-fr-2","18":"first","19":"instock","20":"sale","21":"taxable","22":"shipping-taxable","23":"purchasable","24":"product-type-simple"},"brands":[{"id":772,"name":"Lattafa","slug":"lattafa"}],"_links":{"self":[{"href":"https:\/\/www.freeshopfrontiera.ch\/fr\/wp-json\/wp\/v2\/product\/42501","targetHints":{"allow":["GET"]}}],"collection":[{"href":"https:\/\/www.freeshopfrontiera.ch\/fr\/wp-json\/wp\/v2\/product"}],"about":[{"href":"https:\/\/www.freeshopfrontiera.ch\/fr\/wp-json\/wp\/v2\/types\/product"}],"replies":[{"embeddable":true,"href":"https:\/\/www.freeshopfrontiera.ch\/fr\/wp-json\/wp\/v2\/comments?post=42501"}],"version-history":[{"count":1,"href":"https:\/\/www.freeshopfrontiera.ch\/fr\/wp-json\/wp\/v2\/product\/42501\/revisions"}],"predecessor-version":[{"id":42505,"href":"https:\/\/www.freeshopfrontiera.ch\/fr\/wp-json\/wp\/v2\/product\/42501\/revisions\/42505"}],"wp:featuredmedia":[{"embeddable":true,"href":"https:\/\/www.freeshopfrontiera.ch\/fr\/wp-json\/wp\/v2\/media\/42496"}],"wp:attachment":[{"href":"https:\/\/www.freeshopfrontiera.ch\/fr\/wp-json\/wp\/v2\/media?parent=42501"}],"wp:term":[{"taxonomy":"pwb-brand","embeddable":true,"href":"https:\/\/www.freeshopfrontiera.ch\/fr\/wp-json\/wp\/v2\/pwb-brand?post=42501"},{"taxonomy":"product_brand","embeddable":true,"href":"https:\/\/www.freeshopfrontiera.ch\/fr\/wp-json\/wp\/v2\/product_brand?post=42501"},{"taxonomy":"product_cat","embeddable":true,"href":"https:\/\/www.freeshopfrontiera.ch\/fr\/wp-json\/wp\/v2\/product_cat?post=42501"},{"taxonomy":"product_tag","embeddable":true,"href":"https:\/\/www.freeshopfrontiera.ch\/fr\/wp-json\/wp\/v2\/product_tag?post=42501"}],"curies":[{"name":"wp","href":"https:\/\/api.w.org\/{rel}","templated":true}]}}