{"id":42522,"date":"2026-01-10T10:02:50","date_gmt":"2026-01-10T10:02:50","guid":{"rendered":"https:\/\/www.freeshopfrontiera.ch\/shop\/medicube-pdrn-pink-peptide-serum-30ml\/"},"modified":"2026-04-20T10:06:33","modified_gmt":"2026-04-20T10:06:33","slug":"medicube-pdrn-pink-peptide-serum-30ml","status":"publish","type":"product","link":"https:\/\/www.freeshopfrontiera.ch\/fr\/shop\/medicube-pdrn-pink-peptide-serum-30ml\/","title":{"rendered":"MEDICUBE PDRN Pink Peptide Serum 30ml"},"content":{"rendered":"<p data-start=\"1074\" data-end=\"1175\"><strong data-start=\"1074\" data-end=\"1175\">Medicube PDRN Pink Peptide Serum 30ml \u2013 S\u00e9rum R\u00e9g\u00e9n\u00e9rant et \u00c9claircissant pour une Peau Lumineuse<\/strong><\/p>\n<p data-start=\"1177\" data-end=\"1474\">Le Medicube PDRN Pink Peptide Serum 30ml est un soin innovant con\u00e7u pour am\u00e9liorer la texture, l\u2019\u00e9clat et la fermet\u00e9 de la peau. Formul\u00e9 avec du <strong data-start=\"1322\" data-end=\"1346\">PDRN (ADN de saumon)<\/strong> et des <strong data-start=\"1354\" data-end=\"1380\">peptides biomim\u00e9tiques<\/strong>, il stimule le processus naturel de r\u00e9g\u00e9n\u00e9ration cutan\u00e9e et am\u00e9liore l\u2019\u00e9lasticit\u00e9 de la peau.<\/p>\n<p data-start=\"1476\" data-end=\"1715\">Sa texture l\u00e9g\u00e8re et rapidement absorb\u00e9e hydrate en profondeur sans effet gras, convenant \u00e0 tous les types de peau, m\u00eame sensibles. Le s\u00e9rum aide \u00e0 r\u00e9duire les signes de fatigue, lisser les ridules et redonner un teint rebondi et lumineux.<\/p>\n<p data-start=\"1717\" data-end=\"1935\">Enrichi en actifs apaisants et hydratants, il renforce la barri\u00e8re cutan\u00e9e et prot\u00e8ge contre les agressions ext\u00e9rieures. Avec une utilisation r\u00e9guli\u00e8re, la peau devient plus uniforme, \u00e9clatante et visiblement rajeunie.<\/p>\n<p data-start=\"1937\" data-end=\"2048\">Id\u00e9al matin et soir avant la cr\u00e8me hydratante, il s\u2019int\u00e8gre parfaitement dans une routine skincare quotidienne.<\/p>\n<p data-start=\"1358\" data-end=\"1472\" data-is-last-node=\"\" data-is-only-node=\"\">Follow us! <a href=\"https:\/\/www.instagram.com\/freeshopswiss\/\" target=\"_blank\" rel=\"noopener\">@freeshopswiss<\/a><\/p>\n","protected":false},"excerpt":{"rendered":"<p>Le Medicube PDRN Pink Peptide Serum 30ml est un soin innovant con\u00e7u pour am\u00e9liorer la texture, l\u2019\u00e9clat et la fermet\u00e9 de la peau.<\/p>\n","protected":false},"featured_media":42513,"comment_status":"open","ping_status":"closed","template":"","meta":[],"pwb-brand":[1000],"product_brand":[],"product_cat":[109,295,3768,545],"product_tag":[296,3611,417,301],"class_list":{"0":"post-42522","1":"product","2":"type-product","3":"status-publish","4":"has-post-thumbnail","6":"pwb-brand-medicube","7":"product_cat-pour-elle","8":"product_cat-traitements","9":"product_cat-k-beauty-fr","10":"product_cat-soin-du-visage","11":"product_tag-femme","12":"product_tag-k-beauty-fr","13":"product_tag-soins-fr","14":"product_tag-soins-du-visage","16":"first","17":"instock","18":"sale","19":"taxable","20":"shipping-taxable","21":"purchasable","22":"product-type-simple"},"brands":[{"id":1000,"name":"Medicube","slug":"medicube"}],"_links":{"self":[{"href":"https:\/\/www.freeshopfrontiera.ch\/fr\/wp-json\/wp\/v2\/product\/42522","targetHints":{"allow":["GET"]}}],"collection":[{"href":"https:\/\/www.freeshopfrontiera.ch\/fr\/wp-json\/wp\/v2\/product"}],"about":[{"href":"https:\/\/www.freeshopfrontiera.ch\/fr\/wp-json\/wp\/v2\/types\/product"}],"replies":[{"embeddable":true,"href":"https:\/\/www.freeshopfrontiera.ch\/fr\/wp-json\/wp\/v2\/comments?post=42522"}],"version-history":[{"count":1,"href":"https:\/\/www.freeshopfrontiera.ch\/fr\/wp-json\/wp\/v2\/product\/42522\/revisions"}],"predecessor-version":[{"id":42525,"href":"https:\/\/www.freeshopfrontiera.ch\/fr\/wp-json\/wp\/v2\/product\/42522\/revisions\/42525"}],"wp:featuredmedia":[{"embeddable":true,"href":"https:\/\/www.freeshopfrontiera.ch\/fr\/wp-json\/wp\/v2\/media\/42513"}],"wp:attachment":[{"href":"https:\/\/www.freeshopfrontiera.ch\/fr\/wp-json\/wp\/v2\/media?parent=42522"}],"wp:term":[{"taxonomy":"pwb-brand","embeddable":true,"href":"https:\/\/www.freeshopfrontiera.ch\/fr\/wp-json\/wp\/v2\/pwb-brand?post=42522"},{"taxonomy":"product_brand","embeddable":true,"href":"https:\/\/www.freeshopfrontiera.ch\/fr\/wp-json\/wp\/v2\/product_brand?post=42522"},{"taxonomy":"product_cat","embeddable":true,"href":"https:\/\/www.freeshopfrontiera.ch\/fr\/wp-json\/wp\/v2\/product_cat?post=42522"},{"taxonomy":"product_tag","embeddable":true,"href":"https:\/\/www.freeshopfrontiera.ch\/fr\/wp-json\/wp\/v2\/product_tag?post=42522"}],"curies":[{"name":"wp","href":"https:\/\/api.w.org\/{rel}","templated":true}]}}