{"id":42535,"date":"2026-04-20T10:21:42","date_gmt":"2026-04-20T10:21:42","guid":{"rendered":"https:\/\/www.freeshopfrontiera.ch\/shop\/medicube-deep-lifting-peptide-eye-cream-for-face-30ml\/"},"modified":"2026-04-20T10:24:05","modified_gmt":"2026-04-20T10:24:05","slug":"medicube-deep-lifting-peptide-eye-cream-for-face-30ml","status":"publish","type":"product","link":"https:\/\/www.freeshopfrontiera.ch\/fr\/shop\/medicube-deep-lifting-peptide-eye-cream-for-face-30ml\/","title":{"rendered":"MEDICUBE Deep Lifting Peptide Eye Cream For Face 30ml"},"content":{"rendered":"<p data-start=\"1193\" data-end=\"1296\"><strong data-start=\"1193\" data-end=\"1296\">Medicube Deep Lifting Peptide Eye Cream for Face 30ml \u2013 Cr\u00e8me Anti-\u00c2ge Liftante pour Yeux et Visage<\/strong><\/p>\n<p data-start=\"1298\" data-end=\"1563\">La Medicube Deep Lifting Peptide Eye Cream for Face 30ml est un soin anti-\u00e2ge avanc\u00e9 con\u00e7u pour am\u00e9liorer la fermet\u00e9 de la peau et r\u00e9duire visiblement les rides, ridules et signes de fatigue, notamment au niveau du contour des yeux et des zones d\u00e9licates du visage.<\/p>\n<p data-start=\"1565\" data-end=\"1722\">Enrichie en peptides haute performance, cette formule innovante aide \u00e0 stimuler l\u2019\u00e9lasticit\u00e9 de la peau et \u00e0 soutenir un effet liftant visible dans le temps.<\/p>\n<p data-start=\"1724\" data-end=\"1958\">Sa texture riche mais l\u00e9g\u00e8re p\u00e9n\u00e8tre facilement sans effet gras, offrant une hydratation profonde et durable. Avec une utilisation r\u00e9guli\u00e8re, elle aide \u00e0 lisser les rides, r\u00e9duire les poches et redonner un regard plus frais et repos\u00e9.<\/p>\n<p data-start=\"1960\" data-end=\"2173\">Gr\u00e2ce \u00e0 ses actifs nourrissants et fortifiants, elle renforce la barri\u00e8re cutan\u00e9e et am\u00e9liore la r\u00e9sistance de la peau face aux agressions ext\u00e9rieures. La peau para\u00eet progressivement plus ferme, lisse et rajeunie.<\/p>\n<p data-start=\"1036\" data-end=\"1189\" data-is-last-node=\"\" data-is-only-node=\"\">Follow us! <a href=\"https:\/\/www.instagram.com\/freeshopswiss\/\" target=\"_blank\" rel=\"noopener\">@freeshopswiss<\/a><\/p>\n","protected":false},"excerpt":{"rendered":"<p>La Medicube Deep Lifting Peptide Eye Cream for Face 30ml est un soin anti-\u00e2ge avanc\u00e9 con\u00e7u pour am\u00e9liorer la fermet\u00e9 de la peau et r\u00e9duire visiblement les rides, ridules et signes de fatigue, notamment au niveau du contour des yeux et des zones d\u00e9licates du visage.<\/p>\n","protected":false},"featured_media":42530,"comment_status":"open","ping_status":"closed","template":"","meta":[],"pwb-brand":[1000],"product_brand":[],"product_cat":[109,295,548],"product_tag":[296,3611,417,479,301],"class_list":{"0":"post-42535","1":"product","2":"type-product","3":"status-publish","4":"has-post-thumbnail","6":"pwb-brand-medicube","7":"product_cat-pour-elle","8":"product_cat-traitements","9":"product_cat-soin-contour","10":"product_tag-femme","11":"product_tag-k-beauty-fr","12":"product_tag-soins-fr","13":"product_tag-soins-des-yeux","14":"product_tag-soins-du-visage","16":"first","17":"instock","18":"sale","19":"taxable","20":"shipping-taxable","21":"purchasable","22":"product-type-simple"},"brands":[{"id":1000,"name":"Medicube","slug":"medicube"}],"_links":{"self":[{"href":"https:\/\/www.freeshopfrontiera.ch\/fr\/wp-json\/wp\/v2\/product\/42535","targetHints":{"allow":["GET"]}}],"collection":[{"href":"https:\/\/www.freeshopfrontiera.ch\/fr\/wp-json\/wp\/v2\/product"}],"about":[{"href":"https:\/\/www.freeshopfrontiera.ch\/fr\/wp-json\/wp\/v2\/types\/product"}],"replies":[{"embeddable":true,"href":"https:\/\/www.freeshopfrontiera.ch\/fr\/wp-json\/wp\/v2\/comments?post=42535"}],"version-history":[{"count":1,"href":"https:\/\/www.freeshopfrontiera.ch\/fr\/wp-json\/wp\/v2\/product\/42535\/revisions"}],"predecessor-version":[{"id":42538,"href":"https:\/\/www.freeshopfrontiera.ch\/fr\/wp-json\/wp\/v2\/product\/42535\/revisions\/42538"}],"wp:featuredmedia":[{"embeddable":true,"href":"https:\/\/www.freeshopfrontiera.ch\/fr\/wp-json\/wp\/v2\/media\/42530"}],"wp:attachment":[{"href":"https:\/\/www.freeshopfrontiera.ch\/fr\/wp-json\/wp\/v2\/media?parent=42535"}],"wp:term":[{"taxonomy":"pwb-brand","embeddable":true,"href":"https:\/\/www.freeshopfrontiera.ch\/fr\/wp-json\/wp\/v2\/pwb-brand?post=42535"},{"taxonomy":"product_brand","embeddable":true,"href":"https:\/\/www.freeshopfrontiera.ch\/fr\/wp-json\/wp\/v2\/product_brand?post=42535"},{"taxonomy":"product_cat","embeddable":true,"href":"https:\/\/www.freeshopfrontiera.ch\/fr\/wp-json\/wp\/v2\/product_cat?post=42535"},{"taxonomy":"product_tag","embeddable":true,"href":"https:\/\/www.freeshopfrontiera.ch\/fr\/wp-json\/wp\/v2\/product_tag?post=42535"}],"curies":[{"name":"wp","href":"https:\/\/api.w.org\/{rel}","templated":true}]}}