{"id":42548,"date":"2026-04-20T10:36:45","date_gmt":"2026-04-20T10:36:45","guid":{"rendered":"https:\/\/www.freeshopfrontiera.ch\/shop\/calvin-klein-satin-cream-hair-body-perfume-mist-236ml\/"},"modified":"2026-04-20T10:41:07","modified_gmt":"2026-04-20T10:41:07","slug":"calvin-klein-satin-cream-hair-body-perfume-mist-236ml","status":"publish","type":"product","link":"https:\/\/www.freeshopfrontiera.ch\/fr\/shop\/calvin-klein-satin-cream-hair-body-perfume-mist-236ml\/","title":{"rendered":"CALVIN KLEIN Satin Cream Hair &#038; Body Perfume Mist 236ml"},"content":{"rendered":"<p data-start=\"2037\" data-end=\"2151\"><strong data-start=\"2037\" data-end=\"2151\">Calvin Klein Satin Cream Hair &amp; Body Perfume Mist 236ml \u2013 Brume Parfum\u00e9e Corps et Cheveux Cr\u00e9meuse et F\u00e9minine<\/strong><\/p>\n<p data-start=\"2153\" data-end=\"2472\">La <strong data-start=\"2156\" data-end=\"2215\">Calvin Klein Satin Cream Hair &amp; Body Perfume Mist 236ml<\/strong> est une brume parfum\u00e9e l\u00e9g\u00e8re con\u00e7ue pour le corps et les cheveux. Cr\u00e9\u00e9e par <span class=\"hover:entity-accent entity-underline inline cursor-pointer align-baseline\"><span class=\"whitespace-normal\">Calvin Klein<\/span><\/span>, elle enveloppe la peau d\u2019un voile doux et soyeux aux nuances cr\u00e9meuses et f\u00e9minines, pour une sensation \u00e0 la fois \u00e9l\u00e9gante et r\u00e9confortante.<\/p>\n<p data-start=\"2474\" data-end=\"2727\">Sa formule ultra-l\u00e9g\u00e8re s\u2019applique facilement sans alourdir la peau ni les cheveux, offrant une fra\u00eecheur imm\u00e9diate et un parfum d\u00e9licat qui accompagne tout au long de la journ\u00e9e. Id\u00e9ale apr\u00e8s la douche ou \u00e0 tout moment pour une touche parfum\u00e9e subtile.<\/p>\n<p data-start=\"2729\" data-end=\"2986\">Parfaite pour un usage quotidien, cette brume allie praticit\u00e9 et \u00e9l\u00e9gance, et se glisse facilement dans un sac pour des retouches rapides. Une fragrance moderne et f\u00e9minine, pens\u00e9e pour celles qui recherchent un parfum doux, cr\u00e9meux et raffin\u00e9 au quotidien.<\/p>\n<p data-start=\"813\" data-end=\"1069\">Follow us! <a href=\"https:\/\/www.instagram.com\/freeshopswiss\/\" target=\"_blank\" rel=\"noopener\">@freeshopswiss<\/a><\/p>\n","protected":false},"excerpt":{"rendered":"<p>La <strong data-start=\"2156\" data-end=\"2215\">Calvin Klein Satin Cream Hair &amp; Body Perfume Mist 236ml<\/strong> est une brume parfum\u00e9e l\u00e9g\u00e8re con\u00e7ue pour le corps et les cheveux.<\/p>\n","protected":false},"featured_media":42543,"comment_status":"open","ping_status":"closed","template":"","meta":[],"pwb-brand":[181],"product_brand":[],"product_cat":[87,109,4195],"product_tag":[296,789,97],"class_list":{"0":"post-42548","1":"product","2":"type-product","3":"status-publish","4":"has-post-thumbnail","6":"pwb-brand-calvin-klein","7":"product_cat-parfums","8":"product_cat-pour-elle","9":"product_cat-parfums-offer","10":"product_tag-femme","11":"product_tag-womens-fragrances-fr","12":"product_tag-parfums","14":"first","15":"instock","16":"sale","17":"taxable","18":"shipping-taxable","19":"purchasable","20":"product-type-simple"},"brands":[{"id":181,"name":"Calvin Klein","slug":"calvin-klein"}],"_links":{"self":[{"href":"https:\/\/www.freeshopfrontiera.ch\/fr\/wp-json\/wp\/v2\/product\/42548","targetHints":{"allow":["GET"]}}],"collection":[{"href":"https:\/\/www.freeshopfrontiera.ch\/fr\/wp-json\/wp\/v2\/product"}],"about":[{"href":"https:\/\/www.freeshopfrontiera.ch\/fr\/wp-json\/wp\/v2\/types\/product"}],"replies":[{"embeddable":true,"href":"https:\/\/www.freeshopfrontiera.ch\/fr\/wp-json\/wp\/v2\/comments?post=42548"}],"version-history":[{"count":1,"href":"https:\/\/www.freeshopfrontiera.ch\/fr\/wp-json\/wp\/v2\/product\/42548\/revisions"}],"predecessor-version":[{"id":42551,"href":"https:\/\/www.freeshopfrontiera.ch\/fr\/wp-json\/wp\/v2\/product\/42548\/revisions\/42551"}],"wp:featuredmedia":[{"embeddable":true,"href":"https:\/\/www.freeshopfrontiera.ch\/fr\/wp-json\/wp\/v2\/media\/42543"}],"wp:attachment":[{"href":"https:\/\/www.freeshopfrontiera.ch\/fr\/wp-json\/wp\/v2\/media?parent=42548"}],"wp:term":[{"taxonomy":"pwb-brand","embeddable":true,"href":"https:\/\/www.freeshopfrontiera.ch\/fr\/wp-json\/wp\/v2\/pwb-brand?post=42548"},{"taxonomy":"product_brand","embeddable":true,"href":"https:\/\/www.freeshopfrontiera.ch\/fr\/wp-json\/wp\/v2\/product_brand?post=42548"},{"taxonomy":"product_cat","embeddable":true,"href":"https:\/\/www.freeshopfrontiera.ch\/fr\/wp-json\/wp\/v2\/product_cat?post=42548"},{"taxonomy":"product_tag","embeddable":true,"href":"https:\/\/www.freeshopfrontiera.ch\/fr\/wp-json\/wp\/v2\/product_tag?post=42548"}],"curies":[{"name":"wp","href":"https:\/\/api.w.org\/{rel}","templated":true}]}}