{"id":42561,"date":"2026-04-20T10:48:05","date_gmt":"2026-04-20T10:48:05","guid":{"rendered":"https:\/\/www.freeshopfrontiera.ch\/shop\/calvin-klein-smooth-berry-hair-body-perfume-mist-236ml\/"},"modified":"2026-04-20T10:53:22","modified_gmt":"2026-04-20T10:53:22","slug":"calvin-klein-smooth-berry-hair-body-perfume-mist-236ml","status":"publish","type":"product","link":"https:\/\/www.freeshopfrontiera.ch\/fr\/shop\/calvin-klein-smooth-berry-hair-body-perfume-mist-236ml\/","title":{"rendered":"CALVIN KLEIN Smooth Berry Hair &#038; Body Perfume Mist 236ml"},"content":{"rendered":"<p data-start=\"2146\" data-end=\"2253\"><strong data-start=\"2146\" data-end=\"2253\">Calvin Klein Smooth Berry Hair &amp; Body Perfume Mist 236ml \u2013 Brume Parfum\u00e9e Fruit\u00e9e pour Corps et Cheveux<\/strong><\/p>\n<p data-start=\"2255\" data-end=\"2685\">La <strong data-start=\"2258\" data-end=\"2318\">Calvin Klein Smooth Berry Hair &amp; Body Perfume Mist 236ml<\/strong> est une brume parfum\u00e9e l\u00e9g\u00e8re et fruit\u00e9e con\u00e7ue pour le corps et les cheveux, id\u00e9ale pour celles et ceux qui aiment les fragrances fra\u00eeches, modernes et f\u00e9minines au quotidien. Cr\u00e9\u00e9e par <span class=\"hover:entity-accent entity-underline inline cursor-pointer align-baseline\"><span class=\"whitespace-normal\">Calvin Klein<\/span><\/span>, elle enveloppe la peau d\u2019un sillage doux et gourmand inspir\u00e9 des fruits rouges, offrant une sensation imm\u00e9diate de fra\u00eecheur et de vitalit\u00e9.<\/p>\n<p data-start=\"2687\" data-end=\"2965\">Sa texture ultra-l\u00e9g\u00e8re s\u2019applique facilement sans alourdir, laissant la peau et les cheveux d\u00e9licatement parfum\u00e9s tout au long de la journ\u00e9e. Les notes de baies apportent un c\u00f4t\u00e9 vif, frais et l\u00e9g\u00e8rement sucr\u00e9, parfait pour une utilisation quotidienne ou des retouches rapides.<\/p>\n<p data-start=\"2967\" data-end=\"3211\">Id\u00e9ale apr\u00e8s la douche ou \u00e0 tout moment de la journ\u00e9e, cette brume combine praticit\u00e9 et \u00e9l\u00e9gance dans un format facile \u00e0 emporter. Une fragrance jeune, lumineuse et polyvalente pour celles qui recherchent une touche fruit\u00e9e fra\u00eeche et f\u00e9minine.<\/p>\n<p data-start=\"19\" data-end=\"126\">ato comodo da portare sempre con s\u00e9. Una fragranza giovane, luminosa e versatile, pensata per chi ama un tocco fruttato fresco e femminile.<\/p>\n<p data-start=\"822\" data-end=\"1103\">Follow us! <a href=\"https:\/\/www.instagram.com\/freeshopswiss\/\" target=\"_blank\" rel=\"noopener\">@freeshopswiss<\/a><\/p>\n","protected":false},"excerpt":{"rendered":"<p>La <strong data-start=\"2258\" data-end=\"2318\">Calvin Klein Smooth Berry Hair &amp; Body Perfume Mist 236ml<\/strong> est une brume parfum\u00e9e l\u00e9g\u00e8re et fruit\u00e9e con\u00e7ue pour le corps et les cheveux, id\u00e9ale pour celles et ceux qui aiment les fragrances fra\u00eeches, modernes et f\u00e9minines au quotidien.<\/p>\n","protected":false},"featured_media":42556,"comment_status":"open","ping_status":"closed","template":"","meta":[],"pwb-brand":[181],"product_brand":[],"product_cat":[87,109,4195],"product_tag":[296,789,97],"class_list":{"0":"post-42561","1":"product","2":"type-product","3":"status-publish","4":"has-post-thumbnail","6":"pwb-brand-calvin-klein","7":"product_cat-parfums","8":"product_cat-pour-elle","9":"product_cat-parfums-offer","10":"product_tag-femme","11":"product_tag-womens-fragrances-fr","12":"product_tag-parfums","14":"first","15":"instock","16":"sale","17":"taxable","18":"shipping-taxable","19":"purchasable","20":"product-type-simple"},"brands":[{"id":181,"name":"Calvin Klein","slug":"calvin-klein"}],"_links":{"self":[{"href":"https:\/\/www.freeshopfrontiera.ch\/fr\/wp-json\/wp\/v2\/product\/42561","targetHints":{"allow":["GET"]}}],"collection":[{"href":"https:\/\/www.freeshopfrontiera.ch\/fr\/wp-json\/wp\/v2\/product"}],"about":[{"href":"https:\/\/www.freeshopfrontiera.ch\/fr\/wp-json\/wp\/v2\/types\/product"}],"replies":[{"embeddable":true,"href":"https:\/\/www.freeshopfrontiera.ch\/fr\/wp-json\/wp\/v2\/comments?post=42561"}],"version-history":[{"count":1,"href":"https:\/\/www.freeshopfrontiera.ch\/fr\/wp-json\/wp\/v2\/product\/42561\/revisions"}],"predecessor-version":[{"id":42565,"href":"https:\/\/www.freeshopfrontiera.ch\/fr\/wp-json\/wp\/v2\/product\/42561\/revisions\/42565"}],"wp:featuredmedia":[{"embeddable":true,"href":"https:\/\/www.freeshopfrontiera.ch\/fr\/wp-json\/wp\/v2\/media\/42556"}],"wp:attachment":[{"href":"https:\/\/www.freeshopfrontiera.ch\/fr\/wp-json\/wp\/v2\/media?parent=42561"}],"wp:term":[{"taxonomy":"pwb-brand","embeddable":true,"href":"https:\/\/www.freeshopfrontiera.ch\/fr\/wp-json\/wp\/v2\/pwb-brand?post=42561"},{"taxonomy":"product_brand","embeddable":true,"href":"https:\/\/www.freeshopfrontiera.ch\/fr\/wp-json\/wp\/v2\/product_brand?post=42561"},{"taxonomy":"product_cat","embeddable":true,"href":"https:\/\/www.freeshopfrontiera.ch\/fr\/wp-json\/wp\/v2\/product_cat?post=42561"},{"taxonomy":"product_tag","embeddable":true,"href":"https:\/\/www.freeshopfrontiera.ch\/fr\/wp-json\/wp\/v2\/product_tag?post=42561"}],"curies":[{"name":"wp","href":"https:\/\/api.w.org\/{rel}","templated":true}]}}