{"id":42581,"date":"2026-01-10T13:37:14","date_gmt":"2026-01-10T13:37:14","guid":{"rendered":"https:\/\/www.freeshopfrontiera.ch\/shop\/medicube-txa-niacinamide-capsule-cream-55g\/"},"modified":"2026-04-20T13:42:10","modified_gmt":"2026-04-20T13:42:10","slug":"medicube-txa-niacinamide-capsule-cream-55g","status":"publish","type":"product","link":"https:\/\/www.freeshopfrontiera.ch\/fr\/shop\/medicube-txa-niacinamide-capsule-cream-55g\/","title":{"rendered":"MEDICUBE TXA Niacinamide Capsule Cream 55g"},"content":{"rendered":"<p data-start=\"2213\" data-end=\"2318\"><strong data-start=\"2213\" data-end=\"2318\">Medicube TXA Niacinamide Capsule Cream 55g \u2013 Cr\u00e8me \u00c9claircissante Anti-Taches \u00e0 la Niacinamide et TXA<\/strong><\/p>\n<p data-start=\"2320\" data-end=\"2659\">La <strong data-start=\"2323\" data-end=\"2369\">Medicube TXA Niacinamide Capsule Cream 55g<\/strong> est une cr\u00e8me visage innovante con\u00e7ue pour am\u00e9liorer l\u2019\u00e9clat, l\u2019uniformit\u00e9 et l\u2019hydratation de la peau. Gr\u00e2ce \u00e0 l\u2019association de <strong data-start=\"2499\" data-end=\"2514\">niacinamide<\/strong> et d\u2019<strong data-start=\"2520\" data-end=\"2548\">acide tranexamique (TXA)<\/strong>, elle aide \u00e0 r\u00e9duire visiblement les taches pigmentaires, les irr\u00e9gularit\u00e9s du teint et les signes de fatigue.<\/p>\n<p data-start=\"2661\" data-end=\"2901\">Sa technologie en capsules permet une lib\u00e9ration progressive des actifs, garantissant efficacit\u00e9 et fra\u00eecheur \u00e0 chaque application. Sa texture l\u00e9g\u00e8re et soyeuse p\u00e9n\u00e8tre rapidement sans effet gras, laissant la peau douce, lisse et lumineuse.<\/p>\n<p data-start=\"2903\" data-end=\"3127\">Enrichie en actifs hydratants et apaisants, elle renforce la barri\u00e8re cutan\u00e9e et prot\u00e8ge la peau des agressions ext\u00e9rieures. Avec une utilisation r\u00e9guli\u00e8re, la peau devient plus uniforme, \u00e9clatante et visiblement plus saine.<\/p>\n<p data-start=\"3129\" data-end=\"3273\">Adapt\u00e9e \u00e0 tous les types de peau, elle est id\u00e9ale pour une routine quotidienne visant \u00e0 illuminer le teint et am\u00e9liorer la qualit\u00e9 de la peau.<\/p>\n<p data-start=\"983\" data-end=\"1127\">Follow us! <a href=\"https:\/\/www.instagram.com\/freeshopswiss\/\" target=\"_blank\" rel=\"noopener\">@freeshopswiss<\/a><\/p>\n","protected":false},"excerpt":{"rendered":"<p>La <strong data-start=\"2323\" data-end=\"2369\">Medicube TXA Niacinamide Capsule Cream 55g<\/strong> est une cr\u00e8me visage innovante con\u00e7ue pour am\u00e9liorer l\u2019\u00e9clat, l\u2019uniformit\u00e9 et l\u2019hydratation de la peau.<\/p>\n","protected":false},"featured_media":42576,"comment_status":"open","ping_status":"closed","template":"","meta":[],"pwb-brand":[1000],"product_brand":[],"product_cat":[109,295,3768,545],"product_tag":[296,3611,417,479,301],"class_list":{"0":"post-42581","1":"product","2":"type-product","3":"status-publish","4":"has-post-thumbnail","6":"pwb-brand-medicube","7":"product_cat-pour-elle","8":"product_cat-traitements","9":"product_cat-k-beauty-fr","10":"product_cat-soin-du-visage","11":"product_tag-femme","12":"product_tag-k-beauty-fr","13":"product_tag-soins-fr","14":"product_tag-soins-des-yeux","15":"product_tag-soins-du-visage","17":"first","18":"instock","19":"sale","20":"taxable","21":"shipping-taxable","22":"purchasable","23":"product-type-simple"},"brands":[{"id":1000,"name":"Medicube","slug":"medicube"}],"_links":{"self":[{"href":"https:\/\/www.freeshopfrontiera.ch\/fr\/wp-json\/wp\/v2\/product\/42581","targetHints":{"allow":["GET"]}}],"collection":[{"href":"https:\/\/www.freeshopfrontiera.ch\/fr\/wp-json\/wp\/v2\/product"}],"about":[{"href":"https:\/\/www.freeshopfrontiera.ch\/fr\/wp-json\/wp\/v2\/types\/product"}],"replies":[{"embeddable":true,"href":"https:\/\/www.freeshopfrontiera.ch\/fr\/wp-json\/wp\/v2\/comments?post=42581"}],"version-history":[{"count":2,"href":"https:\/\/www.freeshopfrontiera.ch\/fr\/wp-json\/wp\/v2\/product\/42581\/revisions"}],"predecessor-version":[{"id":42588,"href":"https:\/\/www.freeshopfrontiera.ch\/fr\/wp-json\/wp\/v2\/product\/42581\/revisions\/42588"}],"wp:featuredmedia":[{"embeddable":true,"href":"https:\/\/www.freeshopfrontiera.ch\/fr\/wp-json\/wp\/v2\/media\/42576"}],"wp:attachment":[{"href":"https:\/\/www.freeshopfrontiera.ch\/fr\/wp-json\/wp\/v2\/media?parent=42581"}],"wp:term":[{"taxonomy":"pwb-brand","embeddable":true,"href":"https:\/\/www.freeshopfrontiera.ch\/fr\/wp-json\/wp\/v2\/pwb-brand?post=42581"},{"taxonomy":"product_brand","embeddable":true,"href":"https:\/\/www.freeshopfrontiera.ch\/fr\/wp-json\/wp\/v2\/product_brand?post=42581"},{"taxonomy":"product_cat","embeddable":true,"href":"https:\/\/www.freeshopfrontiera.ch\/fr\/wp-json\/wp\/v2\/product_cat?post=42581"},{"taxonomy":"product_tag","embeddable":true,"href":"https:\/\/www.freeshopfrontiera.ch\/fr\/wp-json\/wp\/v2\/product_tag?post=42581"}],"curies":[{"name":"wp","href":"https:\/\/api.w.org\/{rel}","templated":true}]}}