{"id":42599,"date":"2026-01-10T14:04:00","date_gmt":"2026-01-10T14:04:00","guid":{"rendered":"https:\/\/www.freeshopfrontiera.ch\/shop\/medicube-deep-vita-c-pad-150g-70-pads\/"},"modified":"2026-04-20T14:12:36","modified_gmt":"2026-04-20T14:12:36","slug":"medicube-deep-vita-c-pad-150g-70-pads","status":"publish","type":"product","link":"https:\/\/www.freeshopfrontiera.ch\/fr\/shop\/medicube-deep-vita-c-pad-150g-70-pads\/","title":{"rendered":"MEDICUBE Deep Vita C Pad 150g (70 pads)"},"content":{"rendered":"<p data-start=\"2084\" data-end=\"2179\"><strong data-start=\"2084\" data-end=\"2179\">Medicube Deep Vita C Pad 150g (70 pads) \u2013 Disques Tonifiants \u00c9claircissants \u00e0 la Vitamine C<\/strong><\/p>\n<p data-start=\"2181\" data-end=\"2477\">Les <strong data-start=\"2185\" data-end=\"2228\">Medicube Deep Vita C Pad 150g (70 pads)<\/strong> sont des disques imbib\u00e9s d\u2019actifs \u00e9claircissants, con\u00e7us pour am\u00e9liorer l\u2019\u00e9clat et l\u2019uniformit\u00e9 du teint de mani\u00e8re simple et rapide. Enrichis en <strong data-start=\"2375\" data-end=\"2389\">vitamine C<\/strong>, ils aident \u00e0 r\u00e9duire les taches pigmentaires, le teint terne et les signes de fatigue.<\/p>\n<p data-start=\"2479\" data-end=\"2743\">Leur double texture offre une action exfoliante douce pour \u00e9liminer les cellules mortes et les impuret\u00e9s, tout en lissant la peau et en affinant le grain de peau. Parfaits pour une utilisation quotidienne, ils pr\u00e9parent la peau \u00e0 mieux absorber les soins suivants.<\/p>\n<p data-start=\"2745\" data-end=\"2963\">Gr\u00e2ce \u00e0 leurs ingr\u00e9dients hydratants et apaisants, ils contribuent \u00e0 maintenir une peau douce, \u00e9quilibr\u00e9e et prot\u00e9g\u00e9e. Avec une utilisation r\u00e9guli\u00e8re, la peau devient plus lumineuse, uniforme et visiblement plus saine.<\/p>\n<p data-start=\"961\" data-end=\"1084\">Follow us! <a href=\"https:\/\/www.instagram.com\/freeshopswiss\/\" target=\"_blank\" rel=\"noopener\">@freeshopswiss<\/a><\/p>\n","protected":false},"excerpt":{"rendered":"<p>Les <strong data-start=\"2185\" data-end=\"2228\">Medicube Deep Vita C Pad 150g (70 pads)<\/strong> sont des disques imbib\u00e9s d\u2019actifs \u00e9claircissants, con\u00e7us pour am\u00e9liorer l\u2019\u00e9clat et l\u2019uniformit\u00e9 du teint de mani\u00e8re simple et rapide.<\/p>\n","protected":false},"featured_media":42594,"comment_status":"open","ping_status":"closed","template":"","meta":[],"pwb-brand":[1000],"product_brand":[],"product_cat":[109,295,545],"product_tag":[296,3611,417,301],"class_list":{"0":"post-42599","1":"product","2":"type-product","3":"status-publish","4":"has-post-thumbnail","6":"pwb-brand-medicube","7":"product_cat-pour-elle","8":"product_cat-traitements","9":"product_cat-soin-du-visage","10":"product_tag-femme","11":"product_tag-k-beauty-fr","12":"product_tag-soins-fr","13":"product_tag-soins-du-visage","15":"first","16":"instock","17":"sale","18":"taxable","19":"shipping-taxable","20":"purchasable","21":"product-type-simple"},"brands":[{"id":1000,"name":"Medicube","slug":"medicube"}],"_links":{"self":[{"href":"https:\/\/www.freeshopfrontiera.ch\/fr\/wp-json\/wp\/v2\/product\/42599","targetHints":{"allow":["GET"]}}],"collection":[{"href":"https:\/\/www.freeshopfrontiera.ch\/fr\/wp-json\/wp\/v2\/product"}],"about":[{"href":"https:\/\/www.freeshopfrontiera.ch\/fr\/wp-json\/wp\/v2\/types\/product"}],"replies":[{"embeddable":true,"href":"https:\/\/www.freeshopfrontiera.ch\/fr\/wp-json\/wp\/v2\/comments?post=42599"}],"version-history":[{"count":2,"href":"https:\/\/www.freeshopfrontiera.ch\/fr\/wp-json\/wp\/v2\/product\/42599\/revisions"}],"predecessor-version":[{"id":42606,"href":"https:\/\/www.freeshopfrontiera.ch\/fr\/wp-json\/wp\/v2\/product\/42599\/revisions\/42606"}],"wp:featuredmedia":[{"embeddable":true,"href":"https:\/\/www.freeshopfrontiera.ch\/fr\/wp-json\/wp\/v2\/media\/42594"}],"wp:attachment":[{"href":"https:\/\/www.freeshopfrontiera.ch\/fr\/wp-json\/wp\/v2\/media?parent=42599"}],"wp:term":[{"taxonomy":"pwb-brand","embeddable":true,"href":"https:\/\/www.freeshopfrontiera.ch\/fr\/wp-json\/wp\/v2\/pwb-brand?post=42599"},{"taxonomy":"product_brand","embeddable":true,"href":"https:\/\/www.freeshopfrontiera.ch\/fr\/wp-json\/wp\/v2\/product_brand?post=42599"},{"taxonomy":"product_cat","embeddable":true,"href":"https:\/\/www.freeshopfrontiera.ch\/fr\/wp-json\/wp\/v2\/product_cat?post=42599"},{"taxonomy":"product_tag","embeddable":true,"href":"https:\/\/www.freeshopfrontiera.ch\/fr\/wp-json\/wp\/v2\/product_tag?post=42599"}],"curies":[{"name":"wp","href":"https:\/\/api.w.org\/{rel}","templated":true}]}}