{"id":42734,"date":"2026-01-10T12:48:14","date_gmt":"2026-01-10T12:48:14","guid":{"rendered":"https:\/\/www.freeshopfrontiera.ch\/shop\/versace-versense-eau-de-toilette-30ml\/"},"modified":"2026-04-28T12:56:41","modified_gmt":"2026-04-28T12:56:41","slug":"versace-versense-eau-de-toilette-30ml","status":"publish","type":"product","link":"https:\/\/www.freeshopfrontiera.ch\/fr\/shop\/versace-versense-eau-de-toilette-30ml\/","title":{"rendered":"VERSACE Versense Eau de Toilette 30ml"},"content":{"rendered":"<p data-start=\"1888\" data-end=\"1979\"><strong data-start=\"1888\" data-end=\"1979\">Versace Versense Eau de Toilette 30ml \u2013 Fra\u00eecheur M\u00e9diterran\u00e9enne et \u00c9l\u00e9gance Naturelle<\/strong><\/p>\n<p data-start=\"1981\" data-end=\"2770\" data-is-last-node=\"\" data-is-only-node=\"\">Versace Versense est une fragrance f\u00e9minine lumineuse et raffin\u00e9e qui \u00e9voque la libert\u00e9 et la fra\u00eecheur de la nature m\u00e9diterran\u00e9enne. Elle s\u2019ouvre sur des notes p\u00e9tillantes de bergamote, mandarine verte, figue et poire cactus, offrant une sensation imm\u00e9diate d\u2019\u00e9nergie et de vitalit\u00e9. Le c\u0153ur floral associe lys de mer, jasmin, cardamome et narcisse, cr\u00e9ant un \u00e9quilibre \u00e9l\u00e9gant entre sensualit\u00e9 et l\u00e9g\u00e8ret\u00e9. Les notes de fond de bois de santal, c\u00e8dre, olivier et musc enveloppent la peau d\u2019un sillage chaud et sophistiqu\u00e9. Versense est id\u00e9ale pour une femme dynamique et s\u00fbre d\u2019elle, qui aime se sentir fra\u00eeche et naturelle en toute occasion. Parfaite pour le quotidien ainsi que pour le printemps et l\u2019\u00e9t\u00e9, cette Eau de Toilette exprime harmonie et f\u00e9minit\u00e9 contemporaine sign\u00e9e Versace.<\/p>\n<p>&nbsp;<\/p>\n<p>Follow us! <a href=\"https:\/\/www.instagram.com\/freeshopswiss\/\" target=\"_blank\" rel=\"noopener\">@freeshopswiss<\/a><\/p>\n","protected":false},"excerpt":{"rendered":"<p>Versace Versense est une fragrance f\u00e9minine lumineuse et raffin\u00e9e qui \u00e9voque la libert\u00e9 et la fra\u00eecheur de la nature m\u00e9diterran\u00e9enne. Elle s\u2019ouvre sur des notes p\u00e9tillantes de bergamote, mandarine verte, figue et poire cactus, offrant une sensation imm\u00e9diate d\u2019\u00e9nergie et de vitalit\u00e9.<\/p>\n","protected":false},"featured_media":42730,"comment_status":"open","ping_status":"closed","template":"","meta":[],"pwb-brand":[124],"product_brand":[],"product_cat":[87,109,4195],"product_tag":[141,296,789,97],"class_list":{"0":"post-42734","1":"product","2":"type-product","3":"status-publish","4":"has-post-thumbnail","6":"pwb-brand-versace","7":"product_cat-parfums","8":"product_cat-pour-elle","9":"product_cat-parfums-offer","10":"product_tag-eau-de-toilette-fr","11":"product_tag-femme","12":"product_tag-womens-fragrances-fr","13":"product_tag-parfums","15":"first","16":"instock","17":"sale","18":"taxable","19":"shipping-taxable","20":"purchasable","21":"product-type-simple"},"brands":[{"id":124,"name":"Versace","slug":"versace"}],"_links":{"self":[{"href":"https:\/\/www.freeshopfrontiera.ch\/fr\/wp-json\/wp\/v2\/product\/42734","targetHints":{"allow":["GET"]}}],"collection":[{"href":"https:\/\/www.freeshopfrontiera.ch\/fr\/wp-json\/wp\/v2\/product"}],"about":[{"href":"https:\/\/www.freeshopfrontiera.ch\/fr\/wp-json\/wp\/v2\/types\/product"}],"replies":[{"embeddable":true,"href":"https:\/\/www.freeshopfrontiera.ch\/fr\/wp-json\/wp\/v2\/comments?post=42734"}],"version-history":[{"count":1,"href":"https:\/\/www.freeshopfrontiera.ch\/fr\/wp-json\/wp\/v2\/product\/42734\/revisions"}],"predecessor-version":[{"id":42737,"href":"https:\/\/www.freeshopfrontiera.ch\/fr\/wp-json\/wp\/v2\/product\/42734\/revisions\/42737"}],"wp:featuredmedia":[{"embeddable":true,"href":"https:\/\/www.freeshopfrontiera.ch\/fr\/wp-json\/wp\/v2\/media\/42730"}],"wp:attachment":[{"href":"https:\/\/www.freeshopfrontiera.ch\/fr\/wp-json\/wp\/v2\/media?parent=42734"}],"wp:term":[{"taxonomy":"pwb-brand","embeddable":true,"href":"https:\/\/www.freeshopfrontiera.ch\/fr\/wp-json\/wp\/v2\/pwb-brand?post=42734"},{"taxonomy":"product_brand","embeddable":true,"href":"https:\/\/www.freeshopfrontiera.ch\/fr\/wp-json\/wp\/v2\/product_brand?post=42734"},{"taxonomy":"product_cat","embeddable":true,"href":"https:\/\/www.freeshopfrontiera.ch\/fr\/wp-json\/wp\/v2\/product_cat?post=42734"},{"taxonomy":"product_tag","embeddable":true,"href":"https:\/\/www.freeshopfrontiera.ch\/fr\/wp-json\/wp\/v2\/product_tag?post=42734"}],"curies":[{"name":"wp","href":"https:\/\/api.w.org\/{rel}","templated":true}]}}