{"id":42803,"date":"2026-05-04T09:51:36","date_gmt":"2026-05-04T09:51:36","guid":{"rendered":"https:\/\/www.freeshopfrontiera.ch\/shop\/lattafa-her-confession-eau-de-parfum-100ml\/"},"modified":"2026-05-04T09:56:40","modified_gmt":"2026-05-04T09:56:40","slug":"lattafa-her-confession-eau-de-parfum-100ml","status":"publish","type":"product","link":"https:\/\/www.freeshopfrontiera.ch\/fr\/shop\/lattafa-her-confession-eau-de-parfum-100ml\/","title":{"rendered":"LATTAFA Her Confession Eau de Parfum 100ml"},"content":{"rendered":"<section class=\"text-token-text-primary w-full focus:outline-none [--shadow-height:45px] has-data-writing-block:pointer-events-none has-data-writing-block:-mt-(--shadow-height) has-data-writing-block:pt-(--shadow-height) [&amp;:has([data-writing-block])&gt;*]:pointer-events-auto R6Vx5W_threadScrollVars scroll-mb-[calc(var(--scroll-root-safe-area-inset-bottom,0px)+var(--thread-response-height))] scroll-mt-(--header-height)\" dir=\"auto\" data-turn-id=\"4c2c1c86-e1df-4819-9bae-af5800e08218\" data-testid=\"conversation-turn-17\" data-scroll-anchor=\"false\" data-turn=\"user\"><\/section>\n<section class=\"text-token-text-primary w-full focus:outline-none [--shadow-height:45px] has-data-writing-block:pointer-events-none has-data-writing-block:-mt-(--shadow-height) has-data-writing-block:pt-(--shadow-height) [&amp;:has([data-writing-block])&gt;*]:pointer-events-auto [content-visibility:auto] supports-[content-visibility:auto]:[contain-intrinsic-size:auto_100lvh] R6Vx5W_threadScrollVars scroll-mb-[calc(var(--scroll-root-safe-area-inset-bottom,0px)+var(--thread-response-height))] scroll-mt-[calc(var(--header-height)+min(200px,max(70px,20svh)))]\" dir=\"auto\" data-turn-id=\"request-69f84869-43c8-832a-8b30-72b2497eaf33-0\" data-testid=\"conversation-turn-18\" data-scroll-anchor=\"false\" data-turn=\"assistant\">\n<div class=\"text-base my-auto mx-auto pb-10 [--thread-content-margin:var(--thread-content-margin-xs,calc(var(--spacing)*4))] @w-sm\/main:[--thread-content-margin:var(--thread-content-margin-sm,calc(var(--spacing)*6))] @w-lg\/main:[--thread-content-margin:var(--thread-content-margin-lg,calc(var(--spacing)*16))] px-(--thread-content-margin)\">\n<div class=\"[--thread-content-max-width:40rem] @w-lg\/main:[--thread-content-max-width:48rem] mx-auto max-w-(--thread-content-max-width) flex-1 group\/turn-messages focus-visible:outline-hidden relative flex w-full min-w-0 flex-col agent-turn\">\n<div class=\"flex max-w-full flex-col gap-4 grow\">\n<div class=\"min-h-8 text-message relative flex w-full flex-col items-end gap-2 text-start break-words whitespace-normal outline-none keyboard-focused:focus-ring [.text-message+&amp;]:mt-1\" dir=\"auto\" tabindex=\"0\" data-message-author-role=\"assistant\" data-message-id=\"0e7d8b23-87b7-4016-bedb-1252366bde0a\" data-message-model-slug=\"gpt-5-3\" data-turn-start-message=\"true\">\n<div class=\"flex w-full flex-col gap-1 empty:hidden\">\n<div class=\"markdown prose dark:prose-invert w-full wrap-break-word light markdown-new-styling\">\n<p data-start=\"2562\" data-end=\"2688\"><strong data-start=\"2576\" data-end=\"2686\">Lattafa Her Confession Eau de Parfum 100 ml \u2013 Une fragrance sensuelle et envo\u00fbtante au charme irr\u00e9sistible<\/strong><\/p>\n<p data-start=\"2690\" data-end=\"3044\">D\u00e9couvrez Lattafa Her Confession Eau de Parfum, une fragrance f\u00e9minine intense et s\u00e9duisante, con\u00e7ue pour la femme moderne qui aime exprimer sa personnalit\u00e9 avec \u00e9l\u00e9gance et caract\u00e8re. Ce parfum enveloppant s\u00e9duit d\u00e8s les premi\u00e8res notes gr\u00e2ce \u00e0 une ouverture lumineuse et intrigante, o\u00f9 les notes de t\u00eate se m\u00ealent dans un accord raffin\u00e9 et captivant.<\/p>\n<p data-start=\"3046\" data-end=\"3373\">Au c\u0153ur de la fragrance se d\u00e9ploie un bouquet floral riche et sophistiqu\u00e9, exprimant f\u00e9minit\u00e9 et sensualit\u00e9 avec d\u00e9licatesse. Les notes de fond, chaudes et persistantes, apportent de la profondeur \u00e0 la composition gr\u00e2ce \u00e0 des accords enveloppants et l\u00e9g\u00e8rement gourmands, laissant sur la peau un sillage \u00e9l\u00e9gant et m\u00e9morable.<\/p>\n<p data-start=\"3375\" data-end=\"3684\">Parfait pour un usage quotidien comme pour les occasions sp\u00e9ciales, Her Confession se distingue par son style raffin\u00e9 et contemporain, id\u00e9al pour celles qui recherchent un parfum polyvalent mais distinctif. Sa tenue longue dur\u00e9e et son intensit\u00e9 \u00e9quilibr\u00e9e en font un alli\u00e9 id\u00e9al tout au long de la journ\u00e9e.<\/p>\n<p data-start=\"3686\" data-end=\"3824\" data-is-last-node=\"\" data-is-only-node=\"\">Une fragrance qui raconte une histoire de charme et de myst\u00e8re, parfaite pour celles qui aiment laisser une empreinte subtile et \u00e9l\u00e9gante.<\/p>\n<\/div>\n<p data-start=\"1126\" data-end=\"1250\" data-is-last-node=\"\" data-is-only-node=\"\">Follow us!\u00a0<a href=\"https:\/\/www.instagram.com\/freeshopswiss\/\" target=\"_blank\" rel=\"noopener\">@freeshopswiss<\/a><\/p>\n<\/div>\n<\/div>\n<\/div>\n<\/div>\n<\/div>\n<\/section>\n","protected":false},"excerpt":{"rendered":"<p>D\u00e9couvrez Lattafa Her Confession Eau de Parfum, une fragrance f\u00e9minine intense et s\u00e9duisante, con\u00e7ue pour la femme moderne qui aime exprimer sa personnalit\u00e9 avec \u00e9l\u00e9gance et caract\u00e8re.<\/p>\n","protected":false},"featured_media":42799,"comment_status":"open","ping_status":"closed","template":"","meta":[],"pwb-brand":[772],"product_brand":[],"product_cat":[87,109,4195],"product_tag":[252,296,789,97],"class_list":{"0":"post-42803","1":"product","2":"type-product","3":"status-publish","4":"has-post-thumbnail","6":"pwb-brand-lattafa","7":"product_cat-parfums","8":"product_cat-pour-elle","9":"product_cat-parfums-offer","10":"product_tag-eau-de-parfum-fr","11":"product_tag-femme","12":"product_tag-womens-fragrances-fr","13":"product_tag-parfums","15":"first","16":"instock","17":"sale","18":"taxable","19":"shipping-taxable","20":"purchasable","21":"product-type-simple"},"brands":[{"id":772,"name":"Lattafa","slug":"lattafa"}],"_links":{"self":[{"href":"https:\/\/www.freeshopfrontiera.ch\/fr\/wp-json\/wp\/v2\/product\/42803","targetHints":{"allow":["GET"]}}],"collection":[{"href":"https:\/\/www.freeshopfrontiera.ch\/fr\/wp-json\/wp\/v2\/product"}],"about":[{"href":"https:\/\/www.freeshopfrontiera.ch\/fr\/wp-json\/wp\/v2\/types\/product"}],"replies":[{"embeddable":true,"href":"https:\/\/www.freeshopfrontiera.ch\/fr\/wp-json\/wp\/v2\/comments?post=42803"}],"version-history":[{"count":1,"href":"https:\/\/www.freeshopfrontiera.ch\/fr\/wp-json\/wp\/v2\/product\/42803\/revisions"}],"predecessor-version":[{"id":42809,"href":"https:\/\/www.freeshopfrontiera.ch\/fr\/wp-json\/wp\/v2\/product\/42803\/revisions\/42809"}],"wp:featuredmedia":[{"embeddable":true,"href":"https:\/\/www.freeshopfrontiera.ch\/fr\/wp-json\/wp\/v2\/media\/42799"}],"wp:attachment":[{"href":"https:\/\/www.freeshopfrontiera.ch\/fr\/wp-json\/wp\/v2\/media?parent=42803"}],"wp:term":[{"taxonomy":"pwb-brand","embeddable":true,"href":"https:\/\/www.freeshopfrontiera.ch\/fr\/wp-json\/wp\/v2\/pwb-brand?post=42803"},{"taxonomy":"product_brand","embeddable":true,"href":"https:\/\/www.freeshopfrontiera.ch\/fr\/wp-json\/wp\/v2\/product_brand?post=42803"},{"taxonomy":"product_cat","embeddable":true,"href":"https:\/\/www.freeshopfrontiera.ch\/fr\/wp-json\/wp\/v2\/product_cat?post=42803"},{"taxonomy":"product_tag","embeddable":true,"href":"https:\/\/www.freeshopfrontiera.ch\/fr\/wp-json\/wp\/v2\/product_tag?post=42803"}],"curies":[{"name":"wp","href":"https:\/\/api.w.org\/{rel}","templated":true}]}}