{"id":42913,"date":"2026-05-11T11:58:06","date_gmt":"2026-05-11T11:58:06","guid":{"rendered":"https:\/\/www.freeshopfrontiera.ch\/shop\/moschino-toy-yummy-eau-de-parfum\/"},"modified":"2026-05-11T12:02:18","modified_gmt":"2026-05-11T12:02:18","slug":"moschino-toy-yummy-eau-de-parfum","status":"publish","type":"product","link":"https:\/\/www.freeshopfrontiera.ch\/fr\/shop\/moschino-toy-yummy-eau-de-parfum\/","title":{"rendered":"MOSCHINO Toy Yummy Eau de Parfum"},"content":{"rendered":"<h4 data-section-id=\"1npfmkk\" data-start=\"0\" data-end=\"93\">MOSCHINO Toy Yummy Eau de Parfum<\/h4>\n<p data-start=\"95\" data-end=\"1312\" data-is-last-node=\"\" data-is-only-node=\"\">MOSCHINO Toy Yummy Eau de Parfum est une fragrance f\u00e9minine vibrante et gourmande, con\u00e7ue pour celles qui aiment les parfums originaux, sucr\u00e9s et \u00e0 fort impact sensoriel. Une composition moderne et ludique qui associe l\u2019esth\u00e9tique iconique de la ligne Toy \u00e0 une \u00e2me juteuse et gourmande, parfaite pour se d\u00e9marquer avec l\u00e9g\u00e8ret\u00e9 et style. La fragrance s\u2019ouvre sur des notes de t\u00eate fruit\u00e9es, lumineuses et juteuses, aux accents sucr\u00e9s et l\u00e9g\u00e8rement agrum\u00e9s, offrant un d\u00e9part \u00e9nergique et p\u00e9tillant. Le c\u0153ur d\u00e9voile un accord gourmand sucr\u00e9 enrichi de nuances florales douces, rendant le parfum ludique, rond et enveloppant. Le fond repose sur une base chaleureuse et r\u00e9confortante de vanille et de musc, laissant un sillage sucr\u00e9, persistant et irr\u00e9sistible. MOSCHINO Toy Yummy se distingue par son style amusant et contemporain, transformant la douceur en v\u00e9ritable d\u00e9claration olfactive tout en conservant un \u00e9quilibre entre intensit\u00e9 et l\u00e9g\u00e8ret\u00e9. Id\u00e9al pour les personnalit\u00e9s cr\u00e9atives et lumineuses qui aiment les parfums qui ne passent pas inaper\u00e7us. Parfait au quotidien et pendant les saisons douces, c\u2019est le choix id\u00e9al pour un sillage gourmand, jeune et captivant.<\/p>\n<p data-start=\"95\" data-end=\"1312\" data-is-last-node=\"\" data-is-only-node=\"\">Follow us!\u00a0<a href=\"https:\/\/www.instagram.com\/freeshopswiss\/\" target=\"_blank\" rel=\"noopener\">@freeshopswiss<\/a><\/p>\n","protected":false},"excerpt":{"rendered":"<p>MOSCHINO Toy Yummy Eau de Parfum est une fragrance f\u00e9minine vibrante et gourmande, con\u00e7ue pour celles qui aiment les parfums originaux, sucr\u00e9s et \u00e0 fort impact sensoriel.<\/p>\n","protected":false},"featured_media":42890,"comment_status":"open","ping_status":"closed","template":"","meta":[],"pwb-brand":[379],"product_brand":[],"product_cat":[103,87,109],"product_tag":[252,789,97],"class_list":{"0":"post-42913","1":"product","2":"type-product","3":"status-publish","4":"has-post-thumbnail","6":"pwb-brand-moschino","7":"product_cat-nouveaute","8":"product_cat-parfums","9":"product_cat-pour-elle","10":"product_tag-eau-de-parfum-fr","11":"product_tag-womens-fragrances-fr","12":"product_tag-parfums","14":"first","15":"instock","16":"sale","17":"taxable","18":"shipping-taxable","19":"purchasable","20":"product-type-variable","21":"has-default-attributes"},"brands":[{"id":379,"name":"Moschino","slug":"moschino"}],"_links":{"self":[{"href":"https:\/\/www.freeshopfrontiera.ch\/fr\/wp-json\/wp\/v2\/product\/42913","targetHints":{"allow":["GET"]}}],"collection":[{"href":"https:\/\/www.freeshopfrontiera.ch\/fr\/wp-json\/wp\/v2\/product"}],"about":[{"href":"https:\/\/www.freeshopfrontiera.ch\/fr\/wp-json\/wp\/v2\/types\/product"}],"replies":[{"embeddable":true,"href":"https:\/\/www.freeshopfrontiera.ch\/fr\/wp-json\/wp\/v2\/comments?post=42913"}],"version-history":[{"count":2,"href":"https:\/\/www.freeshopfrontiera.ch\/fr\/wp-json\/wp\/v2\/product\/42913\/revisions"}],"predecessor-version":[{"id":42923,"href":"https:\/\/www.freeshopfrontiera.ch\/fr\/wp-json\/wp\/v2\/product\/42913\/revisions\/42923"}],"wp:featuredmedia":[{"embeddable":true,"href":"https:\/\/www.freeshopfrontiera.ch\/fr\/wp-json\/wp\/v2\/media\/42890"}],"wp:attachment":[{"href":"https:\/\/www.freeshopfrontiera.ch\/fr\/wp-json\/wp\/v2\/media?parent=42913"}],"wp:term":[{"taxonomy":"pwb-brand","embeddable":true,"href":"https:\/\/www.freeshopfrontiera.ch\/fr\/wp-json\/wp\/v2\/pwb-brand?post=42913"},{"taxonomy":"product_brand","embeddable":true,"href":"https:\/\/www.freeshopfrontiera.ch\/fr\/wp-json\/wp\/v2\/product_brand?post=42913"},{"taxonomy":"product_cat","embeddable":true,"href":"https:\/\/www.freeshopfrontiera.ch\/fr\/wp-json\/wp\/v2\/product_cat?post=42913"},{"taxonomy":"product_tag","embeddable":true,"href":"https:\/\/www.freeshopfrontiera.ch\/fr\/wp-json\/wp\/v2\/product_tag?post=42913"}],"curies":[{"name":"wp","href":"https:\/\/api.w.org\/{rel}","templated":true}]}}