{"id":42954,"date":"2026-05-11T12:15:18","date_gmt":"2026-05-11T12:15:18","guid":{"rendered":"https:\/\/www.freeshopfrontiera.ch\/shop\/moschino-toy-gummy-eau-de-parfum\/"},"modified":"2026-05-11T12:18:11","modified_gmt":"2026-05-11T12:18:11","slug":"moschino-toy-gummy-eau-de-parfum","status":"publish","type":"product","link":"https:\/\/www.freeshopfrontiera.ch\/fr\/shop\/moschino-toy-gummy-eau-de-parfum\/","title":{"rendered":"MOSCHINO Toy Gummy Eau de Parfum"},"content":{"rendered":"<h4 data-section-id=\"1l422vm\" data-start=\"0\" data-end=\"91\">MOSCHINO Toy Gummy Eau de Parfum<\/h4>\n<p data-start=\"1316\" data-end=\"2481\">MOSCHINO Toy Gummy Eau de Parfum est une fragrance f\u00e9minine joyeuse et irr\u00e9sistiblement gourmande, inspir\u00e9e de l\u2019univers des bonbons g\u00e9lifi\u00e9s, con\u00e7ue pour celles qui aiment les parfums fruit\u00e9s, sucr\u00e9s et au caract\u00e8re jeune et insouciant. Une explosion de fra\u00eecheur et de douceur qui refl\u00e8te le style cr\u00e9atif et ironique de <span class=\"hover:entity-accent entity-underline inline cursor-pointer align-baseline\"><span class=\"whitespace-normal\">Moschino<\/span><\/span> dans une interpr\u00e9tation parfum\u00e9e fra\u00eeche et surprenante.<\/p>\n<p data-start=\"1316\" data-end=\"2481\">La fragrance s\u2019ouvre sur un m\u00e9lange fruit\u00e9 vif et juteux, o\u00f9 des notes sucr\u00e9es et l\u00e9g\u00e8rement acidul\u00e9es cr\u00e9ent une impression imm\u00e9diate, lumineuse et amusante. Le c\u0153ur \u00e9volue vers un accord doux et sucr\u00e9 rappelant les bonbons g\u00e9lifi\u00e9s, enrichi de nuances l\u00e9g\u00e8res et lumineuses qui rendent la composition encore plus ludique et addictive. Le fond repose sur une base douce et chaleureuse de musc et d\u2019accords sucr\u00e9s, laissant un sillage d\u00e9licat mais enveloppant.<\/p>\n<p data-start=\"1316\" data-end=\"2481\">MOSCHINO Toy Gummy se distingue par son esprit pop et contemporain, pens\u00e9 pour celles qui aiment les parfums qui apportent de la bonne humeur. Parfait pour un usage quotidien, surtout en saison chaude, il est id\u00e9al pour celles qui recherchent un parfum sucr\u00e9, frais, jeune et amusant.<\/p>\n<p data-start=\"1250\" data-end=\"1462\" data-is-last-node=\"\" data-is-only-node=\"\">Follow us!\u00a0<a href=\"https:\/\/www.instagram.com\/freeshopswiss\/\" target=\"_blank\" rel=\"noopener\">@freeshopswiss<\/a><\/p>\n","protected":false},"excerpt":{"rendered":"<p>MOSCHINO Toy Gummy Eau de Parfum est une fragrance f\u00e9minine joyeuse et irr\u00e9sistiblement gourmande, inspir\u00e9e de l\u2019univers des bonbons g\u00e9lifi\u00e9s, con\u00e7ue pour celles qui aiment les parfums fruit\u00e9s, sucr\u00e9s et au caract\u00e8re jeune et insouciant.<\/p>\n","protected":false},"featured_media":42930,"comment_status":"open","ping_status":"closed","template":"","meta":[],"pwb-brand":[379],"product_brand":[],"product_cat":[103,87,109],"product_tag":[252,296,789,97],"class_list":{"0":"post-42954","1":"product","2":"type-product","3":"status-publish","4":"has-post-thumbnail","6":"pwb-brand-moschino","7":"product_cat-nouveaute","8":"product_cat-parfums","9":"product_cat-pour-elle","10":"product_tag-eau-de-parfum-fr","11":"product_tag-femme","12":"product_tag-womens-fragrances-fr","13":"product_tag-parfums","15":"first","16":"instock","17":"sale","18":"taxable","19":"shipping-taxable","20":"purchasable","21":"product-type-variable","22":"has-default-attributes"},"brands":[{"id":379,"name":"Moschino","slug":"moschino"}],"_links":{"self":[{"href":"https:\/\/www.freeshopfrontiera.ch\/fr\/wp-json\/wp\/v2\/product\/42954","targetHints":{"allow":["GET"]}}],"collection":[{"href":"https:\/\/www.freeshopfrontiera.ch\/fr\/wp-json\/wp\/v2\/product"}],"about":[{"href":"https:\/\/www.freeshopfrontiera.ch\/fr\/wp-json\/wp\/v2\/types\/product"}],"replies":[{"embeddable":true,"href":"https:\/\/www.freeshopfrontiera.ch\/fr\/wp-json\/wp\/v2\/comments?post=42954"}],"version-history":[{"count":1,"href":"https:\/\/www.freeshopfrontiera.ch\/fr\/wp-json\/wp\/v2\/product\/42954\/revisions"}],"predecessor-version":[{"id":42963,"href":"https:\/\/www.freeshopfrontiera.ch\/fr\/wp-json\/wp\/v2\/product\/42954\/revisions\/42963"}],"wp:featuredmedia":[{"embeddable":true,"href":"https:\/\/www.freeshopfrontiera.ch\/fr\/wp-json\/wp\/v2\/media\/42930"}],"wp:attachment":[{"href":"https:\/\/www.freeshopfrontiera.ch\/fr\/wp-json\/wp\/v2\/media?parent=42954"}],"wp:term":[{"taxonomy":"pwb-brand","embeddable":true,"href":"https:\/\/www.freeshopfrontiera.ch\/fr\/wp-json\/wp\/v2\/pwb-brand?post=42954"},{"taxonomy":"product_brand","embeddable":true,"href":"https:\/\/www.freeshopfrontiera.ch\/fr\/wp-json\/wp\/v2\/product_brand?post=42954"},{"taxonomy":"product_cat","embeddable":true,"href":"https:\/\/www.freeshopfrontiera.ch\/fr\/wp-json\/wp\/v2\/product_cat?post=42954"},{"taxonomy":"product_tag","embeddable":true,"href":"https:\/\/www.freeshopfrontiera.ch\/fr\/wp-json\/wp\/v2\/product_tag?post=42954"}],"curies":[{"name":"wp","href":"https:\/\/api.w.org\/{rel}","templated":true}]}}