{"id":42989,"date":"2026-05-12T08:00:55","date_gmt":"2026-05-12T08:00:55","guid":{"rendered":"https:\/\/www.freeshopfrontiera.ch\/shop\/rabanne-invictus-elixir-parfum\/"},"modified":"2026-05-12T08:03:27","modified_gmt":"2026-05-12T08:03:27","slug":"rabanne-invictus-elixir-parfum","status":"publish","type":"product","link":"https:\/\/www.freeshopfrontiera.ch\/fr\/shop\/rabanne-invictus-elixir-parfum\/","title":{"rendered":"RABANNE Invictus Elixir Parfum"},"content":{"rendered":"<div class=\"relative w-full overflow-visible\">\n<section class=\"text-token-text-primary w-full focus:outline-none [--shadow-height:45px] has-data-writing-block:pointer-events-none has-data-writing-block:-mt-(--shadow-height) has-data-writing-block:pt-(--shadow-height) [&amp;:has([data-writing-block])&gt;*]:pointer-events-auto R6Vx5W_threadScrollVars scroll-mb-[calc(var(--scroll-root-safe-area-inset-bottom,0px)+var(--thread-response-height))] scroll-mt-(--header-height)\" dir=\"auto\" data-turn-id=\"57f3eb4d-c0ef-4bc8-b28d-192919e12155\" data-turn-id-container=\"57f3eb4d-c0ef-4bc8-b28d-192919e12155\" data-testid=\"conversation-turn-9\" data-scroll-anchor=\"false\" data-turn=\"user\"><\/section>\n<div class=\"contents\">\n<h2 data-section-id=\"1vpepxg\" data-start=\"2164\" data-end=\"2234\">RABANNE Invictus Elixir Parfum<\/h2>\n<p data-start=\"2236\" data-end=\"2556\">D\u00e9couvrez la puissance absolue de <span class=\"hover:entity-accent entity-underline inline cursor-pointer align-baseline\"><span class=\"whitespace-normal\">Rabanne<\/span><\/span> avec Invictus Elixir Parfum, une fragrance masculine intense et s\u00e9duisante pens\u00e9e pour l\u2019homme qui aime se d\u00e9marquer. Un parfum riche et enveloppant qui associe fra\u00eecheur aromatique et profondeur ambr\u00e9e dans une composition sophistiqu\u00e9e et moderne.<\/p>\n<p data-start=\"2558\" data-end=\"2900\">L\u2019ouverture s\u00e9duit par des notes \u00e9pic\u00e9es et aromatiques vibrantes, apportant \u00e9nergie et caract\u00e8re d\u00e8s les premiers instants. En c\u0153ur, des accords chauds et sensuels r\u00e9v\u00e8lent \u00e9l\u00e9gance et intensit\u00e9, tandis que le fond d\u00e9voile un sillage puissant et durable d\u2019ambre, de bois et de vanille, cr\u00e9ant un \u00e9quilibre parfait entre force et raffinement.<\/p>\n<p data-start=\"2902\" data-end=\"3243\" data-is-last-node=\"\" data-is-only-node=\"\">Invictus Elixir Parfum est id\u00e9al pour ceux qui recherchent une fragrance masculine intense, persistante et charismatique, parfaite pour le soir, les occasions sp\u00e9ciales ou pour affirmer leur pr\u00e9sence au quotidien. Le design iconique du flacon \u00e9voque l\u2019univers de la victoire et de la puissance, symbole d\u2019une masculinit\u00e9 moderne et affirm\u00e9e.<\/p>\n<\/div>\n<\/div>\n<div class=\"relative w-full overflow-visible\">\n<section class=\"text-token-text-primary w-full focus:outline-none [--shadow-height:45px] has-data-writing-block:pointer-events-none has-data-writing-block:-mt-(--shadow-height) has-data-writing-block:pt-(--shadow-height) [&amp;:has([data-writing-block])&gt;*]:pointer-events-auto [content-visibility:auto] supports-[content-visibility:auto]:[contain-intrinsic-size:auto_100lvh] R6Vx5W_threadScrollVars scroll-mb-[calc(var(--scroll-root-safe-area-inset-bottom,0px)+var(--thread-response-height))] scroll-mt-[calc(var(--header-height)+min(200px,max(70px,20svh)))]\" dir=\"auto\" data-turn-id=\"request-WEB:05b3491c-4073-442f-b477-94ebcb38e29e-4\" data-turn-id-container=\"request-WEB:05b3491c-4073-442f-b477-94ebcb38e29e-4\" data-testid=\"conversation-turn-10\" data-scroll-anchor=\"false\" data-turn=\"assistant\">\n<div class=\"text-base my-auto mx-auto pb-10 [--thread-content-margin:var(--thread-content-margin-xs,calc(var(--spacing)*4))] @w-sm\/main:[--thread-content-margin:var(--thread-content-margin-sm,calc(var(--spacing)*6))] @w-lg\/main:[--thread-content-margin:var(--thread-content-margin-lg,calc(var(--spacing)*16))] px-(--thread-content-margin)\">\n<div class=\"[--thread-content-max-width:40rem] @w-lg\/main:[--thread-content-max-width:48rem] mx-auto max-w-(--thread-content-max-width) flex-1 group\/turn-messages focus-visible:outline-hidden relative flex w-full min-w-0 flex-col agent-turn\">\n<div class=\"flex max-w-full flex-col gap-4 grow\">\n<div class=\"min-h-8 text-message relative flex w-full flex-col items-end gap-2 text-start break-words whitespace-normal outline-none keyboard-focused:focus-ring [.text-message+&amp;]:mt-1\" dir=\"auto\" tabindex=\"0\" data-message-author-role=\"assistant\" data-message-id=\"a3809c6e-20ef-4dfa-afe5-5c2c64a7014e\" data-message-model-slug=\"gpt-5-5\" data-turn-start-message=\"true\">\n<div class=\"flex w-full flex-col gap-1 empty:hidden\">\n<div class=\"markdown prose dark:prose-invert wrap-break-word w-full light markdown-new-styling\">\n<p data-start=\"738\" data-end=\"1051\">\n<\/div>\n<p data-start=\"738\" data-end=\"1051\">Follow us!\u00a0<a href=\"https:\/\/www.instagram.com\/freeshopswiss\/\" target=\"_blank\" rel=\"noopener\">@freeshopswiss<\/a><\/p>\n<\/div>\n<\/div>\n<\/div>\n<\/div>\n<\/div>\n<\/section>\n<\/div>\n","protected":false},"excerpt":{"rendered":"<p>D\u00e9couvrez la puissance absolue de <span class=\"hover:entity-accent entity-underline inline cursor-pointer align-baseline\"><span class=\"whitespace-normal\">Rabanne<\/span><\/span> avec Invictus Elixir Parfum, une fragrance masculine intense et s\u00e9duisante pens\u00e9e pour l\u2019homme qui aime se d\u00e9marquer.<\/p>\n","protected":false},"featured_media":42972,"comment_status":"open","ping_status":"closed","template":"","meta":[],"pwb-brand":[378],"product_brand":[],"product_cat":[87,89],"product_tag":[252,1629,143,97],"class_list":{"0":"post-42989","1":"product","2":"type-product","3":"status-publish","4":"has-post-thumbnail","6":"pwb-brand-rabanne","7":"product_cat-parfums","8":"product_cat-pour-lui","9":"product_tag-eau-de-parfum-fr","10":"product_tag-mens-fragrances-fr","11":"product_tag-homme","12":"product_tag-parfums","14":"first","15":"instock","16":"sale","17":"taxable","18":"shipping-taxable","19":"purchasable","20":"product-type-variable","21":"has-default-attributes"},"brands":[{"id":378,"name":"Rabanne","slug":"rabanne"}],"_links":{"self":[{"href":"https:\/\/www.freeshopfrontiera.ch\/fr\/wp-json\/wp\/v2\/product\/42989","targetHints":{"allow":["GET"]}}],"collection":[{"href":"https:\/\/www.freeshopfrontiera.ch\/fr\/wp-json\/wp\/v2\/product"}],"about":[{"href":"https:\/\/www.freeshopfrontiera.ch\/fr\/wp-json\/wp\/v2\/types\/product"}],"replies":[{"embeddable":true,"href":"https:\/\/www.freeshopfrontiera.ch\/fr\/wp-json\/wp\/v2\/comments?post=42989"}],"version-history":[{"count":1,"href":"https:\/\/www.freeshopfrontiera.ch\/fr\/wp-json\/wp\/v2\/product\/42989\/revisions"}],"predecessor-version":[{"id":42996,"href":"https:\/\/www.freeshopfrontiera.ch\/fr\/wp-json\/wp\/v2\/product\/42989\/revisions\/42996"}],"wp:featuredmedia":[{"embeddable":true,"href":"https:\/\/www.freeshopfrontiera.ch\/fr\/wp-json\/wp\/v2\/media\/42972"}],"wp:attachment":[{"href":"https:\/\/www.freeshopfrontiera.ch\/fr\/wp-json\/wp\/v2\/media?parent=42989"}],"wp:term":[{"taxonomy":"pwb-brand","embeddable":true,"href":"https:\/\/www.freeshopfrontiera.ch\/fr\/wp-json\/wp\/v2\/pwb-brand?post=42989"},{"taxonomy":"product_brand","embeddable":true,"href":"https:\/\/www.freeshopfrontiera.ch\/fr\/wp-json\/wp\/v2\/product_brand?post=42989"},{"taxonomy":"product_cat","embeddable":true,"href":"https:\/\/www.freeshopfrontiera.ch\/fr\/wp-json\/wp\/v2\/product_cat?post=42989"},{"taxonomy":"product_tag","embeddable":true,"href":"https:\/\/www.freeshopfrontiera.ch\/fr\/wp-json\/wp\/v2\/product_tag?post=42989"}],"curies":[{"name":"wp","href":"https:\/\/api.w.org\/{rel}","templated":true}]}}