{"id":43012,"date":"2026-05-15T09:37:20","date_gmt":"2026-05-15T09:37:20","guid":{"rendered":"https:\/\/www.freeshopfrontiera.ch\/shop\/lancaster-sun-perfect-air-sensitive-spf50-40ml\/"},"modified":"2026-05-15T09:43:11","modified_gmt":"2026-05-15T09:43:11","slug":"lancaster-sun-perfect-air-sensitive-spf50-40ml","status":"publish","type":"product","link":"https:\/\/www.freeshopfrontiera.ch\/fr\/shop\/lancaster-sun-perfect-air-sensitive-spf50-40ml\/","title":{"rendered":"LANCASTER Sun Perfect Air Sensitive SPF50 40ml"},"content":{"rendered":"<h2 data-section-id=\"dhi18c\" data-start=\"1910\" data-end=\"1959\">Lancaster Sun Perfect Air Sensitive SPF50 40ml<\/h2>\n<p data-start=\"1961\" data-end=\"2499\">Lancaster Sun Perfect Air Sensitive SPF50 est le soin solaire quotidien id\u00e9al pour le visage, con\u00e7u pour celles et ceux qui recherchent une tr\u00e8s haute protection associ\u00e9e \u00e0 une technologie de soin avanc\u00e9e pour les peaux sensibles et d\u00e9licates. Ce fluide ultra-l\u00e9ger associe une technologie solaire de nouvelle g\u00e9n\u00e9ration \u00e0 des actifs apaisants, offrant une protection invisible contre les rayons UVA, UVB, la lumi\u00e8re bleue et les infrarouges, tout en aidant \u00e0 pr\u00e9venir les rougeurs, les imperfections et les signes du photovieillissement.<\/p>\n<p data-start=\"2501\" data-end=\"2946\" data-is-last-node=\"\" data-is-only-node=\"\">Sa texture a\u00e9rienne et impalpable p\u00e9n\u00e8tre rapidement sans laisser de traces blanches ni de sensation lourde sur la peau, ce qui en fait une excellente base de maquillage et un soin parfait pour une utilisation quotidienne toute l\u2019ann\u00e9e. Gr\u00e2ce \u00e0 sa formule min\u00e9rale sp\u00e9cialement con\u00e7ue pour les peaux sensibles, il procure un confort imm\u00e9diat, aide \u00e0 apaiser les irritations et la s\u00e9cheresse, tout en laissant la peau douce, uniforme et prot\u00e9g\u00e9e.<\/p>\n<p data-start=\"606\" data-end=\"1047\">Follow us!\u00a0<a href=\"https:\/\/www.instagram.com\/freeshopswiss\/\" target=\"_blank\" rel=\"noopener\">@freeshopswiss<\/a><\/p>\n","protected":false},"excerpt":{"rendered":"<p>Lancaster Sun Perfect Air Sensitive SPF50 est le soin solaire quotidien id\u00e9al pour le visage, con\u00e7u pour celles et ceux qui recherchent une tr\u00e8s haute protection associ\u00e9e \u00e0 une technologie de soin avanc\u00e9e pour les peaux sensibles et d\u00e9licates.<\/p>\n","protected":false},"featured_media":43007,"comment_status":"open","ping_status":"closed","template":"","meta":[],"pwb-brand":[421],"product_brand":[],"product_cat":[103,295,424],"product_tag":[553,296,562,417],"class_list":{"0":"post-43012","1":"product","2":"type-product","3":"status-publish","4":"has-post-thumbnail","6":"pwb-brand-lancaster","7":"product_cat-nouveaute","8":"product_cat-traitements","9":"product_cat-solari-fr","10":"product_tag-creme-solaire","11":"product_tag-femme","12":"product_tag-nouveautes-soins","13":"product_tag-soins-fr","15":"first","16":"instock","17":"sale","18":"taxable","19":"shipping-taxable","20":"purchasable","21":"product-type-simple"},"brands":[{"id":421,"name":"Lancaster","slug":"lancaster"}],"_links":{"self":[{"href":"https:\/\/www.freeshopfrontiera.ch\/fr\/wp-json\/wp\/v2\/product\/43012","targetHints":{"allow":["GET"]}}],"collection":[{"href":"https:\/\/www.freeshopfrontiera.ch\/fr\/wp-json\/wp\/v2\/product"}],"about":[{"href":"https:\/\/www.freeshopfrontiera.ch\/fr\/wp-json\/wp\/v2\/types\/product"}],"replies":[{"embeddable":true,"href":"https:\/\/www.freeshopfrontiera.ch\/fr\/wp-json\/wp\/v2\/comments?post=43012"}],"version-history":[{"count":1,"href":"https:\/\/www.freeshopfrontiera.ch\/fr\/wp-json\/wp\/v2\/product\/43012\/revisions"}],"predecessor-version":[{"id":43016,"href":"https:\/\/www.freeshopfrontiera.ch\/fr\/wp-json\/wp\/v2\/product\/43012\/revisions\/43016"}],"wp:featuredmedia":[{"embeddable":true,"href":"https:\/\/www.freeshopfrontiera.ch\/fr\/wp-json\/wp\/v2\/media\/43007"}],"wp:attachment":[{"href":"https:\/\/www.freeshopfrontiera.ch\/fr\/wp-json\/wp\/v2\/media?parent=43012"}],"wp:term":[{"taxonomy":"pwb-brand","embeddable":true,"href":"https:\/\/www.freeshopfrontiera.ch\/fr\/wp-json\/wp\/v2\/pwb-brand?post=43012"},{"taxonomy":"product_brand","embeddable":true,"href":"https:\/\/www.freeshopfrontiera.ch\/fr\/wp-json\/wp\/v2\/product_brand?post=43012"},{"taxonomy":"product_cat","embeddable":true,"href":"https:\/\/www.freeshopfrontiera.ch\/fr\/wp-json\/wp\/v2\/product_cat?post=43012"},{"taxonomy":"product_tag","embeddable":true,"href":"https:\/\/www.freeshopfrontiera.ch\/fr\/wp-json\/wp\/v2\/product_tag?post=43012"}],"curies":[{"name":"wp","href":"https:\/\/api.w.org\/{rel}","templated":true}]}}