{"id":7107,"date":"2024-11-07T17:04:03","date_gmt":"2024-11-07T17:04:03","guid":{"rendered":"https:\/\/freeshopswiss.alesca.org\/prodotto\/calvin-klein-ck-one\/"},"modified":"2025-04-25T08:38:09","modified_gmt":"2025-04-25T08:38:09","slug":"calvin-klein-ck-one","status":"publish","type":"product","link":"https:\/\/www.freeshopfrontiera.ch\/fr\/shop\/calvin-klein-ck-one\/","title":{"rendered":"CALVIN KLEIN Ck One"},"content":{"rendered":"<p><strong>Calvin Klein CK One Eau de Toilette 200ml : une fra\u00eecheur unisexe qui conquiert tout le monde<\/strong><\/p>\n<p><strong>Calvin Klein CK One <\/strong>est un parfum iconique qui a r\u00e9volutionn\u00e9 le monde du parfum depuis son lancement en 1994. Unisexe, frais et irr\u00e9sistible, CK One repr\u00e9sente l\u2019essence de la libert\u00e9 et de l\u2019authenticit\u00e9. Avec sa composition l\u00e9g\u00e8re et dynamique, c\u2019est le parfum parfait pour ceux qui recherchent un parfum polyvalent et moderne adapt\u00e9 \u00e0 toutes les occasions. Le flacon <strong>de 200 ml<\/strong> est con\u00e7u pour ceux qui aiment se parfumer tous les jours et qui veulent un approvisionnement durable pour leur routine. La magie de <strong>Calvin Klein CK One<\/strong> r\u00e9side dans sa formule qui sait \u00eatre \u00e0 la fois fra\u00eeche et enveloppante. Les notes de t\u00eate de citron, de bergamote, d\u2019ananas et de papaye donnent imm\u00e9diatement un regain d\u2019\u00e9nergie et de vitalit\u00e9. La fragrance \u00e9volue avec un c\u0153ur floral et d\u00e9licat, dans lequel la jacinthe, le muguet et la rose se m\u00ealent parfaitement, cr\u00e9ant une harmonie fra\u00eeche et raffin\u00e9e. Enfin, les notes de fond de musc, de bois de c\u00e8dre et d\u2019ambre ajoutent une profondeur chaleureuse et sensuelle, ce qui donne \u00e0 la fragrance une persistance unique. Le flacon de <strong>200 ml<\/strong> de <strong>CK One<\/strong> a un design minimaliste et \u00e9l\u00e9gant, avec des lignes essentielles qui refl\u00e8tent la puret\u00e9 et la fra\u00eecheur du parfum lui-m\u00eame. Un flacon simple mais iconique, qui devient un v\u00e9ritable objet de style \u00e0 mettre en valeur. Avec le vaporisateur pratique, chaque application devient un geste rapide et agr\u00e9able. Parfait pour toutes les saisons, en particulier le printemps et l\u2019\u00e9t\u00e9, <strong>CK One<\/strong> est id\u00e9al pour un usage quotidien, mais aussi pour des soir\u00e9es plus d\u00e9contract\u00e9es ou une journ\u00e9e au bureau. Sa l\u00e9g\u00e8ret\u00e9 et sa polyvalence en font un parfum qui ne se lasse jamais. Si vous \u00eates \u00e0 la recherche d\u2019un parfum qui allie fra\u00eecheur, \u00e9l\u00e9gance et une touche de personnalit\u00e9, <strong>CK One<\/strong> est le bon choix pour vous. Ne manquez pas l\u2019occasion de d\u00e9couvrir pourquoi CK One est un incontournable de Calvin Klein. <strong>Achetez maintenant<\/strong> pour CHF 49.90 et laissez-vous accompagner par la fra\u00eecheur tous les jours ! Suivez toutes nos actualit\u00e9s !<\/p>\n<p><a href=\"https:\/\/www.instagram.com\/freeshopswiss\/\" target=\"_blank\" rel=\"noopener\">@freeshopswiss<\/a><\/p>\n","protected":false},"excerpt":{"rendered":"<div class=\"flex-shrink-0 flex flex-col relative items-end\">\n<div>\n<div class=\"pt-0\">\n<div class=\"gizmo-bot-avatar flex h-8 w-8 items-center justify-center overflow-hidden rounded-full\">\n<div class=\"relative p-1 rounded-sm flex items-center justify-center bg-token-main-surface-primary text-token-text-primary h-8 w-8\"><\/div>\n<\/div>\n<\/div>\n<\/div>\n<\/div>\n<div class=\"group\/conversation-turn relative flex w-full min-w-0 flex-col agent-turn\">\n<div class=\"flex-col gap-1 md:gap-3\">\n<div class=\"flex max-w-full flex-col flex-grow\">\n<div class=\"min-h-8 text-message flex w-full flex-col items-end gap-2 whitespace-normal break-words [.text-message+&amp;]:mt-5\" dir=\"auto\" data-message-author-role=\"assistant\" data-message-id=\"ba5f76ba-9335-406e-8f44-f993b1973d02\" data-message-model-slug=\"gpt-4o-mini\">\n<div class=\"flex w-full flex-col gap-1 empty:hidden first:pt-[3px]\">\n<div class=\"markdown prose w-full break-words dark:prose-invert light\">\n<p><strong>Calvin Klein CK One Eau de Toilette 200ml<\/strong> est un parfum frais et unisexe, id\u00e9al pour toutes les occasions. Avec des notes d\u2019agrumes, florales et bois\u00e9es, il est l\u00e9ger, polyvalent et parfait pour un usage quotidien.<\/p>\n<\/div>\n<\/div>\n<\/div>\n<\/div>\n<\/div>\n<\/div>\n","protected":false},"featured_media":7098,"comment_status":"open","ping_status":"closed","template":"","meta":[],"pwb-brand":[181],"product_brand":[],"product_cat":[96,138,87,89,4195],"product_tag":[141,296,789,1629,143,97,4367,594],"class_list":{"0":"post-7107","1":"product","2":"type-product","3":"status-publish","4":"has-post-thumbnail","6":"pwb-brand-calvin-klein","7":"product_cat-evidence","8":"product_cat-offre","9":"product_cat-parfums","10":"product_cat-pour-lui","11":"product_cat-parfums-offer","12":"product_tag-eau-de-toilette-fr","13":"product_tag-femme","14":"product_tag-womens-fragrances-fr","15":"product_tag-mens-fragrances-fr","16":"product_tag-homme","17":"product_tag-parfums","18":"product_tag-special-printemps","19":"product_tag-unisex-fr-2","21":"first","22":"instock","23":"sale","24":"taxable","25":"shipping-taxable","26":"purchasable","27":"product-type-simple"},"brands":[{"id":181,"name":"Calvin Klein","slug":"calvin-klein"}],"_links":{"self":[{"href":"https:\/\/www.freeshopfrontiera.ch\/fr\/wp-json\/wp\/v2\/product\/7107","targetHints":{"allow":["GET"]}}],"collection":[{"href":"https:\/\/www.freeshopfrontiera.ch\/fr\/wp-json\/wp\/v2\/product"}],"about":[{"href":"https:\/\/www.freeshopfrontiera.ch\/fr\/wp-json\/wp\/v2\/types\/product"}],"replies":[{"embeddable":true,"href":"https:\/\/www.freeshopfrontiera.ch\/fr\/wp-json\/wp\/v2\/comments?post=7107"}],"version-history":[{"count":1,"href":"https:\/\/www.freeshopfrontiera.ch\/fr\/wp-json\/wp\/v2\/product\/7107\/revisions"}],"predecessor-version":[{"id":28191,"href":"https:\/\/www.freeshopfrontiera.ch\/fr\/wp-json\/wp\/v2\/product\/7107\/revisions\/28191"}],"wp:featuredmedia":[{"embeddable":true,"href":"https:\/\/www.freeshopfrontiera.ch\/fr\/wp-json\/wp\/v2\/media\/7098"}],"wp:attachment":[{"href":"https:\/\/www.freeshopfrontiera.ch\/fr\/wp-json\/wp\/v2\/media?parent=7107"}],"wp:term":[{"taxonomy":"pwb-brand","embeddable":true,"href":"https:\/\/www.freeshopfrontiera.ch\/fr\/wp-json\/wp\/v2\/pwb-brand?post=7107"},{"taxonomy":"product_brand","embeddable":true,"href":"https:\/\/www.freeshopfrontiera.ch\/fr\/wp-json\/wp\/v2\/product_brand?post=7107"},{"taxonomy":"product_cat","embeddable":true,"href":"https:\/\/www.freeshopfrontiera.ch\/fr\/wp-json\/wp\/v2\/product_cat?post=7107"},{"taxonomy":"product_tag","embeddable":true,"href":"https:\/\/www.freeshopfrontiera.ch\/fr\/wp-json\/wp\/v2\/product_tag?post=7107"}],"curies":[{"name":"wp","href":"https:\/\/api.w.org\/{rel}","templated":true}]}}