{"id":7173,"date":"2024-11-08T12:08:18","date_gmt":"2024-11-08T12:08:18","guid":{"rendered":"https:\/\/freeshopswiss.alesca.org\/prodotto\/joop-jump\/"},"modified":"2025-04-25T08:46:16","modified_gmt":"2025-04-25T08:46:16","slug":"joop-jump","status":"publish","type":"product","link":"https:\/\/www.freeshopfrontiera.ch\/fr\/shop\/joop-jump\/","title":{"rendered":"JOOP ! Jump"},"content":{"rendered":"<div class=\"flex max-w-full flex-col flex-grow\">\n<div class=\"min-h-8 text-message flex w-full flex-col items-end gap-2 whitespace-normal break-words [.text-message+&amp;]:mt-5\" dir=\"auto\" data-message-author-role=\"assistant\" data-message-id=\"f68e34aa-c3c8-45ac-b48d-d0571dd7588b\" data-message-model-slug=\"gpt-4o-mini\">\n<div class=\"flex w-full flex-col gap-1 empty:hidden first:pt-[3px]\">\n<div class=\"markdown prose w-full break-words dark:prose-invert light\">\n<p><strong>JOOP ! Jump Eau de Toilette 100ml : \u00c9nergie et fra\u00eecheur dans un parfum unique <\/strong><\/p>\n<p><strong>JOOP ! Jump Eau de Toilette 100ml <\/strong> C\u2019est un parfum audacieux et dynamique, con\u00e7u pour l\u2019homme moderne et plein d\u2019\u00e9nergie. Lanc\u00e9 en 2005, <strong>JOOP ! Jump <\/strong> Il est rapidement devenu l\u2019un des parfums les plus populaires pour sa capacit\u00e9 \u00e0 allier fra\u00eecheur, vitalit\u00e9 et sensualit\u00e9. Avec sa composition unique, cette eau de toilette est parfaite pour ceux qui recherchent un parfum \u00e9nergisant mais raffin\u00e9, id\u00e9al pour un usage quotidien et pour tout type d\u2019occasion. Le parfum de<\/p>\n<p><strong>JOOP ! Jump <\/strong> Il s\u2019ouvre sur une combinaison vive de notes d\u2019agrumes, dont le pamplemousse et le romarin, qui cr\u00e9ent une sensation imm\u00e9diate de fra\u00eecheur et de vitalit\u00e9. Le c\u0153ur de la fragrance est enrichi d\u2019un m\u00e9lange de coriandre et de g\u00e9ranium, qui ajoutent une touche aromatique et \u00e9pic\u00e9e, donnant au parfum une dimension sophistiqu\u00e9e et masculine. La base se caract\u00e9rise par des notes de musc, de bois de c\u00e8dre et de tonka, qui donnent au parfum une persistance chaude et enveloppante, id\u00e9ale pour ceux qui aiment les parfums qui durent dans le temps. Le flacon de <strong>100ml<\/strong> de<\/p>\n<p><strong>JOOP\u00a0! Sauter <\/strong> Il a un design moderne et attrayant, avec une forme \u00e9l\u00e9gante et lin\u00e9aire qui refl\u00e8te la fra\u00eecheur et l\u2019\u00e9nergie du parfum lui-m\u00eame. Le vaporisateur permet une r\u00e9partition uniforme du parfum, ce qui permet de l\u2019appliquer facilement \u00e0 tout moment de la journ\u00e9e. Parfait pour toutes les saisons et surtout le printemps et l\u2019\u00e9t\u00e9,<\/p>\n<p><strong>JOOP ! Jump <\/strong> Il est id\u00e9al pour l\u2019homme \u00e0 la recherche d\u2019un parfum frais mais en m\u00eame temps sophistiqu\u00e9, parfait pour le bureau, les loisirs ou une soir\u00e9e d\u00e9contract\u00e9e entre amis. Si vous \u00eates \u00e0 la recherche d\u2019un parfum qui allie fra\u00eecheur, \u00e9nergie et longue dur\u00e9e,<\/p>\n<p><strong>JOOP ! Jump <\/strong>C\u2019est le choix parfait. <strong>Achetez maintenant<\/strong> pour CHF 29.90 et d\u00e9couvrez pourquoi ce parfum est devenu un symbole de vitalit\u00e9 et de style. Suivez toutes nos actualit\u00e9s !<\/p>\n<p><a href=\"https:\/\/www.instagram.com\/freeshopswiss\/\" target=\"_blank\" rel=\"noopener\">@freeshopswiss<\/a><\/p>\n<\/div>\n<\/div>\n<\/div>\n<\/div>\n","protected":false},"excerpt":{"rendered":"<p><strong>JOOP\u00a0! Jump Eau de Toilette 100ml <\/strong> C\u2019est un parfum frais et vif, avec des notes d\u2019agrumes, de romarin et de bois de c\u00e8dre. Parfait pour l\u2019homme \u00e9nergique et dynamique, id\u00e9al pour toutes les occasions.<\/p>\n","protected":false},"featured_media":7166,"comment_status":"open","ping_status":"closed","template":"","meta":[],"pwb-brand":[212],"product_brand":[],"product_cat":[96,138,87,89],"product_tag":[141,1629,143,278,97],"class_list":{"0":"post-7173","1":"product","2":"type-product","3":"status-publish","4":"has-post-thumbnail","6":"pwb-brand-joop","7":"product_cat-evidence","8":"product_cat-offre","9":"product_cat-parfums","10":"product_cat-pour-lui","11":"product_tag-eau-de-toilette-fr","12":"product_tag-mens-fragrances-fr","13":"product_tag-homme","14":"product_tag-offre","15":"product_tag-parfums","17":"first","18":"instock","19":"sale","20":"taxable","21":"shipping-taxable","22":"purchasable","23":"product-type-simple"},"brands":[{"id":212,"name":"Joop!","slug":"joop"}],"_links":{"self":[{"href":"https:\/\/www.freeshopfrontiera.ch\/fr\/wp-json\/wp\/v2\/product\/7173","targetHints":{"allow":["GET"]}}],"collection":[{"href":"https:\/\/www.freeshopfrontiera.ch\/fr\/wp-json\/wp\/v2\/product"}],"about":[{"href":"https:\/\/www.freeshopfrontiera.ch\/fr\/wp-json\/wp\/v2\/types\/product"}],"replies":[{"embeddable":true,"href":"https:\/\/www.freeshopfrontiera.ch\/fr\/wp-json\/wp\/v2\/comments?post=7173"}],"version-history":[{"count":1,"href":"https:\/\/www.freeshopfrontiera.ch\/fr\/wp-json\/wp\/v2\/product\/7173\/revisions"}],"predecessor-version":[{"id":28201,"href":"https:\/\/www.freeshopfrontiera.ch\/fr\/wp-json\/wp\/v2\/product\/7173\/revisions\/28201"}],"wp:featuredmedia":[{"embeddable":true,"href":"https:\/\/www.freeshopfrontiera.ch\/fr\/wp-json\/wp\/v2\/media\/7166"}],"wp:attachment":[{"href":"https:\/\/www.freeshopfrontiera.ch\/fr\/wp-json\/wp\/v2\/media?parent=7173"}],"wp:term":[{"taxonomy":"pwb-brand","embeddable":true,"href":"https:\/\/www.freeshopfrontiera.ch\/fr\/wp-json\/wp\/v2\/pwb-brand?post=7173"},{"taxonomy":"product_brand","embeddable":true,"href":"https:\/\/www.freeshopfrontiera.ch\/fr\/wp-json\/wp\/v2\/product_brand?post=7173"},{"taxonomy":"product_cat","embeddable":true,"href":"https:\/\/www.freeshopfrontiera.ch\/fr\/wp-json\/wp\/v2\/product_cat?post=7173"},{"taxonomy":"product_tag","embeddable":true,"href":"https:\/\/www.freeshopfrontiera.ch\/fr\/wp-json\/wp\/v2\/product_tag?post=7173"}],"curies":[{"name":"wp","href":"https:\/\/api.w.org\/{rel}","templated":true}]}}