{"id":7194,"date":"2024-11-08T14:11:46","date_gmt":"2024-11-08T14:11:46","guid":{"rendered":"https:\/\/freeshopswiss.alesca.org\/prodotto\/joop-homme\/"},"modified":"2025-10-30T23:20:28","modified_gmt":"2025-10-30T23:20:28","slug":"joop-homme","status":"publish","type":"product","link":"https:\/\/www.freeshopfrontiera.ch\/fr\/shop\/joop-homme\/","title":{"rendered":"JOOP! Homme"},"content":{"rendered":"<p><strong>JOOP! Homme <\/strong><\/p>\n<p><strong> Ic\u00f4ne de Style et de Sensualit\u00e9 : <\/strong>c\u2019est l\u2019un des parfums les plus embl\u00e9matiques dans le monde des parfums masculins, connu pour son intensit\u00e9, son caract\u00e8re fort et sa sensualit\u00e9. Lanc\u00e9 en 1989, <strong>JOOP! Homme <\/strong> Il est rapidement devenu l\u2019un des parfums pr\u00e9f\u00e9r\u00e9s des hommes \u00e0 la recherche d\u2019une senteur puissante, originale et aux notes uniques. Avec son flacon de <strong>125ml<\/strong>, il est parfait pour ceux qui veulent un parfum qui dure longtemps et ne passe pas inaper\u00e7u. La composition de<\/p>\n<p><strong>JOOP! Homme <\/strong> Il est riche et audacieux, avec une fusion de notes chaudes, \u00e9pic\u00e9es et florales qui le rendent incomparable. Le parfum s\u2019ouvre sur un m\u00e9lange vibrant de notes de t\u00eate fra\u00eeches et fruit\u00e9es, telles que la bergamote, la cannelle et la mandarine. Ces notes initiales sont suivies d\u2019un c\u0153ur riche et myst\u00e9rieux, dans lequel le jasmin, la rose et le bois de santal se m\u00ealent pour cr\u00e9er une profondeur enveloppante et sensuelle. La base du parfum est compos\u00e9e de musc, de vanille et de patchouli, qui donnent au parfum une longue persistance et un toucher chaleureux qui reste sur la peau pendant des heures. Le flacon de <strong>125ml<\/strong> de<\/p>\n<p><strong>JOOP! Homme <\/strong> Il est \u00e9l\u00e9gant et distinctif, avec des lignes modernes et une nuance de bleu intense qui rappelle le caract\u00e8re fort du parfum lui-m\u00eame. Le vaporisateur pratique vous permet d\u2019appliquer le parfum avec facilit\u00e9 et pr\u00e9cision, faisant de chaque application un geste sensuel.<\/p>\n<p><strong>JOOP! Homme <\/strong>Il est id\u00e9al pour toutes les occasions, en particulier pour les soir\u00e9es sp\u00e9ciales ou les \u00e9v\u00e9nements o\u00f9 vous souhaitez laisser une impression durable. Parfait pour l\u2019automne et l\u2019hiver gr\u00e2ce \u00e0 ses notes chaudes et enveloppantes, c\u2019est le parfum id\u00e9al pour l\u2019homme \u00e0 la recherche d\u2019une senteur forte, riche et pleine de caract\u00e8re. Si vous \u00eates \u00e0 la recherche d\u2019un parfum qui allie \u00e9l\u00e9gance, sensualit\u00e9 et une touche de myst\u00e8re,<\/p>\n<p><strong>JOOP! Homme <\/strong> C\u2019est le choix parfait. <strong>Achetez maintenant<\/strong> pour CHF 39.90 et d\u00e9couvrez pourquoi ce parfum est devenu une ic\u00f4ne de style dans le monde des parfums pour hommes ! Suivez toutes nos actualit\u00e9s !<\/p>\n<p><a href=\"https:\/\/www.instagram.com\/freeshopswiss\/\" target=\"_blank\" rel=\"noopener\">@freeshopswiss<\/a><\/p>\n","protected":false},"excerpt":{"rendered":"<p><strong>JOOP! Homme Eau de Toilette 125ml <\/strong> C\u2019est un parfum audacieux et sensuel, caract\u00e9ris\u00e9 par des notes \u00e9pic\u00e9es de cannelle et de mandarine, enrichies par un c\u0153ur de rose et de bois de santal. Parfait pour l\u2019homme d\u00e9termin\u00e9.<\/p>\n","protected":false},"featured_media":7182,"comment_status":"open","ping_status":"closed","template":"","meta":[],"pwb-brand":[212],"product_brand":[],"product_cat":[96,87,89],"product_tag":[141,1629,143,97],"class_list":{"0":"post-7194","1":"product","2":"type-product","3":"status-publish","4":"has-post-thumbnail","6":"pwb-brand-joop","7":"product_cat-evidence","8":"product_cat-parfums","9":"product_cat-pour-lui","10":"product_tag-eau-de-toilette-fr","11":"product_tag-mens-fragrances-fr","12":"product_tag-homme","13":"product_tag-parfums","15":"first","16":"outofstock","17":"sale","18":"taxable","19":"shipping-taxable","20":"purchasable","21":"product-type-simple"},"brands":[{"id":212,"name":"Joop!","slug":"joop"}],"_links":{"self":[{"href":"https:\/\/www.freeshopfrontiera.ch\/fr\/wp-json\/wp\/v2\/product\/7194","targetHints":{"allow":["GET"]}}],"collection":[{"href":"https:\/\/www.freeshopfrontiera.ch\/fr\/wp-json\/wp\/v2\/product"}],"about":[{"href":"https:\/\/www.freeshopfrontiera.ch\/fr\/wp-json\/wp\/v2\/types\/product"}],"replies":[{"embeddable":true,"href":"https:\/\/www.freeshopfrontiera.ch\/fr\/wp-json\/wp\/v2\/comments?post=7194"}],"version-history":[{"count":2,"href":"https:\/\/www.freeshopfrontiera.ch\/fr\/wp-json\/wp\/v2\/product\/7194\/revisions"}],"predecessor-version":[{"id":28204,"href":"https:\/\/www.freeshopfrontiera.ch\/fr\/wp-json\/wp\/v2\/product\/7194\/revisions\/28204"}],"wp:featuredmedia":[{"embeddable":true,"href":"https:\/\/www.freeshopfrontiera.ch\/fr\/wp-json\/wp\/v2\/media\/7182"}],"wp:attachment":[{"href":"https:\/\/www.freeshopfrontiera.ch\/fr\/wp-json\/wp\/v2\/media?parent=7194"}],"wp:term":[{"taxonomy":"pwb-brand","embeddable":true,"href":"https:\/\/www.freeshopfrontiera.ch\/fr\/wp-json\/wp\/v2\/pwb-brand?post=7194"},{"taxonomy":"product_brand","embeddable":true,"href":"https:\/\/www.freeshopfrontiera.ch\/fr\/wp-json\/wp\/v2\/product_brand?post=7194"},{"taxonomy":"product_cat","embeddable":true,"href":"https:\/\/www.freeshopfrontiera.ch\/fr\/wp-json\/wp\/v2\/product_cat?post=7194"},{"taxonomy":"product_tag","embeddable":true,"href":"https:\/\/www.freeshopfrontiera.ch\/fr\/wp-json\/wp\/v2\/product_tag?post=7194"}],"curies":[{"name":"wp","href":"https:\/\/api.w.org\/{rel}","templated":true}]}}