{"id":7341,"date":"2024-11-11T09:40:47","date_gmt":"2024-11-11T09:40:47","guid":{"rendered":"https:\/\/freeshopswiss.alesca.org\/shop\/chloe-signature-rose-tangerine\/"},"modified":"2025-05-16T11:32:11","modified_gmt":"2025-05-16T11:32:11","slug":"chloe-signature-rose-tangerine","status":"publish","type":"product","link":"https:\/\/www.freeshopfrontiera.ch\/fr\/shop\/chloe-signature-rose-tangerine\/","title":{"rendered":"CHLOE Signature Rose Tangerine"},"content":{"rendered":"<div class=\"flex-shrink-0 flex flex-col relative items-end\">\n<div>\n<div class=\"pt-0\">\n<div class=\"gizmo-bot-avatar flex h-8 w-8 items-center justify-center overflow-hidden rounded-full\">\n<div class=\"relative p-1 rounded-sm flex items-center justify-center bg-token-main-surface-primary text-token-text-primary h-8 w-8\"><\/div>\n<\/div>\n<\/div>\n<\/div>\n<\/div>\n<div class=\"group\/conversation-turn relative flex w-full min-w-0 flex-col agent-turn\">\n<div class=\"flex-col gap-1 md:gap-3\">\n<div class=\"flex max-w-full flex-col flex-grow\">\n<div class=\"min-h-8 text-message flex w-full flex-col items-end gap-2 whitespace-normal break-words [.text-message+&amp;]:mt-5\" dir=\"auto\" data-message-author-role=\"assistant\" data-message-id=\"76d121e5-1b63-46a5-883a-af13a53cf67b\" data-message-model-slug=\"gpt-4o-mini\">\n<div class=\"flex w-full flex-col gap-1 empty:hidden first:pt-[3px]\">\n<div class=\"markdown prose w-full break-words dark:prose-invert light\">\n<p><strong>CHLOE Signature Rose Tangerine Eau de Toilette\u00a0 : Une Essence Fra\u00eeche et F\u00e9minine<\/strong><\/p>\n<p>CHLOE Rose Tangerine est un parfum qui incarne la f\u00e9minit\u00e9 moderne et raffin\u00e9e, parfait pour celles qui recherchent un parfum frais et d\u00e9licat, mais en m\u00eame temps plein de personnalit\u00e9. Cette eau de toilette se distingue par sa combinaison unique de notes fruit\u00e9es et florales, ce qui la rend id\u00e9ale pour toutes les occasions, de jour comme de nuit. Le parfum s\u2019ouvre sur une explosion vive et p\u00e9tillante de mandarines et de mandarine, qui donnent \u00e0 la composition une fra\u00eecheur imm\u00e9diate et \u00e9nergique. Ces notes d\u2019agrumes \u00e9voluent doucement au c\u0153ur de la fragrance, o\u00f9 la rose de Damas, connue pour son \u00e9l\u00e9gance intemporelle, se m\u00eale \u00e0 la d\u00e9licatesse de la pivoine. Le r\u00e9sultat est un bouquet floral riche et sophistiqu\u00e9, qui enveloppe les sens d\u2019une sensation de l\u00e9g\u00e8ret\u00e9 et de f\u00e9minit\u00e9. Les notes de fond de musc blanc et de bois de c\u00e8dre ajoutent de la profondeur et de la persistance, donnant au parfum une sensation de chaleur et de sensualit\u00e9 qui dure longtemps sur la peau. La combinaison de la fra\u00eecheur et de la sensualit\u00e9 rend la mandarine rose signature CHLOE parfaite pour le printemps et l\u2019\u00e9t\u00e9, mais suffisamment polyvalente pour \u00eatre port\u00e9e toute l\u2019ann\u00e9e. Le flacon \u00e9l\u00e9gant et raffin\u00e9 de 30 ml est le format id\u00e9al pour ceux qui veulent emporter une touche de luxe avec eux \u00e0 tout moment de la journ\u00e9e. Si vous \u00eates \u00e0 la recherche d\u2019un parfum qui vous repr\u00e9sente avec classe et fra\u00eecheur, l\u2019eau de toilette CHLOE Signature Rose Tangerine est le choix parfait.<\/p>\n<p>Un parfum qui conquiert d\u00e8s la premi\u00e8re pulv\u00e9risation, parfait pour toute femme qui aime se d\u00e9marquer par son \u00e9l\u00e9gance. Ne manquez pas ce parfum exclusif, symbole de f\u00e9minit\u00e9 et de sophistication. Suivez toutes nos actualit\u00e9s !<\/p>\n<p><a href=\"https:\/\/www.instagram.com\/freeshopswiss\/\" target=\"_blank\" rel=\"noopener\">@freeshopswiss<\/a><\/p>\n<\/div>\n<\/div>\n<\/div>\n<\/div>\n<\/div>\n<\/div>\n","protected":false},"excerpt":{"rendered":"<div class=\"flex max-w-full flex-col flex-grow\">\n<div class=\"min-h-8 text-message flex w-full flex-col items-end gap-2 whitespace-normal break-words [.text-message+&amp;]:mt-5\" dir=\"auto\" data-message-author-role=\"assistant\" data-message-id=\"843dc9cc-75c7-4a14-adc0-b92932d1ce77\" data-message-model-slug=\"gpt-4o-mini\">\n<div class=\"flex w-full flex-col gap-1 empty:hidden first:pt-[3px]\">\n<div class=\"markdown prose w-full break-words dark:prose-invert light\">\n<p>CHLOE Signature Rose Tangerine Eau de Toilette 30ml est un parfum frais et sophistiqu\u00e9, combinant des notes d\u2019agrumes de mandarine et de mandarine avec un c\u0153ur de rose et de pivoine, avec un fond de musc et de bois de c\u00e8dre. Parfait pour la femme moderne, il est id\u00e9al pour toutes les occasions, offrant une exp\u00e9rience olfactive l\u00e9g\u00e8re mais \u00e9l\u00e9gante.<\/p>\n<\/div>\n<\/div>\n<\/div>\n<\/div>\n","protected":false},"featured_media":7332,"comment_status":"open","ping_status":"closed","template":"","meta":[],"pwb-brand":[239],"product_brand":[],"product_cat":[138,87,109,4195],"product_tag":[141,296,4348,5050,789,278,97,5074,4367],"class_list":{"0":"post-7341","1":"product","2":"type-product","3":"status-publish","4":"has-post-thumbnail","6":"pwb-brand-chloe","7":"product_cat-offre","8":"product_cat-parfums","9":"product_cat-pour-elle","10":"product_cat-parfums-offer","11":"product_tag-eau-de-toilette-fr","12":"product_tag-femme","13":"product_tag-fete-des-femmes","14":"product_tag-fete-des-meres","15":"product_tag-womens-fragrances-fr","16":"product_tag-offre","17":"product_tag-parfums","18":"product_tag-parfums-pour-la-fete-des-meres","19":"product_tag-special-printemps","21":"first","22":"instock","23":"sale","24":"taxable","25":"shipping-taxable","26":"purchasable","27":"product-type-simple"},"brands":[{"id":239,"name":"Chloe","slug":"chloe"}],"_links":{"self":[{"href":"https:\/\/www.freeshopfrontiera.ch\/fr\/wp-json\/wp\/v2\/product\/7341","targetHints":{"allow":["GET"]}}],"collection":[{"href":"https:\/\/www.freeshopfrontiera.ch\/fr\/wp-json\/wp\/v2\/product"}],"about":[{"href":"https:\/\/www.freeshopfrontiera.ch\/fr\/wp-json\/wp\/v2\/types\/product"}],"replies":[{"embeddable":true,"href":"https:\/\/www.freeshopfrontiera.ch\/fr\/wp-json\/wp\/v2\/comments?post=7341"}],"version-history":[{"count":2,"href":"https:\/\/www.freeshopfrontiera.ch\/fr\/wp-json\/wp\/v2\/product\/7341\/revisions"}],"predecessor-version":[{"id":30517,"href":"https:\/\/www.freeshopfrontiera.ch\/fr\/wp-json\/wp\/v2\/product\/7341\/revisions\/30517"}],"wp:featuredmedia":[{"embeddable":true,"href":"https:\/\/www.freeshopfrontiera.ch\/fr\/wp-json\/wp\/v2\/media\/7332"}],"wp:attachment":[{"href":"https:\/\/www.freeshopfrontiera.ch\/fr\/wp-json\/wp\/v2\/media?parent=7341"}],"wp:term":[{"taxonomy":"pwb-brand","embeddable":true,"href":"https:\/\/www.freeshopfrontiera.ch\/fr\/wp-json\/wp\/v2\/pwb-brand?post=7341"},{"taxonomy":"product_brand","embeddable":true,"href":"https:\/\/www.freeshopfrontiera.ch\/fr\/wp-json\/wp\/v2\/product_brand?post=7341"},{"taxonomy":"product_cat","embeddable":true,"href":"https:\/\/www.freeshopfrontiera.ch\/fr\/wp-json\/wp\/v2\/product_cat?post=7341"},{"taxonomy":"product_tag","embeddable":true,"href":"https:\/\/www.freeshopfrontiera.ch\/fr\/wp-json\/wp\/v2\/product_tag?post=7341"}],"curies":[{"name":"wp","href":"https:\/\/api.w.org\/{rel}","templated":true}]}}