{"id":7359,"date":"2024-11-11T11:26:39","date_gmt":"2024-11-11T11:26:39","guid":{"rendered":"https:\/\/freeshopswiss.alesca.org\/shop\/chloe-love-story\/"},"modified":"2025-05-16T11:30:55","modified_gmt":"2025-05-16T11:30:55","slug":"chloe-love-story","status":"publish","type":"product","link":"https:\/\/www.freeshopfrontiera.ch\/fr\/shop\/chloe-love-story\/","title":{"rendered":"CHLOE Love Story"},"content":{"rendered":"<p><strong>CHLOE Love Story Eau de Parfum Vapo 30ml : Une Essence de Passion et de Sophistication<\/strong><\/p>\n<p>CHLOE Love Story est un parfum romantique et sensuel, capturant l\u2019essence de l\u2019amour dans un parfum \u00e0 la fois d\u00e9licat et enveloppant. Con\u00e7ue pour la femme moderne et sophistiqu\u00e9e, cette eau de parfum est un hommage \u00e0 la passion et \u00e0 l\u2019\u00e9l\u00e9gance, id\u00e9ale pour celles qui veulent un parfum qui exprime leur f\u00e9minit\u00e9 avec gr\u00e2ce et d\u00e9termination. La composition olfactive de <strong>CHLOE Love Story<\/strong> s\u2019ouvre sur une note d\u2019agrumes fra\u00eeche et p\u00e9tillante, suivie d\u2019un c\u0153ur floral qui explose dans un bouquet de fleur d\u2019oranger et de jasmin, symboles de puret\u00e9 et de sensualit\u00e9. Les notes de t\u00eate donnent une sensation de fra\u00eecheur et de luminosit\u00e9, tandis que le c\u0153ur floral donne une \u00e9treinte enveloppante et romantique. Pour clore la composition, les notes de fond de c\u00e8dre et de musc blanc ajoutent de la profondeur et de la persistance, rendant ce parfum unique et durable sur la peau. \u00c9l\u00e9gant et \u00e9l\u00e9gant, ce flacon de 30 ml pr\u00e9sente un design minimaliste qui fait \u00e9cho \u00e0 l\u2019attrait intemporel des cr\u00e9ations CHLOE. Le vaporisateur vous permet de vaporiser le parfum en douceur, offrant une application pr\u00e9cise et agr\u00e9able. Parfait pour toute occasion sp\u00e9ciale ou usage quotidien, <strong> Love Story<\/strong> est id\u00e9al pour ceux qui recherchent un parfum qui exprime une sensualit\u00e9 sophistiqu\u00e9e et intemporelle. Sa fra\u00eecheur initiale et son c\u0153ur floral le rendent id\u00e9al pour le printemps et l\u2019\u00e9t\u00e9, mais il est suffisamment polyvalent pour vous accompagner m\u00eame pendant les saisons les plus froides.\u00a0Un parfum qui raconte une histoire d\u2019amour unique et irrempla\u00e7able. Suivez toutes nos actualit\u00e9s !<\/p>\n<p><a href=\"https:\/\/www.instagram.com\/freeshopswiss\/\" target=\"_blank\" rel=\"noopener\">@freeshopswiss<\/a><\/p>\n","protected":false},"excerpt":{"rendered":"<p>CHLOE Love Story Eau de Parfum Vapo 30ml est un parfum romantique et raffin\u00e9, avec des notes fra\u00eeches d\u2019agrumes, un c\u0153ur floral de fleur d\u2019oranger et de jasmin, et un fond chaleureux de c\u00e8dre et de musc. Parfait pour une femme sophistiqu\u00e9e, il exprime la passion et la f\u00e9minit\u00e9 avec \u00e9l\u00e9gance.<\/p>\n","protected":false},"featured_media":7351,"comment_status":"open","ping_status":"closed","template":"","meta":[],"pwb-brand":[239],"product_brand":[],"product_cat":[87,109,4195],"product_tag":[252,296,4348,789,97,4367],"class_list":{"0":"post-7359","1":"product","2":"type-product","3":"status-publish","4":"has-post-thumbnail","6":"pwb-brand-chloe","7":"product_cat-parfums","8":"product_cat-pour-elle","9":"product_cat-parfums-offer","10":"product_tag-eau-de-parfum-fr","11":"product_tag-femme","12":"product_tag-fete-des-femmes","13":"product_tag-womens-fragrances-fr","14":"product_tag-parfums","15":"product_tag-special-printemps","17":"first","18":"instock","19":"sale","20":"taxable","21":"shipping-taxable","22":"purchasable","23":"product-type-variable"},"brands":[{"id":239,"name":"Chloe","slug":"chloe"}],"_links":{"self":[{"href":"https:\/\/www.freeshopfrontiera.ch\/fr\/wp-json\/wp\/v2\/product\/7359","targetHints":{"allow":["GET"]}}],"collection":[{"href":"https:\/\/www.freeshopfrontiera.ch\/fr\/wp-json\/wp\/v2\/product"}],"about":[{"href":"https:\/\/www.freeshopfrontiera.ch\/fr\/wp-json\/wp\/v2\/types\/product"}],"replies":[{"embeddable":true,"href":"https:\/\/www.freeshopfrontiera.ch\/fr\/wp-json\/wp\/v2\/comments?post=7359"}],"version-history":[{"count":1,"href":"https:\/\/www.freeshopfrontiera.ch\/fr\/wp-json\/wp\/v2\/product\/7359\/revisions"}],"predecessor-version":[{"id":30512,"href":"https:\/\/www.freeshopfrontiera.ch\/fr\/wp-json\/wp\/v2\/product\/7359\/revisions\/30512"}],"wp:featuredmedia":[{"embeddable":true,"href":"https:\/\/www.freeshopfrontiera.ch\/fr\/wp-json\/wp\/v2\/media\/7351"}],"wp:attachment":[{"href":"https:\/\/www.freeshopfrontiera.ch\/fr\/wp-json\/wp\/v2\/media?parent=7359"}],"wp:term":[{"taxonomy":"pwb-brand","embeddable":true,"href":"https:\/\/www.freeshopfrontiera.ch\/fr\/wp-json\/wp\/v2\/pwb-brand?post=7359"},{"taxonomy":"product_brand","embeddable":true,"href":"https:\/\/www.freeshopfrontiera.ch\/fr\/wp-json\/wp\/v2\/product_brand?post=7359"},{"taxonomy":"product_cat","embeddable":true,"href":"https:\/\/www.freeshopfrontiera.ch\/fr\/wp-json\/wp\/v2\/product_cat?post=7359"},{"taxonomy":"product_tag","embeddable":true,"href":"https:\/\/www.freeshopfrontiera.ch\/fr\/wp-json\/wp\/v2\/product_tag?post=7359"}],"curies":[{"name":"wp","href":"https:\/\/api.w.org\/{rel}","templated":true}]}}