{"id":7374,"date":"2024-11-11T11:53:38","date_gmt":"2024-11-11T11:53:38","guid":{"rendered":"https:\/\/freeshopswiss.alesca.org\/shop\/chloe-nomade\/"},"modified":"2026-02-13T10:22:48","modified_gmt":"2026-02-13T10:22:48","slug":"chloe-nomade","status":"publish","type":"product","link":"https:\/\/www.freeshopfrontiera.ch\/fr\/shop\/chloe-nomade\/","title":{"rendered":"CHLOE Nomade"},"content":{"rendered":"<p data-start=\"1318\" data-end=\"1766\">CHLO\u00c9 Nomade Eau de Parfum est un parfum f\u00e9minin sophistiqu\u00e9 et audacieux, con\u00e7u pour la femme moderne qui aime explorer le monde sans sacrifier l\u2019\u00e9l\u00e9gance. Il s\u2019ouvre sur des notes fra\u00eeches et fruit\u00e9es de mirabelle, captivant imm\u00e9diatement par leur douceur vibrante et lumineuse. Le c\u0153ur r\u00e9v\u00e8le un bouquet floral d\u00e9licat mais affirm\u00e9, o\u00f9 la freesia apporte une touche l\u00e9g\u00e8re et f\u00e9minine, enveloppant la peau d\u2019une \u00e9l\u00e9gance naturelle et raffin\u00e9e.<\/p>\n<p data-start=\"1768\" data-end=\"2151\">La base est chaude et sensuelle, avec des notes de mousse et de ch\u00eane qui conf\u00e8rent profondeur et tenue, laissant une empreinte persistante et sophistiqu\u00e9e. Cette combinaison harmonieuse de fra\u00eecheur, de floraison et de sensualit\u00e9 rend Nomade id\u00e9al pour une utilisation polyvalente, parfait pour le jour comme pour la soir\u00e9e, pour les occasions informelles ou les moments sp\u00e9ciaux.<\/p>\n<p data-start=\"2153\" data-end=\"2484\">Le flacon refl\u00e8te l\u2019esprit libre et contemporain du parfum : \u00e9l\u00e9gant, minimaliste et iconique dans son design, symbolisant la f\u00e9minit\u00e9 moderne et ind\u00e9pendante. CHLO\u00c9 Nomade Eau de Parfum n\u2019est pas seulement un parfum, c\u2019est une invitation \u00e0 vivre avec audace et curiosit\u00e9, c\u00e9l\u00e9brant la libert\u00e9 d\u2019\u00eatre soi-m\u00eame partout o\u00f9 l\u2019on va.<\/p>\n<p><a href=\"https:\/\/www.instagram.com\/freeshopswiss\/\" target=\"_blank\" rel=\"noopener\">@freeshopswiss<\/a><\/p>\n","protected":false},"excerpt":{"rendered":"<div class=\"flex-shrink-0 flex flex-col relative items-end\">\n<div class=\"pt-0\">\n<div class=\"gizmo-bot-avatar flex h-8 w-8 items-center justify-center overflow-hidden rounded-full\">\n<div class=\"relative p-1 rounded-sm flex items-center justify-center bg-token-main-surface-primary text-token-text-primary h-8 w-8\">CHLO\u00c9 Nomade Eau de Parfum est un parfum f\u00e9minin sophistiqu\u00e9 et audacieux, con\u00e7u pour la femme moderne qui aime explorer le monde sans sacrifier l\u2019\u00e9l\u00e9gance.<\/div>\n<\/div>\n<\/div>\n<\/div>\n","protected":false},"featured_media":7366,"comment_status":"open","ping_status":"closed","template":"","meta":[],"pwb-brand":[239],"product_brand":[],"product_cat":[96,87,109,4195],"product_tag":[252,296,5050,789,97,4367],"class_list":{"0":"post-7374","1":"product","2":"type-product","3":"status-publish","4":"has-post-thumbnail","6":"pwb-brand-chloe","7":"product_cat-evidence","8":"product_cat-parfums","9":"product_cat-pour-elle","10":"product_cat-parfums-offer","11":"product_tag-eau-de-parfum-fr","12":"product_tag-femme","13":"product_tag-fete-des-meres","14":"product_tag-womens-fragrances-fr","15":"product_tag-parfums","16":"product_tag-special-printemps","18":"first","19":"instock","20":"sale","21":"taxable","22":"shipping-taxable","23":"purchasable","24":"product-type-simple"},"brands":[{"id":239,"name":"Chloe","slug":"chloe"}],"_links":{"self":[{"href":"https:\/\/www.freeshopfrontiera.ch\/fr\/wp-json\/wp\/v2\/product\/7374","targetHints":{"allow":["GET"]}}],"collection":[{"href":"https:\/\/www.freeshopfrontiera.ch\/fr\/wp-json\/wp\/v2\/product"}],"about":[{"href":"https:\/\/www.freeshopfrontiera.ch\/fr\/wp-json\/wp\/v2\/types\/product"}],"replies":[{"embeddable":true,"href":"https:\/\/www.freeshopfrontiera.ch\/fr\/wp-json\/wp\/v2\/comments?post=7374"}],"version-history":[{"count":3,"href":"https:\/\/www.freeshopfrontiera.ch\/fr\/wp-json\/wp\/v2\/product\/7374\/revisions"}],"predecessor-version":[{"id":39857,"href":"https:\/\/www.freeshopfrontiera.ch\/fr\/wp-json\/wp\/v2\/product\/7374\/revisions\/39857"}],"wp:featuredmedia":[{"embeddable":true,"href":"https:\/\/www.freeshopfrontiera.ch\/fr\/wp-json\/wp\/v2\/media\/7366"}],"wp:attachment":[{"href":"https:\/\/www.freeshopfrontiera.ch\/fr\/wp-json\/wp\/v2\/media?parent=7374"}],"wp:term":[{"taxonomy":"pwb-brand","embeddable":true,"href":"https:\/\/www.freeshopfrontiera.ch\/fr\/wp-json\/wp\/v2\/pwb-brand?post=7374"},{"taxonomy":"product_brand","embeddable":true,"href":"https:\/\/www.freeshopfrontiera.ch\/fr\/wp-json\/wp\/v2\/product_brand?post=7374"},{"taxonomy":"product_cat","embeddable":true,"href":"https:\/\/www.freeshopfrontiera.ch\/fr\/wp-json\/wp\/v2\/product_cat?post=7374"},{"taxonomy":"product_tag","embeddable":true,"href":"https:\/\/www.freeshopfrontiera.ch\/fr\/wp-json\/wp\/v2\/product_tag?post=7374"}],"curies":[{"name":"wp","href":"https:\/\/api.w.org\/{rel}","templated":true}]}}