{"id":7414,"date":"2024-11-11T13:52:41","date_gmt":"2024-11-11T13:52:41","guid":{"rendered":"https:\/\/freeshopswiss.alesca.org\/shop\/emporio-armani-stronger-with-you\/"},"modified":"2025-10-30T23:20:31","modified_gmt":"2025-10-30T23:20:31","slug":"emporio-armani-stronger-with-you","status":"publish","type":"product","link":"https:\/\/www.freeshopfrontiera.ch\/fr\/shop\/emporio-armani-stronger-with-you\/","title":{"rendered":"EMPORIO ARMANI Stronger With You"},"content":{"rendered":"<p><strong>EMPORIO ARMANI Stronger With You: un parfum audacieux et unique<\/strong><\/p>\n<p><strong>EMPORIO ARMANI Stronger With You Eau de Toilette <\/strong>\u00a0est un parfum masculin sophistiqu\u00e9, audacieux et irr\u00e9sistible, con\u00e7u pour l\u2019homme qui aime se d\u00e9marquer par son \u00e9l\u00e9gance et son charisme. La version HE de ce parfum embl\u00e9matique est une r\u00e9interpr\u00e9tation fra\u00eeche et dynamique, exprimant la force et la passion de mani\u00e8re authentique et d\u00e9cisive. Parfait pour toutes les occasions, <strong>Stronger With You<\/strong> est id\u00e9al pour l\u2019homme moderne \u00e0 la recherche d\u2019un parfum qui allie fra\u00eecheur et intensit\u00e9. La composition de <strong>Stronger With You<\/strong> s\u2019ouvre sur des notes d\u2019agrumes de <strong>bergamote<\/strong> et de <strong>pamplemousse<\/strong>, offrant un d\u00e9part vif et frais, cr\u00e9ant une sensation d\u2019\u00e9nergie et de vitalit\u00e9. Ensuite, le c\u0153ur de la fragrance r\u00e9v\u00e8le une fusion de <strong>lavande<\/strong> et de <strong>cardamome<\/strong>, qui ajoutent une touche aromatique et \u00e9pic\u00e9e, parfaitement \u00e9quilibr\u00e9e avec la fra\u00eecheur initiale. Les notes de fond, caract\u00e9ris\u00e9es par un m\u00e9lange sensuel de <strong>musc<\/strong>, de <strong>bois de c\u00e8dre<\/strong> et d\u2019ambre, donnent un sillage enveloppant et persistant, qui laisse une impression ind\u00e9l\u00e9bile.<strong> Le flacon est \u00e9l\u00e9gant et moderne, avec un design minimaliste qui refl\u00e8te la personnalit\u00e9 forte et raffin\u00e9e de celui qui le porte. Le vaporisateur permet une application pr\u00e9cise et confortable, id\u00e9ale pour ceux qui aiment un parfum qui accompagne toute la journ\u00e9e sans jamais \u00eatre intrusif. <strong>EA Stronger With You<\/strong> est parfait pour l\u2019homme \u00e0 la recherche d\u2019un parfum polyvalent et puissant qui peut \u00eatre port\u00e9 aussi bien en journ\u00e9e qu\u2019en soir\u00e9e. Sa fra\u00eecheur, associ\u00e9e \u00e0 un fond sensuel et bois\u00e9, la rend id\u00e9ale pour toutes les saisons, notamment pour le printemps et l\u2019\u00e9t\u00e9. <strong>EMPORIO ARMANI Stronger With You Eau de Toilette 100ml\u00a0<\/strong><\/strong><\/p>\n<p><a href=\"https:\/\/www.instagram.com\/freeshopswiss\/\" target=\"_blank\" rel=\"noopener\">@freeshopswiss<\/a><\/p>\n","protected":false},"excerpt":{"rendered":"<div class=\"flex-shrink-0 flex flex-col relative items-end\">\n<div>\n<div class=\"pt-0\">\n<div class=\"gizmo-bot-avatar flex h-8 w-8 items-center justify-center overflow-hidden rounded-full\">\n<div class=\"relative p-1 rounded-sm flex items-center justify-center bg-token-main-surface-primary text-token-text-primary h-8 w-8\"><\/div>\n<\/div>\n<\/div>\n<\/div>\n<\/div>\n<div class=\"group\/conversation-turn relative flex w-full min-w-0 flex-col agent-turn\">\n<div class=\"flex-col gap-1 md:gap-3\">\n<div class=\"flex max-w-full flex-col flex-grow\">\n<div class=\"min-h-8 text-message flex w-full flex-col items-end gap-2 whitespace-normal break-words [.text-message+&amp;]:mt-5\" dir=\"auto\" data-message-author-role=\"assistant\" data-message-id=\"8f76d15a-2b17-46c6-9681-0c45f5a0b933\" data-message-model-slug=\"gpt-4o-mini\">\n<div class=\"flex w-full flex-col gap-1 empty:hidden first:pt-[3px]\">\n<div class=\"markdown prose w-full break-words dark:prose-invert light\">\n<p>EMPORIO ARMANI Stronger With You Eau de Toilette 100ml est un parfum frais et raffin\u00e9, aux notes de bergamote, de lavande, de cardamome et de bois de c\u00e8dre. Parfait pour l\u2019homme moderne et dynamique, il laisse un sillage \u00e9l\u00e9gant et persistant.<\/p>\n<\/div>\n<\/div>\n<\/div>\n<\/div>\n<\/div>\n<\/div>\n","protected":false},"featured_media":7408,"comment_status":"open","ping_status":"closed","template":"","meta":[],"pwb-brand":[256,263],"product_brand":[],"product_cat":[96,87,89],"product_tag":[141,1629,143,97],"class_list":{"0":"post-7414","1":"product","2":"type-product","3":"status-publish","4":"has-post-thumbnail","6":"pwb-brand-emporio-armani","7":"pwb-brand-giorgio-armani","8":"product_cat-evidence","9":"product_cat-parfums","10":"product_cat-pour-lui","11":"product_tag-eau-de-toilette-fr","12":"product_tag-mens-fragrances-fr","13":"product_tag-homme","14":"product_tag-parfums","16":"first","17":"instock","18":"sale","19":"taxable","20":"shipping-taxable","21":"purchasable","22":"product-type-variable","23":"has-default-attributes"},"brands":[{"id":256,"name":"Emporio Armani","slug":"emporio-armani"},{"id":263,"name":"Giorgio Armani","slug":"giorgio-armani"}],"_links":{"self":[{"href":"https:\/\/www.freeshopfrontiera.ch\/fr\/wp-json\/wp\/v2\/product\/7414","targetHints":{"allow":["GET"]}}],"collection":[{"href":"https:\/\/www.freeshopfrontiera.ch\/fr\/wp-json\/wp\/v2\/product"}],"about":[{"href":"https:\/\/www.freeshopfrontiera.ch\/fr\/wp-json\/wp\/v2\/types\/product"}],"replies":[{"embeddable":true,"href":"https:\/\/www.freeshopfrontiera.ch\/fr\/wp-json\/wp\/v2\/comments?post=7414"}],"version-history":[{"count":2,"href":"https:\/\/www.freeshopfrontiera.ch\/fr\/wp-json\/wp\/v2\/product\/7414\/revisions"}],"predecessor-version":[{"id":30492,"href":"https:\/\/www.freeshopfrontiera.ch\/fr\/wp-json\/wp\/v2\/product\/7414\/revisions\/30492"}],"wp:featuredmedia":[{"embeddable":true,"href":"https:\/\/www.freeshopfrontiera.ch\/fr\/wp-json\/wp\/v2\/media\/7408"}],"wp:attachment":[{"href":"https:\/\/www.freeshopfrontiera.ch\/fr\/wp-json\/wp\/v2\/media?parent=7414"}],"wp:term":[{"taxonomy":"pwb-brand","embeddable":true,"href":"https:\/\/www.freeshopfrontiera.ch\/fr\/wp-json\/wp\/v2\/pwb-brand?post=7414"},{"taxonomy":"product_brand","embeddable":true,"href":"https:\/\/www.freeshopfrontiera.ch\/fr\/wp-json\/wp\/v2\/product_brand?post=7414"},{"taxonomy":"product_cat","embeddable":true,"href":"https:\/\/www.freeshopfrontiera.ch\/fr\/wp-json\/wp\/v2\/product_cat?post=7414"},{"taxonomy":"product_tag","embeddable":true,"href":"https:\/\/www.freeshopfrontiera.ch\/fr\/wp-json\/wp\/v2\/product_tag?post=7414"}],"curies":[{"name":"wp","href":"https:\/\/api.w.org\/{rel}","templated":true}]}}