{"id":7442,"date":"2024-11-11T14:44:48","date_gmt":"2024-11-11T14:44:48","guid":{"rendered":"https:\/\/freeshopswiss.alesca.org\/shop\/hugo-boss-the-scent-for-him\/"},"modified":"2025-05-16T11:18:25","modified_gmt":"2025-05-16T11:18:25","slug":"hugo-boss-the-scent-for-him","status":"publish","type":"product","link":"https:\/\/www.freeshopfrontiera.ch\/fr\/shop\/hugo-boss-the-scent-for-him\/","title":{"rendered":"HUGO BOSS The Scent for Him"},"content":{"rendered":"<p><strong>HUGO BOSS Boss The Scent For Him Eau de Toilette : Une Essence S\u00e9duisante et Masculine<\/strong><\/p>\n<p><strong>HUGO BOSS Boss The Scent for Him <\/strong>est un parfum sophistiqu\u00e9 et irr\u00e9sistible, con\u00e7u pour l\u2019homme qui veut exprimer son \u00e9l\u00e9gance et sa s\u00e9duction avec style. Cette eau de toilette combine une combinaison unique de notes fruit\u00e9es, \u00e9pic\u00e9es et bois\u00e9es, cr\u00e9ant un parfum qui enveloppe les sens et laisse un sillage durable. Parfait pour les occasions sp\u00e9ciales ou pour un usage quotidien, <strong>Boss The Scent for Him<\/strong> repr\u00e9sente l\u2019essence d\u2019un homme confiant, raffin\u00e9 et charmant. La <strong>composition olfactive de The Scent for Him<\/strong> s\u2019ouvre sur des notes fra\u00eeches de gingembre, qui donnent au parfum un d\u00e9part vif et \u00e9pic\u00e9, capable de stimuler les sens. Cette rencontre de fra\u00eecheur et d\u2019\u00e9pices se m\u00eale au c\u0153ur de <strong>la lavande<\/strong> et des <strong>fleurs de maninka<\/strong>, une note fruit\u00e9e et sensuelle qui ajoute une dimension exotique et intrigante \u00e0 la fragrance. Les notes de fond, compos\u00e9es <strong>de bois de c\u00e8dre et de<\/strong> <strong>musc<\/strong>, donnent une sensation de profondeur et de chaleur, donnant \u00e0 la fragrance une finale enveloppante et persistante. Le flacon de 50 ml est \u00e9l\u00e9gant et raffin\u00e9, avec un design moderne qui refl\u00e8te le caract\u00e8re fort et sophistiqu\u00e9 de la fragrance. Le vaporisateur permet une application confortable, id\u00e9ale pour emporter ce parfum exclusif avec vous \u00e0 tout moment de la journ\u00e9e. <strong>Boss The Scent for Him<\/strong> est parfait pour l\u2019homme \u00e0 la recherche d\u2019un parfum capable de capter l\u2019attention avec classe, sans jamais \u00eatre intrusif. Gr\u00e2ce \u00e0 sa composition polyvalente, il est id\u00e9al pour \u00eatre port\u00e9 toute l\u2019ann\u00e9e, mais particuli\u00e8rement adapt\u00e9 aux saisons plus fra\u00eeches.<\/p>\n<p>Suivez toutes nos actualit\u00e9s !<\/p>\n<p><a href=\"https:\/\/www.instagram.com\/freeshopswiss\/\" target=\"_blank\" rel=\"noopener\">@freeshopswiss<\/a><\/p>\n","protected":false},"excerpt":{"rendered":"<p>HUGO BOSS Boss The Scent for Him Eau de Toilette 50ml est un parfum s\u00e9duisant et sophistiqu\u00e9 aux notes de gingembre, de lavande et de bois de c\u00e8dre. Parfait pour l\u2019homme moderne et charismatique.<\/p>\n","protected":false},"featured_media":7433,"comment_status":"open","ping_status":"closed","template":"","meta":[],"pwb-brand":[260],"product_brand":[],"product_cat":[138,87,89,4195],"product_tag":[141,1629,143,278,97,4367],"class_list":{"0":"post-7442","1":"product","2":"type-product","3":"status-publish","4":"has-post-thumbnail","6":"pwb-brand-hugo-boss","7":"product_cat-offre","8":"product_cat-parfums","9":"product_cat-pour-lui","10":"product_cat-parfums-offer","11":"product_tag-eau-de-toilette-fr","12":"product_tag-mens-fragrances-fr","13":"product_tag-homme","14":"product_tag-offre","15":"product_tag-parfums","16":"product_tag-special-printemps","18":"first","19":"instock","20":"sale","21":"taxable","22":"shipping-taxable","23":"purchasable","24":"product-type-variable"},"brands":[{"id":260,"name":"Hugo Boss","slug":"hugo-boss"}],"_links":{"self":[{"href":"https:\/\/www.freeshopfrontiera.ch\/fr\/wp-json\/wp\/v2\/product\/7442","targetHints":{"allow":["GET"]}}],"collection":[{"href":"https:\/\/www.freeshopfrontiera.ch\/fr\/wp-json\/wp\/v2\/product"}],"about":[{"href":"https:\/\/www.freeshopfrontiera.ch\/fr\/wp-json\/wp\/v2\/types\/product"}],"replies":[{"embeddable":true,"href":"https:\/\/www.freeshopfrontiera.ch\/fr\/wp-json\/wp\/v2\/comments?post=7442"}],"version-history":[{"count":2,"href":"https:\/\/www.freeshopfrontiera.ch\/fr\/wp-json\/wp\/v2\/product\/7442\/revisions"}],"predecessor-version":[{"id":30486,"href":"https:\/\/www.freeshopfrontiera.ch\/fr\/wp-json\/wp\/v2\/product\/7442\/revisions\/30486"}],"wp:featuredmedia":[{"embeddable":true,"href":"https:\/\/www.freeshopfrontiera.ch\/fr\/wp-json\/wp\/v2\/media\/7433"}],"wp:attachment":[{"href":"https:\/\/www.freeshopfrontiera.ch\/fr\/wp-json\/wp\/v2\/media?parent=7442"}],"wp:term":[{"taxonomy":"pwb-brand","embeddable":true,"href":"https:\/\/www.freeshopfrontiera.ch\/fr\/wp-json\/wp\/v2\/pwb-brand?post=7442"},{"taxonomy":"product_brand","embeddable":true,"href":"https:\/\/www.freeshopfrontiera.ch\/fr\/wp-json\/wp\/v2\/product_brand?post=7442"},{"taxonomy":"product_cat","embeddable":true,"href":"https:\/\/www.freeshopfrontiera.ch\/fr\/wp-json\/wp\/v2\/product_cat?post=7442"},{"taxonomy":"product_tag","embeddable":true,"href":"https:\/\/www.freeshopfrontiera.ch\/fr\/wp-json\/wp\/v2\/product_tag?post=7442"}],"curies":[{"name":"wp","href":"https:\/\/api.w.org\/{rel}","templated":true}]}}