{"id":7459,"date":"2024-11-11T15:16:04","date_gmt":"2024-11-11T15:16:04","guid":{"rendered":"https:\/\/freeshopswiss.alesca.org\/shop\/the-scent-for-her\/"},"modified":"2026-04-10T08:38:30","modified_gmt":"2026-04-10T08:38:30","slug":"the-scent-for-her","status":"publish","type":"product","link":"https:\/\/www.freeshopfrontiera.ch\/fr\/shop\/the-scent-for-her\/","title":{"rendered":"Boss The Scent For Her"},"content":{"rendered":"<p><strong>Boss The Scent For Her Eau de Parfum: \u00c9l\u00e9gance et S\u00e9duction en flacon<\/strong><\/p>\n<p><strong>BOSS The Scent For Her Edp<\/strong>\u00a0est un parfum f\u00e9minin sophistiqu\u00e9 et s\u00e9duisant, con\u00e7u pour la femme moderne qui aime laisser un sillage irr\u00e9sistible d\u2019\u00e9l\u00e9gance et de sensualit\u00e9. Cr\u00e9\u00e9e pour \u00e9voquer des \u00e9motions intenses, cette eau de parfum associe des notes florales, fruit\u00e9es et \u00e9pic\u00e9es dans une composition unique qui capte l\u2019attention et s\u00e9duit les sens. Parfait pour un usage quotidien ou pour une occasion sp\u00e9ciale, <strong>The Scent For Her<\/strong> est le choix id\u00e9al pour la femme qui veut un parfum qui parle d\u2019\u00e9l\u00e9gance et de charme intemporels. La composition de <strong>Boss For Her<\/strong> s\u2019ouvre sur un accent de <strong>p\u00eache<\/strong> fruit\u00e9 et frais, qui donne imm\u00e9diatement \u00e9clat et vitalit\u00e9 \u00e0 la fragrance. Ce d\u00e9but p\u00e9tillant et sucr\u00e9 se d\u00e9veloppe ensuite vers un c\u0153ur floral et sensuel <strong>d\u2019osmanthus<\/strong>, une fleur aux notes fruit\u00e9es et florales qui enrichit le parfum d\u2019une nuance exotique et fascinante. Le fond de la composition, caract\u00e9ris\u00e9 par un m\u00e9lange de <strong>vanille<\/strong> et de <strong>musc,<\/strong> donne un sillage chaud et enveloppant qui s\u2019attarde longtemps sur la peau, cr\u00e9ant une sensation d\u2019intimit\u00e9 et de s\u00e9duction. Le flacon \u00e9l\u00e9gant et raffin\u00e9 de 30 ml refl\u00e8te le style sophistiqu\u00e9 de HUGO BOSS. Le design du flacon, avec son bouchon dor\u00e9 et sa forme effil\u00e9e, est un symbole de luxe et de f\u00e9minit\u00e9, ainsi que le vaporisateur permet une application confortable, id\u00e9ale pour ceux qui veulent emporter ce parfum exclusif avec eux \u00e0 tout moment de la journ\u00e9e. <strong>Boss The Scent<\/strong> est parfait pour toute femme \u00e0 la recherche d\u2019un parfum \u00e9l\u00e9gant, sensuel et enveloppant, id\u00e9al pour toutes les saisons et pour toutes les occasions.\u00a0Suivez toutes nos actualit\u00e9s !<\/p>\n<p><a href=\"https:\/\/www.instagram.com\/freeshopswiss\/\" target=\"_blank\" rel=\"noopener\">@freeshopswiss<\/a><\/p>\n","protected":false},"excerpt":{"rendered":"<p>HUGO BOSS Boss The Scent For Her Eau de Parfum 30ml est un parfum \u00e9l\u00e9gant et sensuel aux notes de p\u00eache, d\u2019osmanthus, de vanille et de musc qui enveloppe les sens d\u2019une \u00e9motion raffin\u00e9e et durable.<\/p>\n","protected":false},"featured_media":7451,"comment_status":"open","ping_status":"closed","template":"","meta":[],"pwb-brand":[260],"product_brand":[],"product_cat":[96,87,109,4195],"product_tag":[252,296,5050,789,97],"class_list":{"0":"post-7459","1":"product","2":"type-product","3":"status-publish","4":"has-post-thumbnail","6":"pwb-brand-hugo-boss","7":"product_cat-evidence","8":"product_cat-parfums","9":"product_cat-pour-elle","10":"product_cat-parfums-offer","11":"product_tag-eau-de-parfum-fr","12":"product_tag-femme","13":"product_tag-fete-des-meres","14":"product_tag-womens-fragrances-fr","15":"product_tag-parfums","17":"first","18":"instock","19":"sale","20":"taxable","21":"shipping-taxable","22":"purchasable","23":"product-type-variable"},"brands":[{"id":260,"name":"Hugo Boss","slug":"hugo-boss"}],"_links":{"self":[{"href":"https:\/\/www.freeshopfrontiera.ch\/fr\/wp-json\/wp\/v2\/product\/7459","targetHints":{"allow":["GET"]}}],"collection":[{"href":"https:\/\/www.freeshopfrontiera.ch\/fr\/wp-json\/wp\/v2\/product"}],"about":[{"href":"https:\/\/www.freeshopfrontiera.ch\/fr\/wp-json\/wp\/v2\/types\/product"}],"replies":[{"embeddable":true,"href":"https:\/\/www.freeshopfrontiera.ch\/fr\/wp-json\/wp\/v2\/comments?post=7459"}],"version-history":[{"count":5,"href":"https:\/\/www.freeshopfrontiera.ch\/fr\/wp-json\/wp\/v2\/product\/7459\/revisions"}],"predecessor-version":[{"id":42141,"href":"https:\/\/www.freeshopfrontiera.ch\/fr\/wp-json\/wp\/v2\/product\/7459\/revisions\/42141"}],"wp:featuredmedia":[{"embeddable":true,"href":"https:\/\/www.freeshopfrontiera.ch\/fr\/wp-json\/wp\/v2\/media\/7451"}],"wp:attachment":[{"href":"https:\/\/www.freeshopfrontiera.ch\/fr\/wp-json\/wp\/v2\/media?parent=7459"}],"wp:term":[{"taxonomy":"pwb-brand","embeddable":true,"href":"https:\/\/www.freeshopfrontiera.ch\/fr\/wp-json\/wp\/v2\/pwb-brand?post=7459"},{"taxonomy":"product_brand","embeddable":true,"href":"https:\/\/www.freeshopfrontiera.ch\/fr\/wp-json\/wp\/v2\/product_brand?post=7459"},{"taxonomy":"product_cat","embeddable":true,"href":"https:\/\/www.freeshopfrontiera.ch\/fr\/wp-json\/wp\/v2\/product_cat?post=7459"},{"taxonomy":"product_tag","embeddable":true,"href":"https:\/\/www.freeshopfrontiera.ch\/fr\/wp-json\/wp\/v2\/product_tag?post=7459"}],"curies":[{"name":"wp","href":"https:\/\/api.w.org\/{rel}","templated":true}]}}