{"id":7474,"date":"2024-11-11T15:38:12","date_gmt":"2024-11-11T15:38:12","guid":{"rendered":"https:\/\/freeshopswiss.alesca.org\/shop\/hugo-boss-alive\/"},"modified":"2025-07-29T11:41:42","modified_gmt":"2025-07-29T11:41:42","slug":"hugo-boss-alive","status":"publish","type":"product","link":"https:\/\/www.freeshopfrontiera.ch\/fr\/shop\/hugo-boss-alive\/","title":{"rendered":"HUGO BOSS Alive"},"content":{"rendered":"<p><strong>HUGO BOSS Alive Eau de Parfum 30ml : Une Essence de Vitalit\u00e9 et de F\u00e9minit\u00e9<\/strong><\/p>\n<p><strong>HUGO BOSS Alive <\/strong> est un parfum vibrant et plein d\u2019\u00e9nergie, con\u00e7u pour la femme moderne qui vit la vie avec passion, courage et optimisme. Avec une composition fra\u00eeche et enveloppante, cette eau de parfum exprime la force int\u00e9rieure et la f\u00e9minit\u00e9 intemporelle, parfaite pour toute femme qui souhaite un parfum qui soit le reflet de son \u00e9nergie positive. Gr\u00e2ce \u00e0 sa combinaison de notes fruit\u00e9es, florales et bois\u00e9es, <strong>HUGO BOSS Alive<\/strong> est un parfum polyvalent qui peut \u00eatre port\u00e9 \u00e0 tout moment de la journ\u00e9e, que ce soit lors d\u2019occasions d\u00e9contract\u00e9es ou \u00e9l\u00e9gantes. La composition<strong> d\u2019Alive<\/strong> s\u2019ouvre sur une note vive et fra\u00eeche de <strong>pomme verte<\/strong>, qui donne imm\u00e9diatement une sensation de fra\u00eecheur et de vitalit\u00e9. Le c\u0153ur de la fragrance r\u00e9v\u00e8le un bouquet de fleurs d\u00e9licates telles que le <strong>jasmin<\/strong> et la <strong>violette<\/strong>, qui enrichissent le parfum d\u2019une sensation de f\u00e9minit\u00e9 et de raffinement. Les notes de fond, caract\u00e9ris\u00e9es par le <strong>bois de santal<\/strong>, la <strong>vanille<\/strong> et le <strong>musc<\/strong>, donnent au parfum une base chaude et enveloppante, ce qui le rend persistant et sensuel sur la peau, laissant un sillage d\u2019\u00e9l\u00e9gance et de vitalit\u00e9. Le flacon de 30 ml est \u00e9l\u00e9gant et moderne, avec un design raffin\u00e9 qui rappelle la beaut\u00e9 et la simplicit\u00e9 de la f\u00e9minit\u00e9. Le vaporisateur permet une application pratique et permet d\u2019emporter facilement ce parfum unique avec vous partout o\u00f9 vous allez. <strong>HUGO BOSS Alive<\/strong> est parfait pour la femme qui veut un parfum qui c\u00e9l\u00e8bre sa vitalit\u00e9, sa force et son ind\u00e9pendance, offrant un parfum qui reste imprim\u00e9 sans jamais \u00eatre intrusif.<\/p>\n<p><a href=\"https:\/\/www.instagram.com\/freeshopswiss\/\" target=\"_blank\" rel=\"noopener\">@freeshopswiss<\/a><\/p>\n","protected":false},"excerpt":{"rendered":"<p>HUGO BOSS Alive Eau de Parfum 30ml est un parfum frais et enveloppant aux notes de pomme verte, de jasmin, de vanille et de bois de santal, parfait pour la femme dynamique et sophistiqu\u00e9e.<\/p>\n","protected":false},"featured_media":7466,"comment_status":"open","ping_status":"closed","template":"","meta":[],"pwb-brand":[260],"product_brand":[],"product_cat":[96,87,109,4195],"product_tag":[252,296,5050,789,97,5074],"class_list":{"0":"post-7474","1":"product","2":"type-product","3":"status-publish","4":"has-post-thumbnail","6":"pwb-brand-hugo-boss","7":"product_cat-evidence","8":"product_cat-parfums","9":"product_cat-pour-elle","10":"product_cat-parfums-offer","11":"product_tag-eau-de-parfum-fr","12":"product_tag-femme","13":"product_tag-fete-des-meres","14":"product_tag-womens-fragrances-fr","15":"product_tag-parfums","16":"product_tag-parfums-pour-la-fete-des-meres","18":"first","19":"instock","20":"sale","21":"taxable","22":"shipping-taxable","23":"purchasable","24":"product-type-simple"},"brands":[{"id":260,"name":"Hugo Boss","slug":"hugo-boss"}],"_links":{"self":[{"href":"https:\/\/www.freeshopfrontiera.ch\/fr\/wp-json\/wp\/v2\/product\/7474","targetHints":{"allow":["GET"]}}],"collection":[{"href":"https:\/\/www.freeshopfrontiera.ch\/fr\/wp-json\/wp\/v2\/product"}],"about":[{"href":"https:\/\/www.freeshopfrontiera.ch\/fr\/wp-json\/wp\/v2\/types\/product"}],"replies":[{"embeddable":true,"href":"https:\/\/www.freeshopfrontiera.ch\/fr\/wp-json\/wp\/v2\/comments?post=7474"}],"version-history":[{"count":2,"href":"https:\/\/www.freeshopfrontiera.ch\/fr\/wp-json\/wp\/v2\/product\/7474\/revisions"}],"predecessor-version":[{"id":30479,"href":"https:\/\/www.freeshopfrontiera.ch\/fr\/wp-json\/wp\/v2\/product\/7474\/revisions\/30479"}],"wp:featuredmedia":[{"embeddable":true,"href":"https:\/\/www.freeshopfrontiera.ch\/fr\/wp-json\/wp\/v2\/media\/7466"}],"wp:attachment":[{"href":"https:\/\/www.freeshopfrontiera.ch\/fr\/wp-json\/wp\/v2\/media?parent=7474"}],"wp:term":[{"taxonomy":"pwb-brand","embeddable":true,"href":"https:\/\/www.freeshopfrontiera.ch\/fr\/wp-json\/wp\/v2\/pwb-brand?post=7474"},{"taxonomy":"product_brand","embeddable":true,"href":"https:\/\/www.freeshopfrontiera.ch\/fr\/wp-json\/wp\/v2\/product_brand?post=7474"},{"taxonomy":"product_cat","embeddable":true,"href":"https:\/\/www.freeshopfrontiera.ch\/fr\/wp-json\/wp\/v2\/product_cat?post=7474"},{"taxonomy":"product_tag","embeddable":true,"href":"https:\/\/www.freeshopfrontiera.ch\/fr\/wp-json\/wp\/v2\/product_tag?post=7474"}],"curies":[{"name":"wp","href":"https:\/\/api.w.org\/{rel}","templated":true}]}}