{"id":7491,"date":"2024-11-11T16:07:17","date_gmt":"2024-11-11T16:07:17","guid":{"rendered":"https:\/\/freeshopswiss.alesca.org\/shop\/hugo-boss-boss-bottled\/"},"modified":"2026-04-13T15:17:01","modified_gmt":"2026-04-13T15:17:01","slug":"hugo-boss-boss-bottled","status":"publish","type":"product","link":"https:\/\/www.freeshopfrontiera.ch\/fr\/shop\/hugo-boss-boss-bottled\/","title":{"rendered":"BOSS Boss Bottled"},"content":{"rendered":"<p><strong>BOSS Boss Bottled Eau de Toilette : Le parfum iconique de l\u2019homme \u00e9l\u00e9gant<\/strong><\/p>\n<p><strong>BOSS Boss Bottled Eau de Toilette<\/strong>\u00a0est l\u2019un des parfums les plus c\u00e9l\u00e8bres et les plus populaires pour l\u2019homme moderne, un symbole d\u2019\u00e9l\u00e9gance, de sophistication et de succ\u00e8s. Cr\u00e9\u00e9e pour l\u2019homme confiant et ambitieux, cette eau de toilette combine un m\u00e9lange harmonieux de notes fra\u00eeches, \u00e9pic\u00e9es et bois\u00e9es, qui lui conf\u00e8rent un caract\u00e8re fort et une persistance unique. Parfait pour toutes les occasions, <strong>Boss Bottled<\/strong> est un parfum qui accompagne l\u2019homme dans ses d\u00e9fis quotidiens, lui donnant une aura de classe et de sophistication. La composition de<strong> Boss Bottled<\/strong> s\u2019ouvre sur des notes p\u00e9tillantes et fra\u00eeches de <strong>pomme verte<\/strong>, qui donnent au parfum un d\u00e9part fruit\u00e9 et vif. Ensuite, le c\u0153ur de la fragrance r\u00e9v\u00e8le une combinaison de <strong>cannelle<\/strong>, de <strong>clou de girofle<\/strong> et de <strong>cardamome<\/strong>, qui ajoutent une touche \u00e9pic\u00e9e et chaleureuse, parfaite pour un homme qui sait laisser son empreinte. Les notes <strong>de fond de bois de santal, de<\/strong> <strong>c\u00e8dre<\/strong> et de <strong>musc<\/strong> donnent \u00e0 la fragrance un fond chaud, bois\u00e9 et persistant, qui enveloppe la peau d\u2019un sillage sensuel et enveloppant. Le flacon \u00e9l\u00e9gant et moderne de 50 ml refl\u00e8te parfaitement le caract\u00e8re de celui qui le porte. Le design raffin\u00e9 et le vaporisateur pratique permettent une application confortable et une diffusion optimale du parfum. <strong>HUGO BOSS Boss Bottled Eau de Toilette 50ml<\/strong> est id\u00e9al pour les hommes \u00e0 la recherche d\u2019un parfum polyvalent qui convient \u00e0 tout moment de la journ\u00e9e, des journ\u00e9es au bureau aux soir\u00e9es sp\u00e9ciales. Sa fra\u00eecheur initiale et son caract\u00e8re bois\u00e9 le rendent parfait pour toutes les saisons.<\/p>\n<p><a href=\"https:\/\/www.instagram.com\/freeshopswiss\/\" target=\"_blank\" rel=\"noopener\"> @freeshopswiss<\/a><\/p>\n","protected":false},"excerpt":{"rendered":"<p>HUGO BOSS Boss Bottled Eau de Toilette 50ml est un parfum frais et bois\u00e9 aux notes de pomme verte, de cannelle et de bois de santal, id\u00e9al pour l\u2019homme \u00e9l\u00e9gant et confiant.<\/p>\n","protected":false},"featured_media":7482,"comment_status":"open","ping_status":"closed","template":"","meta":[],"pwb-brand":[260],"product_brand":[],"product_cat":[138,87,89,4195],"product_tag":[141,1629,143,97],"class_list":{"0":"post-7491","1":"product","2":"type-product","3":"status-publish","4":"has-post-thumbnail","6":"pwb-brand-hugo-boss","7":"product_cat-offre","8":"product_cat-parfums","9":"product_cat-pour-lui","10":"product_cat-parfums-offer","11":"product_tag-eau-de-toilette-fr","12":"product_tag-mens-fragrances-fr","13":"product_tag-homme","14":"product_tag-parfums","16":"first","17":"instock","18":"sale","19":"taxable","20":"shipping-taxable","21":"purchasable","22":"product-type-variable"},"brands":[{"id":260,"name":"Hugo Boss","slug":"hugo-boss"}],"_links":{"self":[{"href":"https:\/\/www.freeshopfrontiera.ch\/fr\/wp-json\/wp\/v2\/product\/7491","targetHints":{"allow":["GET"]}}],"collection":[{"href":"https:\/\/www.freeshopfrontiera.ch\/fr\/wp-json\/wp\/v2\/product"}],"about":[{"href":"https:\/\/www.freeshopfrontiera.ch\/fr\/wp-json\/wp\/v2\/types\/product"}],"replies":[{"embeddable":true,"href":"https:\/\/www.freeshopfrontiera.ch\/fr\/wp-json\/wp\/v2\/comments?post=7491"}],"version-history":[{"count":3,"href":"https:\/\/www.freeshopfrontiera.ch\/fr\/wp-json\/wp\/v2\/product\/7491\/revisions"}],"predecessor-version":[{"id":42381,"href":"https:\/\/www.freeshopfrontiera.ch\/fr\/wp-json\/wp\/v2\/product\/7491\/revisions\/42381"}],"wp:featuredmedia":[{"embeddable":true,"href":"https:\/\/www.freeshopfrontiera.ch\/fr\/wp-json\/wp\/v2\/media\/7482"}],"wp:attachment":[{"href":"https:\/\/www.freeshopfrontiera.ch\/fr\/wp-json\/wp\/v2\/media?parent=7491"}],"wp:term":[{"taxonomy":"pwb-brand","embeddable":true,"href":"https:\/\/www.freeshopfrontiera.ch\/fr\/wp-json\/wp\/v2\/pwb-brand?post=7491"},{"taxonomy":"product_brand","embeddable":true,"href":"https:\/\/www.freeshopfrontiera.ch\/fr\/wp-json\/wp\/v2\/product_brand?post=7491"},{"taxonomy":"product_cat","embeddable":true,"href":"https:\/\/www.freeshopfrontiera.ch\/fr\/wp-json\/wp\/v2\/product_cat?post=7491"},{"taxonomy":"product_tag","embeddable":true,"href":"https:\/\/www.freeshopfrontiera.ch\/fr\/wp-json\/wp\/v2\/product_tag?post=7491"}],"curies":[{"name":"wp","href":"https:\/\/api.w.org\/{rel}","templated":true}]}}