{"id":7504,"date":"2024-11-11T16:43:06","date_gmt":"2024-11-11T16:43:06","guid":{"rendered":"https:\/\/freeshopswiss.alesca.org\/shop\/hugo-boss-ma-vie\/"},"modified":"2026-04-13T15:19:57","modified_gmt":"2026-04-13T15:19:57","slug":"hugo-boss-ma-vie","status":"publish","type":"product","link":"https:\/\/www.freeshopfrontiera.ch\/fr\/shop\/hugo-boss-ma-vie\/","title":{"rendered":"BOSS Ma Vie"},"content":{"rendered":"<p><strong>BOSS Ma Vie Eau de Parfum : Le Parfum de la F\u00e9minit\u00e9 et de la Force<\/strong><\/p>\n<p><strong>Ma Vie Eau de Parfum <\/strong>est une ode \u00e0 la f\u00e9minit\u00e9 moderne, un parfum frais, \u00e9l\u00e9gant et raffin\u00e9 qui c\u00e9l\u00e8bre la force et la gr\u00e2ce de la femme d\u2019aujourd\u2019hui. Cr\u00e9\u00e9 pour exprimer la beaut\u00e9 f\u00e9minine et l\u2019ind\u00e9pendance, ce parfum est parfait pour toute femme qui veut se sentir confiante et en phase avec sa vitalit\u00e9. Avec un \u00e9quilibre parfait entre fra\u00eecheur florale et base bois\u00e9e sophistiqu\u00e9e, <strong>Ma Vie<\/strong> est id\u00e9ale pour toutes les occasions, d\u2019une journ\u00e9e au bureau \u00e0 une soir\u00e9e sp\u00e9ciale. La composition de <strong>l\u2019Eau de Parfum BOSS Ma Vie<\/strong> s\u2019ouvre sur des notes fra\u00eeches et vertes de <strong>cactus<\/strong>, qui donnent imm\u00e9diatement une touche p\u00e9tillante et naturelle, symbolisant la libert\u00e9 et l\u2019ind\u00e9pendance. Le c\u0153ur du parfum est un bouquet floral <strong>de fleurs de lys<\/strong>, de <strong>rose<\/strong> et de <strong>g\u00e9ranium<\/strong>, qui enrichit le parfum d\u2019une d\u00e9licatesse et d\u2019une f\u00e9minit\u00e9 intemporelles. Ces notes florales se m\u00ealent \u00e0 un fond chaud et sensuel de <strong>bois de c\u00e8dre<\/strong> et de <strong>musc<\/strong>, qui conf\u00e8rent \u00e0 la fragrance une \u00e9l\u00e9gante persistance et un sillage enveloppant. Le flacon est \u00e9l\u00e9gant et minimaliste, avec un design simple mais exquis qui refl\u00e8te la puret\u00e9 et la force du parfum. Le vaporisateur permet une application pratique, id\u00e9ale pour ceux qui recherchent un parfum qui peut les accompagner \u00e0 tout moment de la journ\u00e9e.<strong>\u00a0BOSS Ma Vie Eau de Parfum 30ml<\/strong> est le parfum parfait pour une femme qui souhaite exprimer sa personnalit\u00e9 unique et son style raffin\u00e9. Sa fra\u00eecheur, associ\u00e9e \u00e0 la sensualit\u00e9 de notes florales et bois\u00e9es, la rend id\u00e9ale en toute saison, notamment au printemps et en \u00e9t\u00e9. <strong>Achetez maintenant BOSS Ma Vie Eau de Parfum <\/strong>et d\u00e9couvrez le parfum qui c\u00e9l\u00e8bre votre f\u00e9minit\u00e9 avec \u00e9l\u00e9gance et force. Suivez toutes nos actualit\u00e9s !<\/p>\n<p><a href=\"https:\/\/www.instagram.com\/freeshopswiss\/\" target=\"_blank\" rel=\"noopener\">@freeshopswiss<\/a><\/p>\n","protected":false},"excerpt":{"rendered":"<p>HUGO BOSS Ma Vie Eau de Parfum 30ml est un parfum frais et floral aux notes de cactus, de rose et de bois de c\u00e8dre, parfait pour la femme \u00e9l\u00e9gante, confiante et dynamique.<\/p>\n","protected":false},"featured_media":7496,"comment_status":"open","ping_status":"closed","template":"","meta":[],"pwb-brand":[260],"product_brand":[],"product_cat":[96,87,109],"product_tag":[252,296,5050,789,97],"class_list":{"0":"post-7504","1":"product","2":"type-product","3":"status-publish","4":"has-post-thumbnail","6":"pwb-brand-hugo-boss","7":"product_cat-evidence","8":"product_cat-parfums","9":"product_cat-pour-elle","10":"product_tag-eau-de-parfum-fr","11":"product_tag-femme","12":"product_tag-fete-des-meres","13":"product_tag-womens-fragrances-fr","14":"product_tag-parfums","16":"first","17":"instock","18":"sale","19":"taxable","20":"shipping-taxable","21":"purchasable","22":"product-type-variable"},"brands":[{"id":260,"name":"Hugo Boss","slug":"hugo-boss"}],"_links":{"self":[{"href":"https:\/\/www.freeshopfrontiera.ch\/fr\/wp-json\/wp\/v2\/product\/7504","targetHints":{"allow":["GET"]}}],"collection":[{"href":"https:\/\/www.freeshopfrontiera.ch\/fr\/wp-json\/wp\/v2\/product"}],"about":[{"href":"https:\/\/www.freeshopfrontiera.ch\/fr\/wp-json\/wp\/v2\/types\/product"}],"replies":[{"embeddable":true,"href":"https:\/\/www.freeshopfrontiera.ch\/fr\/wp-json\/wp\/v2\/comments?post=7504"}],"version-history":[{"count":3,"href":"https:\/\/www.freeshopfrontiera.ch\/fr\/wp-json\/wp\/v2\/product\/7504\/revisions"}],"predecessor-version":[{"id":42386,"href":"https:\/\/www.freeshopfrontiera.ch\/fr\/wp-json\/wp\/v2\/product\/7504\/revisions\/42386"}],"wp:featuredmedia":[{"embeddable":true,"href":"https:\/\/www.freeshopfrontiera.ch\/fr\/wp-json\/wp\/v2\/media\/7496"}],"wp:attachment":[{"href":"https:\/\/www.freeshopfrontiera.ch\/fr\/wp-json\/wp\/v2\/media?parent=7504"}],"wp:term":[{"taxonomy":"pwb-brand","embeddable":true,"href":"https:\/\/www.freeshopfrontiera.ch\/fr\/wp-json\/wp\/v2\/pwb-brand?post=7504"},{"taxonomy":"product_brand","embeddable":true,"href":"https:\/\/www.freeshopfrontiera.ch\/fr\/wp-json\/wp\/v2\/product_brand?post=7504"},{"taxonomy":"product_cat","embeddable":true,"href":"https:\/\/www.freeshopfrontiera.ch\/fr\/wp-json\/wp\/v2\/product_cat?post=7504"},{"taxonomy":"product_tag","embeddable":true,"href":"https:\/\/www.freeshopfrontiera.ch\/fr\/wp-json\/wp\/v2\/product_tag?post=7504"}],"curies":[{"name":"wp","href":"https:\/\/api.w.org\/{rel}","templated":true}]}}