{"id":7517,"date":"2024-11-12T08:29:36","date_gmt":"2024-11-12T08:29:36","guid":{"rendered":"https:\/\/freeshopswiss.alesca.org\/shop\/burberry-her\/"},"modified":"2026-03-02T12:33:57","modified_gmt":"2026-03-02T12:33:57","slug":"burberry-her","status":"publish","type":"product","link":"https:\/\/www.freeshopfrontiera.ch\/fr\/shop\/burberry-her\/","title":{"rendered":"BURBERRY Her 30ml"},"content":{"rendered":"<p><strong>BURBERRY Her Eau de Parfum 30ml : Le Parfum de la F\u00e9minit\u00e9 Moderne<\/strong><\/p>\n<p>BURBERRY Her Eau de Parfum est un parfum \u00e9l\u00e9gant et sensuel, con\u00e7u pour la femme dynamique et sophistiqu\u00e9e. Ce parfum, sign\u00e9 par la c\u00e9l\u00e8bre maison de couture Burberry, est un v\u00e9ritable hommage \u00e0 la modernit\u00e9 et \u00e0 la f\u00e9minit\u00e9, avec une composition olfactive unique qui capture l\u2019essence d\u2019une ville vibrante comme Londres. Le parfum s\u2019ouvre sur des notes fra\u00eeches et fruit\u00e9es de <strong>cerise<\/strong>, de <strong>baies rouges<\/strong> et d\u2019une pointe d\u2019amande qui cr\u00e9ent un premier impact doux et p\u00e9tillant.<strong> Ensuite, le c\u0153ur du parfum r\u00e9v\u00e8le un m\u00e9lange floral raffin\u00e9 de <strong>pivoine<\/strong> et de <strong>violette<\/strong>, qui donne une sensualit\u00e9 d\u00e9licate mais enveloppante. Le fond du parfum est enrichi de notes chaudes et enveloppantes de <strong>musc<\/strong>, <strong>d\u2019ambre<\/strong> et de <strong>vanille<\/strong>, qui donnent de la profondeur et de la persistance \u00e0 la composition. Avec son \u00e9l\u00e9gant flacon de 30 ml, <strong>BURBERRY Her<\/strong> est parfait pour \u00eatre emport\u00e9 partout avec vous, que vous l\u2019emportiez avec vous tout au long de la journ\u00e9e ou lors d\u2019une soir\u00e9e sp\u00e9ciale. Sa formulation intense mais discr\u00e8te le rend id\u00e9al pour toutes les saisons, ajoutant une touche de classe et de sophistication \u00e0 toute occasion. Sa durabilit\u00e9 exceptionnelle garantit un sillage de fra\u00eecheur et de f\u00e9minit\u00e9 qui persiste dans le temps. Parfait pour celles qui recherchent un parfum polyvalent et moderne, <strong>BURBERRY Her<\/strong> est l\u2019accessoire id\u00e9al pour une femme qui souhaite exprimer sa personnalit\u00e9 unique avec \u00e9l\u00e9gance. Si vous \u00eates \u00e0 la recherche d\u2019un parfum qui transmet fra\u00eecheur et sophistication, ce parfum est le choix parfait. Voir toutes nos actualit\u00e9s !<\/strong><\/p>\n<p><a href=\"https:\/\/www.instagram.com\/freeshopswiss\/\" target=\"_blank\" rel=\"noopener\">@freeshopswiss<\/a><\/p>\n","protected":false},"excerpt":{"rendered":"<p><strong>BURBERRY Her Eau de Parfum Vapo 30ml<\/strong> est un parfum f\u00e9minin moderne et sophistiqu\u00e9, associant des notes fruit\u00e9es de cerise et de fruits rouges \u00e0 un c\u0153ur floral de pivoine et de violette, avec un fond enveloppant de musc et de vanille. Parfait pour toutes les occasions, il offre un sillage frais et durable.<\/p>\n","protected":false},"featured_media":7509,"comment_status":"open","ping_status":"closed","template":"","meta":[],"pwb-brand":[261],"product_brand":[],"product_cat":[96,87,109,4195],"product_tag":[252,296,4348,789,97,4367],"class_list":{"0":"post-7517","1":"product","2":"type-product","3":"status-publish","4":"has-post-thumbnail","6":"pwb-brand-burberry","7":"product_cat-evidence","8":"product_cat-parfums","9":"product_cat-pour-elle","10":"product_cat-parfums-offer","11":"product_tag-eau-de-parfum-fr","12":"product_tag-femme","13":"product_tag-fete-des-femmes","14":"product_tag-womens-fragrances-fr","15":"product_tag-parfums","16":"product_tag-special-printemps","18":"first","19":"instock","20":"sale","21":"taxable","22":"shipping-taxable","23":"purchasable","24":"product-type-simple"},"brands":[{"id":261,"name":"Burberry","slug":"burberry"}],"_links":{"self":[{"href":"https:\/\/www.freeshopfrontiera.ch\/fr\/wp-json\/wp\/v2\/product\/7517","targetHints":{"allow":["GET"]}}],"collection":[{"href":"https:\/\/www.freeshopfrontiera.ch\/fr\/wp-json\/wp\/v2\/product"}],"about":[{"href":"https:\/\/www.freeshopfrontiera.ch\/fr\/wp-json\/wp\/v2\/types\/product"}],"replies":[{"embeddable":true,"href":"https:\/\/www.freeshopfrontiera.ch\/fr\/wp-json\/wp\/v2\/comments?post=7517"}],"version-history":[{"count":2,"href":"https:\/\/www.freeshopfrontiera.ch\/fr\/wp-json\/wp\/v2\/product\/7517\/revisions"}],"predecessor-version":[{"id":40634,"href":"https:\/\/www.freeshopfrontiera.ch\/fr\/wp-json\/wp\/v2\/product\/7517\/revisions\/40634"}],"wp:featuredmedia":[{"embeddable":true,"href":"https:\/\/www.freeshopfrontiera.ch\/fr\/wp-json\/wp\/v2\/media\/7509"}],"wp:attachment":[{"href":"https:\/\/www.freeshopfrontiera.ch\/fr\/wp-json\/wp\/v2\/media?parent=7517"}],"wp:term":[{"taxonomy":"pwb-brand","embeddable":true,"href":"https:\/\/www.freeshopfrontiera.ch\/fr\/wp-json\/wp\/v2\/pwb-brand?post=7517"},{"taxonomy":"product_brand","embeddable":true,"href":"https:\/\/www.freeshopfrontiera.ch\/fr\/wp-json\/wp\/v2\/product_brand?post=7517"},{"taxonomy":"product_cat","embeddable":true,"href":"https:\/\/www.freeshopfrontiera.ch\/fr\/wp-json\/wp\/v2\/product_cat?post=7517"},{"taxonomy":"product_tag","embeddable":true,"href":"https:\/\/www.freeshopfrontiera.ch\/fr\/wp-json\/wp\/v2\/product_tag?post=7517"}],"curies":[{"name":"wp","href":"https:\/\/api.w.org\/{rel}","templated":true}]}}