{"id":7530,"date":"2024-11-12T08:49:04","date_gmt":"2024-11-12T08:49:04","guid":{"rendered":"https:\/\/freeshopswiss.alesca.org\/shop\/burberry-london-men\/"},"modified":"2025-05-16T11:03:41","modified_gmt":"2025-05-16T11:03:41","slug":"burberry-london-men","status":"publish","type":"product","link":"https:\/\/www.freeshopfrontiera.ch\/fr\/shop\/burberry-london-men\/","title":{"rendered":"BURBERRY London Men"},"content":{"rendered":"<p><strong>BURBERRY London Men Eau de Toilette 50ml : L\u2019essence de la sophistication masculine<\/strong><\/p>\n<p><strong>BURBERRY London Men<\/strong> est le parfum id\u00e9al pour l\u2019homme sophistiqu\u00e9, \u00e9l\u00e9gant et dynamique. Ce parfum, cr\u00e9\u00e9 par la c\u00e9l\u00e8bre maison de couture Burberry, capture l\u2019essence de Londres, une ville qui allie tradition et modernit\u00e9, et la transforme en une fragrance enveloppante et pleine de caract\u00e8re. Parfait pour toutes les occasions, ce parfum exprime le charme d\u2019un homme qui aime se d\u00e9marquer par sa discr\u00e9tion et sa classe. La composition olfactive de <strong>l\u2019Eau de Toilette BURBERRY London Men<\/strong> est un v\u00e9ritable voyage sensoriel qui commence par une fra\u00eecheur vive et \u00e9pic\u00e9e, gr\u00e2ce \u00e0 l\u2019association du <strong>citron<\/strong>, de <strong>la lavande<\/strong> et de la <strong>cannelle<\/strong>. Ces notes de t\u00eate d\u00e9voilent une personnalit\u00e9 \u00e9nergique et affirm\u00e9e, qui se m\u00eale \u00e0 un c\u0153ur riche et profond de <strong>g\u00e9ranium<\/strong>, de <strong>jasmin<\/strong> et de <strong>tabac<\/strong>, qui ajoutent une dimension chaleureuse et enveloppante \u00e0 la fragrance. La base du parfum se caract\u00e9rise par un m\u00e9lange de <strong>muscs<\/strong>, de <strong>bois de ga\u00efac<\/strong> et de <strong>f\u00e8ve tonka<\/strong>, ce qui conf\u00e8re au parfum une excellente durabilit\u00e9 et un sillage sensuel mais non intrusif. Ces accords bois\u00e9s et doux font de <strong>BURBERRY London Men<\/strong> un parfum parfait pour l\u2019automne et l\u2019hiver, mais aussi pour les soir\u00e9es printani\u00e8res plus fra\u00eeches, offrant une sensation d\u2019\u00e9l\u00e9gance intemporelle. La bouteille de <strong>50 ml<\/strong> avec vaporisateur est pratique et sophistiqu\u00e9e, id\u00e9ale pour \u00eatre emport\u00e9e avec vous en d\u00e9placement ou pour un usage quotidien. Le parfum est parfaitement adapt\u00e9 \u00e0 l\u2019homme \u00e0 la recherche d\u2019un parfum classique mais moderne, capable de laisser un sillage m\u00e9morable sans jamais \u00eatre trop intrusif. <strong>BURBERRY London Men Eau de Toilette 50ml<\/strong> est le parfum parfait pour ceux qui veulent une interpr\u00e9tation raffin\u00e9e et sophistiqu\u00e9e de la masculinit\u00e9. Achetez maintenant et obtenez une touche de classe et de fra\u00eecheur Burberry. Suivez toutes nos actualit\u00e9s !<\/p>\n<p><a href=\"https:\/\/www.instagram.com\/freeshopswiss\/\" target=\"_blank\" rel=\"noopener\">@freeshopswiss<\/a><\/p>\n","protected":false},"excerpt":{"rendered":"<div class=\"flex max-w-full flex-col flex-grow\">\n<div class=\"min-h-8 text-message flex w-full flex-col items-end gap-2 whitespace-normal break-words [.text-message+&amp;]:mt-5\" dir=\"auto\" data-message-author-role=\"assistant\" data-message-id=\"d84dcdf6-6d13-4c7d-b57b-c05511ba9354\" data-message-model-slug=\"gpt-4o-mini\">\n<div class=\"flex w-full flex-col gap-1 empty:hidden first:pt-[3px]\">\n<div class=\"markdown prose w-full break-words dark:prose-invert light\">\n<p><strong>BURBERRY London Men Eau de Toilette 50ml<\/strong> est un parfum sophistiqu\u00e9 et enveloppant, aux notes fra\u00eeches de citron et de lavande, au c\u0153ur de g\u00e9ranium et de tabac, et \u00e0 un fond bois\u00e9 de musc et de ga\u00efac. Parfait pour l\u2019homme \u00e9l\u00e9gant et dynamique.<\/p>\n<\/div>\n<\/div>\n<\/div>\n<\/div>\n","protected":false},"featured_media":7522,"comment_status":"open","ping_status":"closed","template":"","meta":[],"pwb-brand":[261],"product_brand":[],"product_cat":[138,87,89,4195],"product_tag":[141,1629,143,278,97],"class_list":{"0":"post-7530","1":"product","2":"type-product","3":"status-publish","4":"has-post-thumbnail","6":"pwb-brand-burberry","7":"product_cat-offre","8":"product_cat-parfums","9":"product_cat-pour-lui","10":"product_cat-parfums-offer","11":"product_tag-eau-de-toilette-fr","12":"product_tag-mens-fragrances-fr","13":"product_tag-homme","14":"product_tag-offre","15":"product_tag-parfums","17":"first","18":"instock","19":"sale","20":"taxable","21":"shipping-taxable","22":"purchasable","23":"product-type-variable","24":"has-default-attributes"},"brands":[{"id":261,"name":"Burberry","slug":"burberry"}],"_links":{"self":[{"href":"https:\/\/www.freeshopfrontiera.ch\/fr\/wp-json\/wp\/v2\/product\/7530","targetHints":{"allow":["GET"]}}],"collection":[{"href":"https:\/\/www.freeshopfrontiera.ch\/fr\/wp-json\/wp\/v2\/product"}],"about":[{"href":"https:\/\/www.freeshopfrontiera.ch\/fr\/wp-json\/wp\/v2\/types\/product"}],"replies":[{"embeddable":true,"href":"https:\/\/www.freeshopfrontiera.ch\/fr\/wp-json\/wp\/v2\/comments?post=7530"}],"version-history":[{"count":2,"href":"https:\/\/www.freeshopfrontiera.ch\/fr\/wp-json\/wp\/v2\/product\/7530\/revisions"}],"predecessor-version":[{"id":30460,"href":"https:\/\/www.freeshopfrontiera.ch\/fr\/wp-json\/wp\/v2\/product\/7530\/revisions\/30460"}],"wp:featuredmedia":[{"embeddable":true,"href":"https:\/\/www.freeshopfrontiera.ch\/fr\/wp-json\/wp\/v2\/media\/7522"}],"wp:attachment":[{"href":"https:\/\/www.freeshopfrontiera.ch\/fr\/wp-json\/wp\/v2\/media?parent=7530"}],"wp:term":[{"taxonomy":"pwb-brand","embeddable":true,"href":"https:\/\/www.freeshopfrontiera.ch\/fr\/wp-json\/wp\/v2\/pwb-brand?post=7530"},{"taxonomy":"product_brand","embeddable":true,"href":"https:\/\/www.freeshopfrontiera.ch\/fr\/wp-json\/wp\/v2\/product_brand?post=7530"},{"taxonomy":"product_cat","embeddable":true,"href":"https:\/\/www.freeshopfrontiera.ch\/fr\/wp-json\/wp\/v2\/product_cat?post=7530"},{"taxonomy":"product_tag","embeddable":true,"href":"https:\/\/www.freeshopfrontiera.ch\/fr\/wp-json\/wp\/v2\/product_tag?post=7530"}],"curies":[{"name":"wp","href":"https:\/\/api.w.org\/{rel}","templated":true}]}}