{"id":7548,"date":"2024-11-12T09:43:12","date_gmt":"2024-11-12T09:43:12","guid":{"rendered":"https:\/\/freeshopswiss.alesca.org\/shop\/lancome-la-vie-est-belle\/"},"modified":"2025-05-16T11:02:52","modified_gmt":"2025-05-16T11:02:52","slug":"lancome-la-vie-est-belle","status":"publish","type":"product","link":"https:\/\/www.freeshopfrontiera.ch\/fr\/shop\/lancome-la-vie-est-belle\/","title":{"rendered":"LANCOME La Vie est Belle"},"content":{"rendered":"<p><strong>LANC\u00d4ME La Vie est Belle Eau de Parfum : Le Parfum du Bonheur<\/strong><\/p>\n<p><strong>LANCOME La Vie est Belle Eau de Parfum <\/strong>est un parfum iconique qui incarne l\u2019essence de la beaut\u00e9 et de la joie de vivre. Cr\u00e9\u00e9 par Lanc\u00f4me, l\u2019une des marques de luxe les plus prestigieuses dans le monde de la parfumerie, ce parfum f\u00e9minin est un hymne au bonheur, \u00e0 l\u2019\u00e9l\u00e9gance et \u00e0 la libert\u00e9. Avec son bouquet floral et sucr\u00e9, <strong>La Vie est Belle<\/strong> est devenue un symbole d\u2019optimisme et de positivit\u00e9, id\u00e9al pour la femme qui veut exprimer son esprit joyeux et confiant. La composition olfactive de <strong>La Vie est Belle <\/strong> est une harmonie parfaite de notes sucr\u00e9es, fruit\u00e9es et florales qui s\u2019unissent dans un parfum intense et enveloppant. Son ouverture se caract\u00e9rise par une explosion de fra\u00eecheur avec la <strong>poire<\/strong> et le <strong>cassis<\/strong>, qui donnent une touche fruit\u00e9e et vive. Le c\u0153ur de la fragrance est un \u00e9l\u00e9gant bouquet <strong>d\u2019iris<\/strong>, de <strong>fleur d\u2019oranger<\/strong> et de <strong>jasmin<\/strong>, mettant en valeur sa f\u00e9minit\u00e9 raffin\u00e9e et sensuelle. Enfin, le fond est domin\u00e9 par des notes chaudes et enveloppantes de <strong>vanille<\/strong>, de <strong>pralin\u00e9<\/strong> et de <strong>paciuli<\/strong>, qui donnent de la profondeur et de la long\u00e9vit\u00e9 au parfum. Le flacon de <strong>LANC\u00d4ME La Vie est Belle<\/strong> est une \u0153uvre d\u2019art en soi, avec son design \u00e9l\u00e9gant et raffin\u00e9, qui rappelle la beaut\u00e9 de la fleur d\u2019iris. Sa forme simple mais sophistiqu\u00e9e et son capuchon bijou en font un accessoire \u00e0 exposer avec fiert\u00e9. Parfaite pour toutes les occasions, <strong>l\u2019eau de parfum La Vie est Belle<\/strong> est id\u00e9ale pour la femme qui veut se sentir sp\u00e9ciale chaque jour. D\u2019une durabilit\u00e9 extraordinaire, ce parfum est capable de laisser un sillage m\u00e9morable, sans jamais \u00eatre intrusif. Si vous \u00eates \u00e0 la recherche d\u2019un parfum qui transmet l\u2019\u00e9l\u00e9gance, la fra\u00eecheur et la sensualit\u00e9, <strong>LANCOME La Vie est Belle est le <\/strong>choix parfait. Suivez toutes nos actualit\u00e9s !<\/p>\n<p><a href=\"https:\/\/www.instagram.com\/freeshopswiss\/\" target=\"_blank\" rel=\"noopener\">@freeshopswiss<\/a><\/p>\n","protected":false},"excerpt":{"rendered":"<p><strong>LANC\u00d4ME La Vie est Belle Eau de Parfum 30ml<\/strong> est une fragrance sophistiqu\u00e9e et enveloppante, alliant des notes fra\u00eeches de poire et de cassis \u00e0 un c\u0153ur floral d\u2019iris et de jasmin, avec un fond sucr\u00e9 de vanille et de pralin\u00e9. Parfait pour une femme \u00e9l\u00e9gante et optimiste.<\/p>\n","protected":false},"featured_media":7544,"comment_status":"open","ping_status":"closed","template":"","meta":[],"pwb-brand":[262],"product_brand":[],"product_cat":[96,138,87,109],"product_tag":[252,296,789,278,97,4367],"class_list":{"0":"post-7548","1":"product","2":"type-product","3":"status-publish","4":"has-post-thumbnail","6":"pwb-brand-lancome","7":"product_cat-evidence","8":"product_cat-offre","9":"product_cat-parfums","10":"product_cat-pour-elle","11":"product_tag-eau-de-parfum-fr","12":"product_tag-femme","13":"product_tag-womens-fragrances-fr","14":"product_tag-offre","15":"product_tag-parfums","16":"product_tag-special-printemps","18":"first","19":"instock","20":"sale","21":"taxable","22":"shipping-taxable","23":"purchasable","24":"product-type-variable"},"brands":[{"id":262,"name":"Lanc\u00f4me","slug":"lancome"}],"_links":{"self":[{"href":"https:\/\/www.freeshopfrontiera.ch\/fr\/wp-json\/wp\/v2\/product\/7548","targetHints":{"allow":["GET"]}}],"collection":[{"href":"https:\/\/www.freeshopfrontiera.ch\/fr\/wp-json\/wp\/v2\/product"}],"about":[{"href":"https:\/\/www.freeshopfrontiera.ch\/fr\/wp-json\/wp\/v2\/types\/product"}],"replies":[{"embeddable":true,"href":"https:\/\/www.freeshopfrontiera.ch\/fr\/wp-json\/wp\/v2\/comments?post=7548"}],"version-history":[{"count":3,"href":"https:\/\/www.freeshopfrontiera.ch\/fr\/wp-json\/wp\/v2\/product\/7548\/revisions"}],"predecessor-version":[{"id":30457,"href":"https:\/\/www.freeshopfrontiera.ch\/fr\/wp-json\/wp\/v2\/product\/7548\/revisions\/30457"}],"wp:featuredmedia":[{"embeddable":true,"href":"https:\/\/www.freeshopfrontiera.ch\/fr\/wp-json\/wp\/v2\/media\/7544"}],"wp:attachment":[{"href":"https:\/\/www.freeshopfrontiera.ch\/fr\/wp-json\/wp\/v2\/media?parent=7548"}],"wp:term":[{"taxonomy":"pwb-brand","embeddable":true,"href":"https:\/\/www.freeshopfrontiera.ch\/fr\/wp-json\/wp\/v2\/pwb-brand?post=7548"},{"taxonomy":"product_brand","embeddable":true,"href":"https:\/\/www.freeshopfrontiera.ch\/fr\/wp-json\/wp\/v2\/product_brand?post=7548"},{"taxonomy":"product_cat","embeddable":true,"href":"https:\/\/www.freeshopfrontiera.ch\/fr\/wp-json\/wp\/v2\/product_cat?post=7548"},{"taxonomy":"product_tag","embeddable":true,"href":"https:\/\/www.freeshopfrontiera.ch\/fr\/wp-json\/wp\/v2\/product_tag?post=7548"}],"curies":[{"name":"wp","href":"https:\/\/api.w.org\/{rel}","templated":true}]}}