{"id":7571,"date":"2024-11-12T17:40:50","date_gmt":"2024-11-12T17:40:50","guid":{"rendered":"https:\/\/freeshopswiss.alesca.org\/shop\/cool-water-sea-rose\/"},"modified":"2025-05-16T11:02:03","modified_gmt":"2025-05-16T11:02:03","slug":"cool-water-sea-rose","status":"publish","type":"product","link":"https:\/\/www.freeshopfrontiera.ch\/fr\/shop\/cool-water-sea-rose\/","title":{"rendered":"Cool Water Sea Rose"},"content":{"rendered":"<p><strong>Cool Water Sea Rose Eau de Toilette 30ml : L\u2019Essence de la Fra\u00eecheur Marine<\/strong><\/p>\n<p><strong>DAVIDOFF Eau de Toilette Fra\u00eeche Mer Rose 30ml<\/strong> est un parfum f\u00e9minin frais et l\u00e9ger, parfait pour la femme qui aime l\u2019\u00e9l\u00e9gance naturelle et la fra\u00eecheur de la mer. Inspir\u00e9e par la beaut\u00e9 de l\u2019oc\u00e9an et de ses eaux cristallines, cette fragrance revisit\u00e9e de la c\u00e9l\u00e8bre ligne <em>Cool Water<\/em> capture la fra\u00eecheur marine alli\u00e9e \u00e0 la d\u00e9licatesse des fleurs, offrant une exp\u00e9rience sensorielle unique. La composition olfactive de <strong>Cool Water Sea Rose<\/strong> s\u2019ouvre sur une note fruit\u00e9e et vive de <strong>groseille rouge<\/strong> et de <strong>mandarine<\/strong>, qui donnent une touche de fra\u00eecheur imm\u00e9diate, comme un plongeon dans une eau cristalline. Le c\u0153ur du parfum est caract\u00e9ris\u00e9 par un \u00e9l\u00e9gant m\u00e9lange floral de <strong>rose<\/strong>, de <strong>lys<\/strong> et de <strong>pivoine<\/strong>, qui ajoutent une dimension romantique et d\u00e9licate au parfum. La rose, en particulier, est la fleur symbolique de ce parfum, ce qui la rend id\u00e9ale pour la femme qui aime la beaut\u00e9 et le raffinement sans sacrifier la fra\u00eecheur. Le fond de <strong>Sea Rose<\/strong> est doux et enveloppant, avec des notes <strong>de bois de santal, de<\/strong> <strong>musc<\/strong> et <strong>d\u2019ambre<\/strong> qui donnent au parfum une longue persistance et un sillage d\u00e9licat mais persistant. Ces accords bois\u00e9s et musqu\u00e9s \u00e9quilibrent parfaitement la fra\u00eecheur initiale, cr\u00e9ant un parfum harmonieux qui dure tout au long de la journ\u00e9e. Le flacon de <strong>30 ml<\/strong> de<strong> Sea Rose<\/strong> est \u00e9l\u00e9gant et moderne, avec un design qui rappelle les nuances d\u00e9licates de l\u2019eau et l\u2019\u00e9clat des fleurs. Sa forme articul\u00e9e et compacte le rend id\u00e9al \u00e0 emporter partout, en d\u00e9placement ou dans la vie de tous les jours, pour une touche de fra\u00eecheur qui dure dans le temps. <strong>DAVIDOFF Cool Water Sea Rose <\/strong>est parfait pour la femme \u00e0 la recherche d\u2019un parfum frais, floral et l\u00e9ger qui exprime la sensualit\u00e9 et la d\u00e9licatesse. Avec sa composition \u00e9quilibr\u00e9e, il est id\u00e9al pour toutes les saisons, en particulier pour le printemps et l\u2019\u00e9t\u00e9, lorsque l\u2019envie de fra\u00eecheur et de l\u00e9g\u00e8ret\u00e9 est la plus forte. Suivez toutes nos actualit\u00e9s !<\/p>\n<p><a href=\"https:\/\/www.instagram.com\/freeshopswiss\/\" target=\"_blank\" rel=\"noopener\">@freeshopswiss<\/a><\/p>\n","protected":false},"excerpt":{"rendered":"<p><strong>DAVIDOFF Cool Water Sea Rose Eau de Toilette 30ml<\/strong> est un parfum frais et floral, combinant des notes de groseille rouge, de rose, de pivoine et de bois de santal, offrant une sensation de fra\u00eecheur marine et de sophistication. Parfait pour la femme \u00e9l\u00e9gante et dynamique.<\/p>\n","protected":false},"featured_media":7563,"comment_status":"open","ping_status":"closed","template":"","meta":[],"pwb-brand":[200],"product_brand":[],"product_cat":[96,87,109,4195],"product_tag":[141,296,789,97],"class_list":{"0":"post-7571","1":"product","2":"type-product","3":"status-publish","4":"has-post-thumbnail","6":"pwb-brand-davidoff","7":"product_cat-evidence","8":"product_cat-parfums","9":"product_cat-pour-elle","10":"product_cat-parfums-offer","11":"product_tag-eau-de-toilette-fr","12":"product_tag-femme","13":"product_tag-womens-fragrances-fr","14":"product_tag-parfums","16":"first","17":"instock","18":"sale","19":"taxable","20":"shipping-taxable","21":"purchasable","22":"product-type-simple"},"brands":[{"id":200,"name":"Davidoff","slug":"davidoff"}],"_links":{"self":[{"href":"https:\/\/www.freeshopfrontiera.ch\/fr\/wp-json\/wp\/v2\/product\/7571","targetHints":{"allow":["GET"]}}],"collection":[{"href":"https:\/\/www.freeshopfrontiera.ch\/fr\/wp-json\/wp\/v2\/product"}],"about":[{"href":"https:\/\/www.freeshopfrontiera.ch\/fr\/wp-json\/wp\/v2\/types\/product"}],"replies":[{"embeddable":true,"href":"https:\/\/www.freeshopfrontiera.ch\/fr\/wp-json\/wp\/v2\/comments?post=7571"}],"version-history":[{"count":1,"href":"https:\/\/www.freeshopfrontiera.ch\/fr\/wp-json\/wp\/v2\/product\/7571\/revisions"}],"predecessor-version":[{"id":30452,"href":"https:\/\/www.freeshopfrontiera.ch\/fr\/wp-json\/wp\/v2\/product\/7571\/revisions\/30452"}],"wp:featuredmedia":[{"embeddable":true,"href":"https:\/\/www.freeshopfrontiera.ch\/fr\/wp-json\/wp\/v2\/media\/7563"}],"wp:attachment":[{"href":"https:\/\/www.freeshopfrontiera.ch\/fr\/wp-json\/wp\/v2\/media?parent=7571"}],"wp:term":[{"taxonomy":"pwb-brand","embeddable":true,"href":"https:\/\/www.freeshopfrontiera.ch\/fr\/wp-json\/wp\/v2\/pwb-brand?post=7571"},{"taxonomy":"product_brand","embeddable":true,"href":"https:\/\/www.freeshopfrontiera.ch\/fr\/wp-json\/wp\/v2\/product_brand?post=7571"},{"taxonomy":"product_cat","embeddable":true,"href":"https:\/\/www.freeshopfrontiera.ch\/fr\/wp-json\/wp\/v2\/product_cat?post=7571"},{"taxonomy":"product_tag","embeddable":true,"href":"https:\/\/www.freeshopfrontiera.ch\/fr\/wp-json\/wp\/v2\/product_tag?post=7571"}],"curies":[{"name":"wp","href":"https:\/\/api.w.org\/{rel}","templated":true}]}}