{"id":7584,"date":"2024-11-13T08:30:33","date_gmt":"2024-11-13T08:30:33","guid":{"rendered":"https:\/\/freeshopswiss.alesca.org\/shop\/acqua-di-gio-homme\/"},"modified":"2025-05-16T11:00:51","modified_gmt":"2025-05-16T11:00:51","slug":"acqua-di-gio-homme","status":"publish","type":"product","link":"https:\/\/www.freeshopfrontiera.ch\/fr\/shop\/acqua-di-gio-homme\/","title":{"rendered":"Acqua di Gi\u00f2 Homme"},"content":{"rendered":"<p><strong>Acqua di Gi\u00f2 Homme : une essence \u00e9l\u00e9gante et fra\u00eeche<\/strong><\/p>\n<p><strong>Giorgio Armani Acqua di Gi\u00f2 Homme Eau de Toilette 200ml<\/strong> est un parfum iconique, symbole d\u2019\u00e9l\u00e9gance et de fra\u00eecheur intemporelles. Lanc\u00e9e en 1996, cette eau de toilette repr\u00e9sente l\u2019essence de la perfection masculine, une rencontre entre l\u2019intensit\u00e9 de la nature et le raffinement urbain. Avec son flacon de 200 ml, Acqua di Gi\u00f2 Homme est parfait pour ceux qui veulent un parfum qui accompagne chaque moment de la journ\u00e9e, du matin au soir. Le parfum s\u2019ouvre sur une combinaison fra\u00eeche de notes d\u2019agrumes, notamment de citron et de bergamote, qui donnent de l\u2019\u00e9nergie et de la vitalit\u00e9. Le c\u0153ur de la composition est enrichi d\u2019un m\u00e9lange de notes marines et florales, le jasmin et le romarin \u00e9voquant la brise marine et la fra\u00eecheur de l\u2019air. Enfin, les notes de fond, notamment le bois de c\u00e8dre, le musc et le patchouli, ajoutent une profondeur sensuelle et persistante qui rend Acqua di Gi\u00f2 Uomo id\u00e9al pour toutes les saisons. Son parfum \u00e9quilibr\u00e9 et enveloppant n\u2019est jamais intrusif, mais se sent doucement pendant des heures, cr\u00e9ant un sillage irr\u00e9sistible. <strong>Acqua di Gi\u00f2 Homme<\/strong> est le choix parfait pour l\u2019homme qui aime se d\u00e9marquer sans exc\u00e8s, mais avec une touche de classe et d\u2019\u00e9l\u00e9gance. Gr\u00e2ce \u00e0 sa composition l\u00e9g\u00e8re mais sophistiqu\u00e9e, ce parfum s\u2019adapte \u00e0 tout type de personnalit\u00e9, que vous recherchiez un parfum de tous les jours ou une essence pour les grandes occasions. Le sillage durable et discret mais pr\u00e9sent fait de ce parfum un incontournable pour l\u2019homme moderne, qui est \u00e0 la recherche d\u2019un parfum polyvalent et sophistiqu\u00e9. Le flacon \u00e9l\u00e9gant, simple et raffin\u00e9 refl\u00e8te la philosophie de la marque Giorgio Armani, o\u00f9 la classe et la qualit\u00e9 se rencontrent. Acqua di Gi\u00f2 est synonyme de style et de fra\u00eecheur, mais aussi de naturel, un hommage \u00e0 la beaut\u00e9 et \u00e0 la puret\u00e9 de la mer. Parfaite pour toutes les occasions, d\u2019une r\u00e9union d\u2019affaires \u00e0 une soir\u00e9e \u00e9l\u00e9gante, <strong>l\u2019Eau de Toilette Acqua di Gi\u00f2 Homme 200ml<\/strong> est un symbole de style et de fra\u00eecheur, capable de conqu\u00e9rir n\u2019importe qui avec son parfum unique et incomparable. D\u00e9couvrez le charme intemporel de ce classique de la parfumerie masculine et rendez chaque jour sp\u00e9cial avec Giorgio Armani. Que ce soit pour vous ou pour un cadeau, Acqua di Gi\u00f2 est toujours un choix gagnant. Suivez toutes nos actualit\u00e9s !<\/p>\n<p><a href=\"https:\/\/www.instagram.com\/freeshopswiss\/\" target=\"_blank\" rel=\"noopener\">@freeshopswiss<\/a><\/p>\n","protected":false},"excerpt":{"rendered":"<div class=\"flex max-w-full flex-col flex-grow\">\n<div class=\"min-h-8 text-message flex w-full flex-col items-end gap-2 whitespace-normal break-words [.text-message+&amp;]:mt-5\" dir=\"auto\" data-message-author-role=\"assistant\" data-message-id=\"16cc96e5-a954-485f-a451-31d3a6cf9ab0\" data-message-model-slug=\"gpt-4o-mini\">\n<div class=\"flex w-full flex-col gap-1 empty:hidden first:pt-[3px]\">\n<div class=\"markdown prose w-full break-words dark:prose-invert light\">\n<p>Acqua di Gi\u00f2 Homme Eau de Toilette 200ml est un parfum frais et sophistiqu\u00e9, qui associe des notes d\u2019agrumes, marines et bois\u00e9es pour une senteur \u00e9l\u00e9gante et enveloppante. Parfait pour l\u2019homme moderne, il s\u2019adapte \u00e0 toutes les occasions, avec une longue dur\u00e9e de vie et un sillage discret.<\/p>\n<\/div>\n<\/div>\n<\/div>\n<\/div>\n","protected":false},"featured_media":7576,"comment_status":"open","ping_status":"closed","template":"","meta":[],"pwb-brand":[263],"product_brand":[],"product_cat":[87,89],"product_tag":[141,1629,143,97,4367],"class_list":{"0":"post-7584","1":"product","2":"type-product","3":"status-publish","4":"has-post-thumbnail","6":"pwb-brand-giorgio-armani","7":"product_cat-parfums","8":"product_cat-pour-lui","9":"product_tag-eau-de-toilette-fr","10":"product_tag-mens-fragrances-fr","11":"product_tag-homme","12":"product_tag-parfums","13":"product_tag-special-printemps","15":"first","16":"instock","17":"sale","18":"taxable","19":"shipping-taxable","20":"purchasable","21":"product-type-variable"},"brands":[{"id":263,"name":"Giorgio Armani","slug":"giorgio-armani"}],"_links":{"self":[{"href":"https:\/\/www.freeshopfrontiera.ch\/fr\/wp-json\/wp\/v2\/product\/7584","targetHints":{"allow":["GET"]}}],"collection":[{"href":"https:\/\/www.freeshopfrontiera.ch\/fr\/wp-json\/wp\/v2\/product"}],"about":[{"href":"https:\/\/www.freeshopfrontiera.ch\/fr\/wp-json\/wp\/v2\/types\/product"}],"replies":[{"embeddable":true,"href":"https:\/\/www.freeshopfrontiera.ch\/fr\/wp-json\/wp\/v2\/comments?post=7584"}],"version-history":[{"count":2,"href":"https:\/\/www.freeshopfrontiera.ch\/fr\/wp-json\/wp\/v2\/product\/7584\/revisions"}],"predecessor-version":[{"id":30448,"href":"https:\/\/www.freeshopfrontiera.ch\/fr\/wp-json\/wp\/v2\/product\/7584\/revisions\/30448"}],"wp:featuredmedia":[{"embeddable":true,"href":"https:\/\/www.freeshopfrontiera.ch\/fr\/wp-json\/wp\/v2\/media\/7576"}],"wp:attachment":[{"href":"https:\/\/www.freeshopfrontiera.ch\/fr\/wp-json\/wp\/v2\/media?parent=7584"}],"wp:term":[{"taxonomy":"pwb-brand","embeddable":true,"href":"https:\/\/www.freeshopfrontiera.ch\/fr\/wp-json\/wp\/v2\/pwb-brand?post=7584"},{"taxonomy":"product_brand","embeddable":true,"href":"https:\/\/www.freeshopfrontiera.ch\/fr\/wp-json\/wp\/v2\/product_brand?post=7584"},{"taxonomy":"product_cat","embeddable":true,"href":"https:\/\/www.freeshopfrontiera.ch\/fr\/wp-json\/wp\/v2\/product_cat?post=7584"},{"taxonomy":"product_tag","embeddable":true,"href":"https:\/\/www.freeshopfrontiera.ch\/fr\/wp-json\/wp\/v2\/product_tag?post=7584"}],"curies":[{"name":"wp","href":"https:\/\/api.w.org\/{rel}","templated":true}]}}