{"id":7672,"date":"2024-11-13T10:29:56","date_gmt":"2024-11-13T10:29:56","guid":{"rendered":"https:\/\/freeshopswiss.alesca.org\/shop\/boss-the-scent-absolute\/"},"modified":"2025-05-16T10:49:12","modified_gmt":"2025-05-16T10:49:12","slug":"boss-the-scent-absolute","status":"publish","type":"product","link":"https:\/\/www.freeshopfrontiera.ch\/fr\/shop\/boss-the-scent-absolute\/","title":{"rendered":"BOSS The Scent Absolute"},"content":{"rendered":"<p><strong>HUGO BOSS Boss The Scent Absolute for Him Eau de Parfum : Le pouvoir de la s\u00e9duction masculine<\/strong><\/p>\n<p><strong>HUGO BOSS Boss The Scent Absolute <\/strong>est un parfum intense et irr\u00e9sistible, con\u00e7u pour l\u2019homme qui veut laisser une marque ind\u00e9l\u00e9bile. Cette \u00e9dition exclusive de Boss The Scent, lanc\u00e9e par Hugo Boss, offre une exp\u00e9rience sensorielle unique, avec une composition olfactive qui allie \u00e9l\u00e9gance et puissance dans un m\u00e9lange parfait. Le flacon de 100 ml est id\u00e9al pour l\u2019homme qui souhaite un parfum longue dur\u00e9e, adapt\u00e9 aussi bien pour la journ\u00e9e que pour les soir\u00e9es les plus sp\u00e9ciales. La composition de <strong>L\u2019Absolu de Parfum<\/strong> se distingue par son ouverture p\u00e9tillante et vive, gr\u00e2ce aux notes de gingembre et de pamplemousse qui donnent fra\u00eecheur et vitalit\u00e9. Ces notes d\u2019agrumes fra\u00eeches et stimulantes cr\u00e9ent un d\u00e9part dynamique, qui se d\u00e9veloppe progressivement vers une combinaison intense et fascinante. Au c\u0153ur de la fragrance, une fusion enveloppante de lavande et de f\u00e8ve tonka se d\u00e9veloppe, ajoutant une nuance chaude, douce et sensuelle. Les notes de fond de cuir et d\u2019ambre donnent une profondeur extraordinaire, cr\u00e9ant un sillage persistant qui s\u2019enroule autour de la peau, laissant une impression durable. Le r\u00e9sultat est un parfum \u00e9quilibr\u00e9, mais en m\u00eame temps puissant et magn\u00e9tique. <strong>HUGO BOSS The Scent Absolute for Him<\/strong> est con\u00e7u pour l\u2019homme confiant qui aime \u00eatre le centre de l\u2019attention sans jamais \u00eatre trop intrusif. Sa formule exclusive et riche en fait un parfum de grande classe, qui communique une s\u00e9duction discr\u00e8te et une force \u00e9l\u00e9gante. Parfait pour l\u2019homme qui n\u2019a pas peur d\u2019exprimer sa personnalit\u00e9 avec audace et style, <strong>Boss The Scent Absolute for Him<\/strong> est id\u00e9al pour les \u00e9v\u00e9nements sp\u00e9ciaux, les d\u00eeners romantiques ou les soir\u00e9es importantes. Le flacon \u00e9l\u00e9gant et moderne de <strong>The Scent Absolute <\/strong>est le reflet d\u2019un design raffin\u00e9 et contemporain, avec des lignes \u00e9pur\u00e9es et une couleur sombre qui rappelle l\u2019intensit\u00e9 du parfum. Ce flacon est parfait pour ceux qui recherchent un parfum qui repr\u00e9sente leur personnalit\u00e9 forte et sophistiqu\u00e9e. Achetez<strong> Boss The Scent Absolute<\/strong> et d\u00e9couvrez le pouvoir de la s\u00e9duction avec un parfum qui ne passe pas inaper\u00e7u. \u00c0 chaque pulv\u00e9risation, <strong>L\u2019Absolu de Parfum <\/strong> vous enveloppera d\u2019une vague d\u2019\u00e9l\u00e9gance, confirmant que la s\u00e9duction peut \u00eatre aussi intense que discr\u00e8te. Un parfum id\u00e9al pour l\u2019homme qui veut laisser une marque ind\u00e9l\u00e9bile \u00e0 chaque rencontre. Suivez toutes nos actualit\u00e9s !<\/p>\n<p><a href=\"https:\/\/www.instagram.com\/freeshopswiss\/\" target=\"_blank\" rel=\"noopener\">@freeshopswiss<\/a><\/p>\n","protected":false},"excerpt":{"rendered":"<p><strong>HUGO BOSS Boss The Scent Absolute for Him Eau de Parfum 100ml<\/strong> est un parfum intense et s\u00e9duisant aux notes de gingembre, de lavande, de cuir et d\u2019ambre. Parfait pour l\u2019homme moderne et s\u00fbr de lui, il laisse un sillage persistant et enveloppant.<\/p>\n","protected":false},"featured_media":7664,"comment_status":"open","ping_status":"closed","template":"","meta":[],"pwb-brand":[260],"product_brand":[],"product_cat":[96,87,89],"product_tag":[252,1629,143,97],"class_list":{"0":"post-7672","1":"product","2":"type-product","3":"status-publish","4":"has-post-thumbnail","6":"pwb-brand-hugo-boss","7":"product_cat-evidence","8":"product_cat-parfums","9":"product_cat-pour-lui","10":"product_tag-eau-de-parfum-fr","11":"product_tag-mens-fragrances-fr","12":"product_tag-homme","13":"product_tag-parfums","15":"first","16":"outofstock","17":"sale","18":"taxable","19":"shipping-taxable","20":"purchasable","21":"product-type-simple"},"brands":[{"id":260,"name":"Hugo Boss","slug":"hugo-boss"}],"_links":{"self":[{"href":"https:\/\/www.freeshopfrontiera.ch\/fr\/wp-json\/wp\/v2\/product\/7672","targetHints":{"allow":["GET"]}}],"collection":[{"href":"https:\/\/www.freeshopfrontiera.ch\/fr\/wp-json\/wp\/v2\/product"}],"about":[{"href":"https:\/\/www.freeshopfrontiera.ch\/fr\/wp-json\/wp\/v2\/types\/product"}],"replies":[{"embeddable":true,"href":"https:\/\/www.freeshopfrontiera.ch\/fr\/wp-json\/wp\/v2\/comments?post=7672"}],"version-history":[{"count":1,"href":"https:\/\/www.freeshopfrontiera.ch\/fr\/wp-json\/wp\/v2\/product\/7672\/revisions"}],"predecessor-version":[{"id":30433,"href":"https:\/\/www.freeshopfrontiera.ch\/fr\/wp-json\/wp\/v2\/product\/7672\/revisions\/30433"}],"wp:featuredmedia":[{"embeddable":true,"href":"https:\/\/www.freeshopfrontiera.ch\/fr\/wp-json\/wp\/v2\/media\/7664"}],"wp:attachment":[{"href":"https:\/\/www.freeshopfrontiera.ch\/fr\/wp-json\/wp\/v2\/media?parent=7672"}],"wp:term":[{"taxonomy":"pwb-brand","embeddable":true,"href":"https:\/\/www.freeshopfrontiera.ch\/fr\/wp-json\/wp\/v2\/pwb-brand?post=7672"},{"taxonomy":"product_brand","embeddable":true,"href":"https:\/\/www.freeshopfrontiera.ch\/fr\/wp-json\/wp\/v2\/product_brand?post=7672"},{"taxonomy":"product_cat","embeddable":true,"href":"https:\/\/www.freeshopfrontiera.ch\/fr\/wp-json\/wp\/v2\/product_cat?post=7672"},{"taxonomy":"product_tag","embeddable":true,"href":"https:\/\/www.freeshopfrontiera.ch\/fr\/wp-json\/wp\/v2\/product_tag?post=7672"}],"curies":[{"name":"wp","href":"https:\/\/api.w.org\/{rel}","templated":true}]}}