{"id":7728,"date":"2024-11-13T13:04:15","date_gmt":"2024-11-13T13:04:15","guid":{"rendered":"https:\/\/freeshopswiss.alesca.org\/shop\/jil-sander-sun-woman\/"},"modified":"2025-04-25T08:52:56","modified_gmt":"2025-04-25T08:52:56","slug":"jil-sander-sun-woman","status":"publish","type":"product","link":"https:\/\/www.freeshopfrontiera.ch\/fr\/shop\/jil-sander-sun-woman\/","title":{"rendered":"JIL SANDER Sun Woman"},"content":{"rendered":"<p><strong>JIL SANDER Sun Woman Eau de Parfum 75ml : Le parfum frais et ensoleill\u00e9 pour la femme \u00e9l\u00e9gante<\/strong><\/p>\n<p><strong>JIL SANDER Sun Woman <\/strong>est un parfum raffin\u00e9 et ensoleill\u00e9, qui incarne l\u2019essence de la fra\u00eecheur estivale et de la f\u00e9minit\u00e9 sophistiqu\u00e9e. Lanc\u00e9e en 1989, <strong>Sun Woman<\/strong> est l\u2019une des cr\u00e9ations iconiques de Jil Sander, con\u00e7ue pour une femme \u00e9l\u00e9gante, mais en m\u00eame temps dynamique et pleine d\u2019\u00e9nergie. Le flacon de 75 ml est parfait pour ceux qui recherchent un parfum polyvalent \u00e0 porter tous les jours, mais en m\u00eame temps il reste \u00e9l\u00e9gant et sophistiqu\u00e9 en toute occasion. Sa fra\u00eecheur et sa luminosit\u00e9 en font le compagnon id\u00e9al pour les saisons plus chaudes, mais sa structure olfactive le rend \u00e9galement adapt\u00e9 lors des fra\u00eeches soir\u00e9es de printemps et d\u2019automne. La composition olfactive de <strong>JIL SANDER Sun Woman<\/strong> est une symphonie de fra\u00eecheur et de chaleur, avec une ouverture p\u00e9tillante d\u2019agrumes. Les notes de t\u00eate sont domin\u00e9es par le citron, l\u2019amande et la bergamote, qui procurent une sensation imm\u00e9diate de fra\u00eecheur et d\u2019\u00e9clat, comme un rayon de soleil qui illumine la peau. Au c\u0153ur de la fragrance, la fleur de tiar\u00e9, le jasmin et la tub\u00e9reuse cr\u00e9ent une association florale \u00e0 la fois d\u00e9licate et enveloppante, ajoutant une dimension sensuelle et f\u00e9minine \u00e0 la composition. Les notes de fond, avec du musc blanc, de l\u2019ambre et du bois de santal, donnent une base chaude et enveloppante qui reste longtemps sur la peau, cr\u00e9ant un sillage doux et persistant. <strong>JIL SANDER Sun Woman Eau de Parfum 75ml<\/strong> est parfaite pour la femme qui aime se sentir fra\u00eeche, \u00e9l\u00e9gante et confiante. Sa fra\u00eecheur initiale, combin\u00e9e \u00e0 la sensualit\u00e9 des notes florales et au fond bois\u00e9 chaleureux, la rend id\u00e9ale pour le printemps et l\u2019\u00e9t\u00e9, mais aussi pour toute occasion qui n\u00e9cessite une touche de classe et de raffinement. Le parfum s\u2019adapte facilement aux situations de jour et de soir\u00e9e, donnant une sensation d\u2019\u00e9clat qui dure toute la journ\u00e9e. Chaque pulv\u00e9risation de <strong>Sun Woman<\/strong> est comme une \u00e9treinte de soleil qui enveloppe doucement la peau, donnant une sensation imm\u00e9diate de bien-\u00eatre. Ce parfum est parfait pour celles qui recherchent un parfum qui exprime la f\u00e9minit\u00e9 sans \u00eatre trop sucr\u00e9 ou lourd. <strong>Jil Sander Sun Woman<\/strong> se distingue par sa l\u00e9g\u00e8ret\u00e9 et en m\u00eame temps par sa capacit\u00e9 \u00e0 durer longtemps sur la peau, laissant un sillage d\u2019\u00e9l\u00e9gance naturelle. Sa polyvalence en fait un excellent choix pour le travail, une r\u00e9union d\u00e9contract\u00e9e avec des amis ou une soir\u00e9e sp\u00e9ciale. Avec son aura de sophistication intemporelle, ce parfum convient \u00e0 tous les types de femmes, des plus romantiques aux plus dynamiques. La bouteille \u00e9l\u00e9gante et simple, au design minimaliste, est le reflet parfait du style \u00e9pur\u00e9 et sophistiqu\u00e9 de la marque Jil Sander. Le verre transparent et la couleur ensoleill\u00e9e du parfum rappellent l\u2019essence de la fra\u00eecheur estivale, tandis que la forme compacte le rend pratique \u00e0 emporter partout avec vous. Achetez <strong>l\u2019eau de parfum Sun Woman<\/strong> et laissez-vous envelopper par un parfum qui c\u00e9l\u00e8bre la beaut\u00e9, la f\u00e9minit\u00e9 et l\u2019\u00e9nergie solaire dans chaque goutte. Parfait pour celles qui recherchent un parfum l\u00e9ger mais distinctif qui reste impressionn\u00e9 sans jamais \u00eatre excessif, <strong>Sun Woman<\/strong> est l\u2019alli\u00e9 id\u00e9al de la femme moderne qui aime se sentir confiante et rayonnante \u00e0 tout moment de la journ\u00e9e. Suivez toutes nos actualit\u00e9s !<\/p>\n<p><a href=\"https:\/\/www.instagram.com\/freeshopswiss\/\" target=\"_blank\" rel=\"noopener\">@freeshopswiss<\/a><\/p>\n","protected":false},"excerpt":{"rendered":"<div class=\"flex-shrink-0 flex flex-col relative items-end\">\n<div>\n<div class=\"pt-0\">\n<div class=\"gizmo-bot-avatar flex h-8 w-8 items-center justify-center overflow-hidden rounded-full\">\n<div class=\"relative p-1 rounded-sm flex items-center justify-center bg-token-main-surface-primary text-token-text-primary h-8 w-8\"><\/div>\n<\/div>\n<\/div>\n<\/div>\n<\/div>\n<div class=\"group\/conversation-turn relative flex w-full min-w-0 flex-col agent-turn\">\n<div class=\"flex-col gap-1 md:gap-3\">\n<div class=\"flex max-w-full flex-col flex-grow\">\n<div class=\"min-h-8 text-message flex w-full flex-col items-end gap-2 whitespace-normal break-words [.text-message+&amp;]:mt-5\" dir=\"auto\" data-message-author-role=\"assistant\" data-message-id=\"05acb368-292b-46ee-8c1f-a1a10c36328e\" data-message-model-slug=\"gpt-4o-mini\">\n<div class=\"flex w-full flex-col gap-1 empty:hidden first:pt-[3px]\">\n<div class=\"markdown prose w-full break-words dark:prose-invert light\">\n<p><strong>JIL SANDER Sun Woman Eau de Parfum 75ml<\/strong> est un parfum frais et ensoleill\u00e9, aux notes d\u2019agrumes, de fleur de tiare, d\u2019ambre et de bois de santal. Id\u00e9al pour la femme \u00e9l\u00e9gante et dynamique, il donne un sillage raffin\u00e9 et durable.<\/p>\n<\/div>\n<\/div>\n<\/div>\n<\/div>\n<\/div>\n<\/div>\n","protected":false},"featured_media":7720,"comment_status":"open","ping_status":"closed","template":"","meta":[],"pwb-brand":[267],"product_brand":[],"product_cat":[138,87,109],"product_tag":[252,296,789,97],"class_list":{"0":"post-7728","1":"product","2":"type-product","3":"status-publish","4":"has-post-thumbnail","6":"pwb-brand-jil-sander","7":"product_cat-offre","8":"product_cat-parfums","9":"product_cat-pour-elle","10":"product_tag-eau-de-parfum-fr","11":"product_tag-femme","12":"product_tag-womens-fragrances-fr","13":"product_tag-parfums","15":"first","16":"instock","17":"sale","18":"taxable","19":"shipping-taxable","20":"purchasable","21":"product-type-simple"},"brands":[{"id":267,"name":"Jil Sander","slug":"jil-sander"}],"_links":{"self":[{"href":"https:\/\/www.freeshopfrontiera.ch\/fr\/wp-json\/wp\/v2\/product\/7728","targetHints":{"allow":["GET"]}}],"collection":[{"href":"https:\/\/www.freeshopfrontiera.ch\/fr\/wp-json\/wp\/v2\/product"}],"about":[{"href":"https:\/\/www.freeshopfrontiera.ch\/fr\/wp-json\/wp\/v2\/types\/product"}],"replies":[{"embeddable":true,"href":"https:\/\/www.freeshopfrontiera.ch\/fr\/wp-json\/wp\/v2\/comments?post=7728"}],"version-history":[{"count":1,"href":"https:\/\/www.freeshopfrontiera.ch\/fr\/wp-json\/wp\/v2\/product\/7728\/revisions"}],"predecessor-version":[{"id":28206,"href":"https:\/\/www.freeshopfrontiera.ch\/fr\/wp-json\/wp\/v2\/product\/7728\/revisions\/28206"}],"wp:featuredmedia":[{"embeddable":true,"href":"https:\/\/www.freeshopfrontiera.ch\/fr\/wp-json\/wp\/v2\/media\/7720"}],"wp:attachment":[{"href":"https:\/\/www.freeshopfrontiera.ch\/fr\/wp-json\/wp\/v2\/media?parent=7728"}],"wp:term":[{"taxonomy":"pwb-brand","embeddable":true,"href":"https:\/\/www.freeshopfrontiera.ch\/fr\/wp-json\/wp\/v2\/pwb-brand?post=7728"},{"taxonomy":"product_brand","embeddable":true,"href":"https:\/\/www.freeshopfrontiera.ch\/fr\/wp-json\/wp\/v2\/product_brand?post=7728"},{"taxonomy":"product_cat","embeddable":true,"href":"https:\/\/www.freeshopfrontiera.ch\/fr\/wp-json\/wp\/v2\/product_cat?post=7728"},{"taxonomy":"product_tag","embeddable":true,"href":"https:\/\/www.freeshopfrontiera.ch\/fr\/wp-json\/wp\/v2\/product_tag?post=7728"}],"curies":[{"name":"wp","href":"https:\/\/api.w.org\/{rel}","templated":true}]}}