{"id":7772,"date":"2024-11-13T15:01:44","date_gmt":"2024-11-13T15:01:44","guid":{"rendered":"https:\/\/freeshopswiss.alesca.org\/shop\/juste-cavalli-for-her\/"},"modified":"2024-11-13T15:01:44","modified_gmt":"2024-11-13T15:01:44","slug":"juste-cavalli-for-her","status":"publish","type":"product","link":"https:\/\/www.freeshopfrontiera.ch\/fr\/shop\/juste-cavalli-for-her\/","title":{"rendered":"Juste Cavalli For Her"},"content":{"rendered":"<p><strong>ROBERTO CAVALLI Just Cavalli For Her Eau de Toilette 50ml : \u00c9l\u00e9gance et S\u00e9duction dans chaque goutte<\/strong><\/p>\n<p><strong>ROBERTO CAVALLI Just Cavalli For Her <\/strong>est un parfum s\u00e9duisant et raffin\u00e9, con\u00e7u pour la femme audacieuse et sophistiqu\u00e9e. Lanc\u00e9 en 2013, <strong>Just Cavalli For Her<\/strong> incarne l\u2019esprit libre et la sensualit\u00e9 d\u2019une femme qui aime se laisser aller sans crainte, mais avec \u00e9l\u00e9gance. Avec son flacon de 50 ml, cette eau de toilette est id\u00e9ale pour ceux qui recherchent un parfum frais, mais intense et durable, qui s\u2019adapte parfaitement \u00e0 toutes les occasions. Le parfum exprime une f\u00e9minit\u00e9 moderne et ind\u00e9pendante, qui se d\u00e9marque sans \u00eatre intrusive. La composition olfactive de <strong>Just Cavalli<\/strong> est une rencontre harmonieuse de notes florales, fruit\u00e9es et bois\u00e9es. L\u2019ouverture est fra\u00eeche et p\u00e9tillante gr\u00e2ce \u00e0 l\u2019association du n\u00e9roli et de la mandarine, qui donnent une touche d\u2019\u00e9nergie et de luminosit\u00e9, \u00e9voquant une atmosph\u00e8re de vitalit\u00e9 et de fra\u00eecheur. Ce d\u00e9but d\u2019agrumes laisse place \u00e0 un c\u0153ur floral enivrant, o\u00f9 la fleur de tiar\u00e9 se m\u00eale \u00e0 la d\u00e9licatesse de la rose, cr\u00e9ant un bouquet \u00e9l\u00e9gant et sensuel, qui lib\u00e8re douceur et gr\u00e2ce. Le c\u0153ur floral est envelopp\u00e9 dans les notes de fond chaudes du bois de santal et de la vanille, qui donnent au parfum une empreinte durable et enveloppante, donnant au parfum une sensualit\u00e9 discr\u00e8te mais inoubliable. <strong>Just Cavalli <\/strong>est parfait pour la femme qui aime exprimer sa f\u00e9minit\u00e9 avec audace, mais sans jamais sacrifier le raffinement. Le parfum est id\u00e9al pour un usage quotidien, mais gr\u00e2ce \u00e0 son intensit\u00e9, il peut \u00e9galement \u00eatre parfait pour des soir\u00e9es sp\u00e9ciales, lorsque vous souhaitez laisser un sillage inoubliable qui capte l\u2019attention de mani\u00e8re sophistiqu\u00e9e. C\u2019est le choix id\u00e9al pour la femme qui veut se sentir en confiance \u00e0 tout moment de la journ\u00e9e. L\u2019\u00e9l\u00e9gant flacon, avec son design de style animalier et son bouchon dor\u00e9, rappelle le style inimitable de Roberto Cavalli. La forme du flacon, ainsi que les d\u00e9tails luxueux et audacieux, font de <strong>Just Cavalli<\/strong> non seulement un parfum, mais un v\u00e9ritable objet de d\u00e9sir. Le parfum devient ainsi une extension de la personnalit\u00e9 de celui qui le porte, exprimant la force, la sensualit\u00e9 et la beaut\u00e9 intemporelle. <strong>Just Cavalli For Her<\/strong> est le parfum parfait pour ceux qui veulent une essence qui allie fra\u00eecheur et sensualit\u00e9, classe et audace dans un seul parfum. Son caract\u00e8re s\u00e9duisant et son sillage persistant le rendent id\u00e9al pour ceux qui aiment laisser une marque ind\u00e9l\u00e9bile sur chaque endroit qu\u2019ils visitent. Achetez <strong>ROBERTO CAVALLI Just Cavalli For Her Eau de Toilette 50ml<\/strong> et laissez-vous envelopper par un parfum qui c\u00e9l\u00e8bre la beaut\u00e9, la force et la sensualit\u00e9 de la femme moderne, \u00e0 chaque instant de sa journ\u00e9e. D\u2019un seul coup de poing, il transforme chaque instant en une exp\u00e9rience unique et fascinante. Suivez toutes nos actualit\u00e9s !    <\/p>\n<p> <a href=\"https:\/\/www.instagram.com\/freeshopswiss\/\" target=\"_blank\" rel=\"noopener\">@freeshopswiss<\/a><\/p>\n","protected":false},"excerpt":{"rendered":"<div class=\"flex-shrink-0 flex flex-col relative items-end\">\n<div>\n<div class=\"pt-0\">\n<div class=\"gizmo-bot-avatar flex h-8 w-8 items-center justify-center overflow-hidden rounded-full\">\n<div class=\"relative p-1 rounded-sm flex items-center justify-center bg-token-main-surface-primary text-token-text-primary h-8 w-8\"><\/div>\n<\/div>\n<\/div>\n<\/div>\n<\/div>\n<div class=\"group\/conversation-turn relative flex w-full min-w-0 flex-col agent-turn\">\n<div class=\"flex-col gap-1 md:gap-3\">\n<div class=\"flex max-w-full flex-col flex-grow\">\n<div class=\"min-h-8 text-message flex w-full flex-col items-end gap-2 whitespace-normal break-words [.text-message+&amp;]:mt-5\" dir=\"auto\" data-message-author-role=\"assistant\" data-message-id=\"9d823a7b-2761-434f-863a-38daa6bcfa23\" data-message-model-slug=\"gpt-4o-mini\">\n<div class=\"flex w-full flex-col gap-1 empty:hidden first:pt-[3px]\">\n<div class=\"markdown prose w-full break-words dark:prose-invert light\">\n<p><strong>ROBERTO CAVALLI Just Cavalli For Her Eau de Toilette 50ml<\/strong> est un parfum frais et sensuel aux notes de n\u00e9roli, de mandarine, de fleur de tiar\u00e9, de rose, de bois de santal et de vanille. Parfait pour une femme audacieuse et sophistiqu\u00e9e, id\u00e9al pour toutes les occasions. <\/p>\n<\/div>\n<\/div>\n<\/div>\n<\/div>\n<\/div>\n<\/div>\n","protected":false},"featured_media":8693,"comment_status":"open","ping_status":"closed","template":"","meta":[],"pwb-brand":[269],"product_brand":[],"product_cat":[87,109],"product_tag":[141,296,789,97],"class_list":{"0":"post-7772","1":"product","2":"type-product","3":"status-publish","4":"has-post-thumbnail","6":"pwb-brand-roberto-cavalli","7":"product_cat-parfums","8":"product_cat-pour-elle","9":"product_tag-eau-de-toilette-fr","10":"product_tag-femme","11":"product_tag-womens-fragrances-fr","12":"product_tag-parfums","14":"first","15":"outofstock","16":"sale","17":"taxable","18":"shipping-taxable","19":"purchasable","20":"product-type-simple"},"brands":[{"id":269,"name":"Roberto Cavalli","slug":"roberto-cavalli"}],"_links":{"self":[{"href":"https:\/\/www.freeshopfrontiera.ch\/fr\/wp-json\/wp\/v2\/product\/7772","targetHints":{"allow":["GET"]}}],"collection":[{"href":"https:\/\/www.freeshopfrontiera.ch\/fr\/wp-json\/wp\/v2\/product"}],"about":[{"href":"https:\/\/www.freeshopfrontiera.ch\/fr\/wp-json\/wp\/v2\/types\/product"}],"replies":[{"embeddable":true,"href":"https:\/\/www.freeshopfrontiera.ch\/fr\/wp-json\/wp\/v2\/comments?post=7772"}],"version-history":[{"count":0,"href":"https:\/\/www.freeshopfrontiera.ch\/fr\/wp-json\/wp\/v2\/product\/7772\/revisions"}],"wp:featuredmedia":[{"embeddable":true,"href":"https:\/\/www.freeshopfrontiera.ch\/fr\/wp-json\/wp\/v2\/media\/8693"}],"wp:attachment":[{"href":"https:\/\/www.freeshopfrontiera.ch\/fr\/wp-json\/wp\/v2\/media?parent=7772"}],"wp:term":[{"taxonomy":"pwb-brand","embeddable":true,"href":"https:\/\/www.freeshopfrontiera.ch\/fr\/wp-json\/wp\/v2\/pwb-brand?post=7772"},{"taxonomy":"product_brand","embeddable":true,"href":"https:\/\/www.freeshopfrontiera.ch\/fr\/wp-json\/wp\/v2\/product_brand?post=7772"},{"taxonomy":"product_cat","embeddable":true,"href":"https:\/\/www.freeshopfrontiera.ch\/fr\/wp-json\/wp\/v2\/product_cat?post=7772"},{"taxonomy":"product_tag","embeddable":true,"href":"https:\/\/www.freeshopfrontiera.ch\/fr\/wp-json\/wp\/v2\/product_tag?post=7772"}],"curies":[{"name":"wp","href":"https:\/\/api.w.org\/{rel}","templated":true}]}}