{"id":7789,"date":"2024-11-13T15:20:49","date_gmt":"2024-11-13T15:20:49","guid":{"rendered":"https:\/\/freeshopswiss.alesca.org\/shop\/gucci-bamboo\/"},"modified":"2024-11-13T15:20:49","modified_gmt":"2024-11-13T15:20:49","slug":"gucci-bamboo","status":"publish","type":"product","link":"https:\/\/www.freeshopfrontiera.ch\/fr\/shop\/gucci-bamboo\/","title":{"rendered":"GUCCI Bamboo"},"content":{"rendered":"<p><strong>GUCCI Bamboo Eau de Parfum 30ml : \u00c9l\u00e9gance et sophistication dans chaque spray<\/strong><\/p>\n<p><strong>GUCCI Bamboo<\/strong> est un parfum sophistiqu\u00e9 et raffin\u00e9 qui incarne l\u2019\u00e9l\u00e9gance intemporelle de la maison Gucci. Lanc\u00e9 en 2015, <strong>Gucci Bamboo<\/strong> est le parfum con\u00e7u pour la femme moderne, forte et d\u00e9licate \u00e0 la fois. Avec son flacon de 30ml, cette eau de parfum est parfaite pour ceux qui recherchent une fragrance classe \u00e0 emporter avec eux \u00e0 tout moment de la journ\u00e9e, pour laisser un sillage d\u2019\u00e9l\u00e9gance et de fra\u00eecheur qui dure dans le temps. La composition olfactive de <strong>Gucci Bamboo<\/strong> est un \u00e9quilibre parfait entre les notes florales, bois\u00e9es et orientales, qui donnent \u00e0 la fragrance un caract\u00e8re sophistiqu\u00e9 et enveloppant. Les notes de t\u00eate fra\u00eeches et lumineuses sont domin\u00e9es par le d\u00e9licat parfum de la bergamote, qui se marie harmonieusement avec le lilas et la fleur d\u2019oranger. Ce d\u00e9part vif et frais cr\u00e9e une sensation de l\u00e9g\u00e8ret\u00e9 et de vitalit\u00e9. Le c\u0153ur du parfum est un bouquet floral intense et raffin\u00e9, compos\u00e9 de notes de jacinthe, d\u2019ylang-ylang et de cascalone, qui donnent une touche de pure \u00e9l\u00e9gance et de f\u00e9minit\u00e9. Les notes de fond se caract\u00e9risent par la chaleur et la sensualit\u00e9 du bois de santal, de la vanille et de l\u2019ambre, qui conf\u00e8rent \u00e0 la fragrance une profondeur enveloppante et durable, sans jamais \u00eatre lourde. Ces notes de fond chaudes et bois\u00e9es font de <strong>Gucci Bamboo<\/strong> un parfum id\u00e9al pour le jour et le soir, laissant un sillage sophistiqu\u00e9 et inoubliable. <strong>GUCCI Bamboo Eau de Parfum 30ml<\/strong> est le choix parfait pour la femme qui veut un parfum \u00e9l\u00e9gant, mais en m\u00eame temps moderne et sensuel. Avec son flacon aux lignes \u00e9pur\u00e9es et \u00e9pur\u00e9es, le design rappelle l\u2019image iconique du bambou, symbole de force et de r\u00e9silience. <strong>Gucci Bamboo<\/strong> est un parfum qui c\u00e9l\u00e8bre la beaut\u00e9 et la d\u00e9termination de la femme contemporaine, id\u00e9al pour celles qui veulent exprimer leur style d\u2019une mani\u00e8re unique et inoubliable. Achetez <strong>GUCCI Bamboo Eau de Parfum 30ml<\/strong> et laissez-vous envelopper par un parfum qui repr\u00e9sente parfaitement l\u2019\u00e9l\u00e9gance et la force de la femme moderne. \u00c0 chaque pulv\u00e9risation, vous ressentirez la d\u00e9licatesse des fleurs, la chaleur des bois et la sensualit\u00e9 des notes orientales qui vous accompagneront \u00e0 tout moment de la journ\u00e9e. Un parfum qui transforme chaque exp\u00e9rience en un souvenir ind\u00e9l\u00e9bile. Suivez toutes nos actualit\u00e9s !  <\/p>\n<p><a href=\"https:\/\/www.instagram.com\/freeshopswiss\/\" target=\"_blank\" rel=\"noopener\">  @freshopswiss<\/a><\/p>\n","protected":false},"excerpt":{"rendered":"<div class=\"flex-shrink-0 flex flex-col relative items-end\">\n<div>\n<div class=\"pt-0\">\n<div class=\"gizmo-bot-avatar flex h-8 w-8 items-center justify-center overflow-hidden rounded-full\">\n<div class=\"relative p-1 rounded-sm flex items-center justify-center bg-token-main-surface-primary text-token-text-primary h-8 w-8\"><\/div>\n<\/div>\n<\/div>\n<\/div>\n<\/div>\n<div class=\"group\/conversation-turn relative flex w-full min-w-0 flex-col agent-turn\">\n<div class=\"flex-col gap-1 md:gap-3\">\n<div class=\"flex max-w-full flex-col flex-grow\">\n<div class=\"min-h-8 text-message flex w-full flex-col items-end gap-2 whitespace-normal break-words [.text-message+&amp;]:mt-5\" dir=\"auto\" data-message-author-role=\"assistant\" data-message-id=\"79ea8e76-ad5a-49d2-ab32-e5da72d67278\" data-message-model-slug=\"gpt-4o-mini\">\n<div class=\"flex w-full flex-col gap-1 empty:hidden first:pt-[3px]\">\n<div class=\"markdown prose w-full break-words dark:prose-invert light\">\n<p><em><strong>GUCCI Bamboo Eau de Parfum 30ml<\/strong> est un parfum \u00e9l\u00e9gant et sophistiqu\u00e9, aux notes de bergamote, de lilas, d\u2019ylang-ylang, de bois de santal et de vanille. Parfait pour la femme moderne, forte et sensuelle. <\/em><\/p>\n<\/div>\n<\/div>\n<\/div>\n<\/div>\n<\/div>\n<\/div>\n","protected":false},"featured_media":7781,"comment_status":"open","ping_status":"closed","template":"","meta":[],"pwb-brand":[270],"product_brand":[],"product_cat":[96,87,109],"product_tag":[252,296,789,97],"class_list":{"0":"post-7789","1":"product","2":"type-product","3":"status-publish","4":"has-post-thumbnail","6":"pwb-brand-gucci","7":"product_cat-evidence","8":"product_cat-parfums","9":"product_cat-pour-elle","10":"product_tag-eau-de-parfum-fr","11":"product_tag-femme","12":"product_tag-womens-fragrances-fr","13":"product_tag-parfums","15":"first","16":"instock","17":"sale","18":"taxable","19":"shipping-taxable","20":"purchasable","21":"product-type-variable"},"brands":[{"id":270,"name":"Gucci","slug":"gucci"}],"_links":{"self":[{"href":"https:\/\/www.freeshopfrontiera.ch\/fr\/wp-json\/wp\/v2\/product\/7789","targetHints":{"allow":["GET"]}}],"collection":[{"href":"https:\/\/www.freeshopfrontiera.ch\/fr\/wp-json\/wp\/v2\/product"}],"about":[{"href":"https:\/\/www.freeshopfrontiera.ch\/fr\/wp-json\/wp\/v2\/types\/product"}],"replies":[{"embeddable":true,"href":"https:\/\/www.freeshopfrontiera.ch\/fr\/wp-json\/wp\/v2\/comments?post=7789"}],"version-history":[{"count":0,"href":"https:\/\/www.freeshopfrontiera.ch\/fr\/wp-json\/wp\/v2\/product\/7789\/revisions"}],"wp:featuredmedia":[{"embeddable":true,"href":"https:\/\/www.freeshopfrontiera.ch\/fr\/wp-json\/wp\/v2\/media\/7781"}],"wp:attachment":[{"href":"https:\/\/www.freeshopfrontiera.ch\/fr\/wp-json\/wp\/v2\/media?parent=7789"}],"wp:term":[{"taxonomy":"pwb-brand","embeddable":true,"href":"https:\/\/www.freeshopfrontiera.ch\/fr\/wp-json\/wp\/v2\/pwb-brand?post=7789"},{"taxonomy":"product_brand","embeddable":true,"href":"https:\/\/www.freeshopfrontiera.ch\/fr\/wp-json\/wp\/v2\/product_brand?post=7789"},{"taxonomy":"product_cat","embeddable":true,"href":"https:\/\/www.freeshopfrontiera.ch\/fr\/wp-json\/wp\/v2\/product_cat?post=7789"},{"taxonomy":"product_tag","embeddable":true,"href":"https:\/\/www.freeshopfrontiera.ch\/fr\/wp-json\/wp\/v2\/product_tag?post=7789"}],"curies":[{"name":"wp","href":"https:\/\/api.w.org\/{rel}","templated":true}]}}