{"id":7826,"date":"2024-11-14T10:46:49","date_gmt":"2024-11-14T10:46:49","guid":{"rendered":"https:\/\/freeshopswiss.alesca.org\/shop\/gucci-rush\/"},"modified":"2024-11-14T10:46:49","modified_gmt":"2024-11-14T10:46:49","slug":"gucci-rush","status":"publish","type":"product","link":"https:\/\/www.freeshopfrontiera.ch\/fr\/shop\/gucci-rush\/","title":{"rendered":"GUCCI Rush"},"content":{"rendered":"<p><strong>GUCCI Gucci Rush Eau de Toilette 50ml : \u00c9l\u00e9gance et s\u00e9duction dans un parfum unique<\/strong><\/p>\n<p><strong>Gucci Rush Eau de Toilette 50ml<\/strong> est l\u2019un des parfums les plus embl\u00e9matiques et les plus s\u00e9duisants de la c\u00e9l\u00e8bre maison de couture italienne Gucci. Lanc\u00e9 en 1999, ce parfum repr\u00e9sente la rencontre parfaite entre \u00e9l\u00e9gance et audace, une proposition olfactive qui ne passe pas inaper\u00e7ue. Disponible dans la praticit\u00e9 du flacon de 50 ml, Gucci Rush est id\u00e9al pour ceux qui recherchent un parfum sophistiqu\u00e9, mais en m\u00eame temps frais et enveloppant.    <strong>Avec son parfum incomparable, Rush est un choix id\u00e9al pour ceux qui veulent laisser une marque durable partout o\u00f9 ils vont.<\/strong><\/p>\n<p>La composition de l\u2019Eau de Toilette Gucci Rush s\u2019ouvre sur des notes fruit\u00e9es de p\u00eache, de gard\u00e9nia et de freesia, cr\u00e9ant un d\u00e9part vif et p\u00e9tillant.  <strong>L\u2019explosion initiale de fra\u00eecheur est imm\u00e9diatement enveloppante, donnant une sensation d\u2019\u00e9nergie et de vitalit\u00e9.<\/strong>  Le c\u0153ur du parfum est enrichi d\u2019un m\u00e9lange de rose et de coriandre, qui donnent de la profondeur et de la sensualit\u00e9 \u00e0 la fragrance.  <strong>Le r\u00e9sultat est un bouquet floral \u00e9l\u00e9gant qui conquiert les sens et enflamme le d\u00e9sir.<\/strong>  Enfin, le fond r\u00e9v\u00e8le un fond chaud et enveloppant de vanille, de patchouli et de musc, qui laisse un sillage persistant et s\u00e9duisant. Ces contrastes entre fra\u00eecheur et intensit\u00e9 en font un choix parfait pour toutes les occasions, de jour comme de nuit.   <strong>Sa persistance est une harmonie parfaite qui vous accompagnera pendant des heures.<\/strong><\/p>\n<p>Le flacon<strong> Rush<\/strong> est un autre \u00e9l\u00e9ment distinctif : avec un design moderne et audacieux, avec des formes g\u00e9om\u00e9triques et une couleur rouge vif, il refl\u00e8te l\u2019\u00e2me unique et intemporelle de Gucci. <strong>Un flacon qui, en plus de contenir un parfum extraordinaire, devient un v\u00e9ritable objet de design.<\/strong> Ce parfum est parfait pour ceux qui aiment exprimer leur personnalit\u00e9 avec \u00e9l\u00e9gance, sans sacrifier une touche d\u2019originalit\u00e9. <strong>Avec Gucci Rush, chaque instant devient sp\u00e9cial.<\/strong> Parfaite pour offrir ou pour vous-m\u00eame, l\u2019Eau de Toilette Gucci Rush 50 ml est un incontournable pour tous ceux qui recherchent un parfum qui se distingue par son caract\u00e8re et sa sophistication. Commandez votre commande d\u00e8s aujourd\u2019hui et d\u00e9couvrez l\u2019art de la parfumerie Gucci. <\/p>\n<p>  <strong>Ne manquez pas l\u2019occasion de cr\u00e9er une pi\u00e8ce de luxe intemporel et de charmer la v\u00f4tre.<\/strong><\/p>\n<p>Suivez toutes nos actualit\u00e9s !  <a href=\"https:\/\/www.instagram.com\/freeshopswiss\/\" target=\"_blank\" rel=\"noopener\">@freeshopswiss<\/a><\/p>\n","protected":false},"excerpt":{"rendered":"<div class=\"flex max-w-full flex-col flex-grow\">\n<div class=\"min-h-8 text-message flex w-full flex-col items-end gap-2 whitespace-normal break-words [.text-message+&amp;]:mt-5\" dir=\"auto\" data-message-author-role=\"assistant\" data-message-id=\"2c5f3a3e-ec47-4eb8-8ad0-eae6d3db3662\" data-message-model-slug=\"gpt-4o-mini\">\n<div class=\"flex w-full flex-col gap-1 empty:hidden first:pt-[3px]\">\n<div class=\"markdown prose w-full break-words dark:prose-invert light\">\n<p>Gucci Rush Eau de Toilette 50ml est un parfum sensuel aux notes de p\u00eache, de rose et de patchouli. Enveloppant et persistant, il allie fra\u00eecheur et chaleur dans un flacon au design \u00e9l\u00e9gant et moderne. Parfait pour ceux qui recherchent un parfum distinctif et raffin\u00e9.  <\/p>\n<\/div>\n<\/div>\n<\/div>\n<\/div>\n","protected":false},"featured_media":7818,"comment_status":"open","ping_status":"closed","template":"","meta":[],"pwb-brand":[270],"product_brand":[],"product_cat":[96,138,87,109],"product_tag":[141,296,789,278,97],"class_list":{"0":"post-7826","1":"product","2":"type-product","3":"status-publish","4":"has-post-thumbnail","6":"pwb-brand-gucci","7":"product_cat-evidence","8":"product_cat-offre","9":"product_cat-parfums","10":"product_cat-pour-elle","11":"product_tag-eau-de-toilette-fr","12":"product_tag-femme","13":"product_tag-womens-fragrances-fr","14":"product_tag-offre","15":"product_tag-parfums","17":"first","18":"instock","19":"sale","20":"taxable","21":"shipping-taxable","22":"purchasable","23":"product-type-simple"},"brands":[{"id":270,"name":"Gucci","slug":"gucci"}],"_links":{"self":[{"href":"https:\/\/www.freeshopfrontiera.ch\/fr\/wp-json\/wp\/v2\/product\/7826","targetHints":{"allow":["GET"]}}],"collection":[{"href":"https:\/\/www.freeshopfrontiera.ch\/fr\/wp-json\/wp\/v2\/product"}],"about":[{"href":"https:\/\/www.freeshopfrontiera.ch\/fr\/wp-json\/wp\/v2\/types\/product"}],"replies":[{"embeddable":true,"href":"https:\/\/www.freeshopfrontiera.ch\/fr\/wp-json\/wp\/v2\/comments?post=7826"}],"version-history":[{"count":0,"href":"https:\/\/www.freeshopfrontiera.ch\/fr\/wp-json\/wp\/v2\/product\/7826\/revisions"}],"wp:featuredmedia":[{"embeddable":true,"href":"https:\/\/www.freeshopfrontiera.ch\/fr\/wp-json\/wp\/v2\/media\/7818"}],"wp:attachment":[{"href":"https:\/\/www.freeshopfrontiera.ch\/fr\/wp-json\/wp\/v2\/media?parent=7826"}],"wp:term":[{"taxonomy":"pwb-brand","embeddable":true,"href":"https:\/\/www.freeshopfrontiera.ch\/fr\/wp-json\/wp\/v2\/pwb-brand?post=7826"},{"taxonomy":"product_brand","embeddable":true,"href":"https:\/\/www.freeshopfrontiera.ch\/fr\/wp-json\/wp\/v2\/product_brand?post=7826"},{"taxonomy":"product_cat","embeddable":true,"href":"https:\/\/www.freeshopfrontiera.ch\/fr\/wp-json\/wp\/v2\/product_cat?post=7826"},{"taxonomy":"product_tag","embeddable":true,"href":"https:\/\/www.freeshopfrontiera.ch\/fr\/wp-json\/wp\/v2\/product_tag?post=7826"}],"curies":[{"name":"wp","href":"https:\/\/api.w.org\/{rel}","templated":true}]}}