{"id":8129,"date":"2024-11-15T10:59:57","date_gmt":"2024-11-15T10:59:57","guid":{"rendered":"https:\/\/freeshopswiss.alesca.org\/shop\/hugo-boss-hugo-man\/"},"modified":"2026-04-13T15:07:17","modified_gmt":"2026-04-13T15:07:17","slug":"hugo-boss-hugo-man","status":"publish","type":"product","link":"https:\/\/www.freeshopfrontiera.ch\/fr\/shop\/hugo-boss-hugo-man\/","title":{"rendered":"BOSS Hugo Man"},"content":{"rendered":"<p><strong>BOSS Hugo Man Eau de Toilette : \u00c9l\u00e9gance et Fra\u00eecheur dans un seul parfum<\/strong><\/p>\n<p><strong>Hugo Man<\/strong> est un parfum masculin embl\u00e9matique qui incarne l\u2019\u00e9l\u00e9gance moderne et la fra\u00eecheur d\u2019un style de vie dynamique. Cr\u00e9\u00e9 en 1995, ce parfum intemporel est devenu un symbole de sophistication et de personnalit\u00e9 pour l\u2019homme contemporain. Sa composition unique est id\u00e9ale pour ceux qui recherchent un parfum qui allie fra\u00eecheur, intensit\u00e9 et une touche de classe, parfait pour toutes les occasions, de la journ\u00e9e de travail aux soir\u00e9es les plus sp\u00e9ciales. Les notes de t\u00eate de <strong>pamplemousse<\/strong> et de <strong>menthe<\/strong> offrent une ouverture fra\u00eeche et p\u00e9tillante, imm\u00e9diatement reconnaissable et rafra\u00eechissante. Ce d\u00e9part \u00e9nergique se d\u00e9veloppe rapidement en un c\u0153ur qui r\u00e9v\u00e8le une harmonie aromatique, avec des notes de <strong>lavande<\/strong> et de <strong>sauge<\/strong>, ajoutant une touche masculine et naturelle, enveloppant doucement la peau d\u2019une sensation de bien-\u00eatre. Enfin, la <strong>base de bois de c\u00e8dre et de<\/strong> <strong>v\u00e9tiver<\/strong> donne de la profondeur au parfum, cr\u00e9ant un sillage persistant et enveloppant qui reste longtemps sur la peau, donnant une sensation de s\u00e9curit\u00e9 et de charme. L\u2019eau de toilette Hugo Man est le choix parfait pour les hommes qui veulent un parfum polyvalent, capable de s\u2019adapter \u00e0 diff\u00e9rents contextes sans jamais passer inaper\u00e7u. Il est id\u00e9al pour ceux qui recherchent un \u00e9quilibre entre fra\u00eecheur et caract\u00e8re, une essence qui exprime l\u2019authenticit\u00e9 et la personnalit\u00e9. Le flacon, au design minimaliste et contemporain, refl\u00e8te le m\u00eame raffinement du contenu, devenant un incontournable de la collection de tout amateur de parfums. Avec <strong>l\u2019eau de toilette Hugo BOSS Hugo Man<\/strong>, chaque homme peut exprimer son individualit\u00e9 et son style unique, laissant un sillage de fra\u00eecheur et de sensualit\u00e9 qui dure toute la journ\u00e9e. Un parfum intemporel qui reste un classique dans le panorama des parfums masculins de haute qualit\u00e9, capable de capter l\u2019attention avec discr\u00e9tion et \u00e9l\u00e9gance.<\/p>\n<p><strong>D\u00e9couvrez l\u2019\u00e9nergie et le charme d\u2019Hugo Man et plongez dans une exp\u00e9rience olfactive qui ne d\u00e9cevra pas vos attentes.<\/strong> Ce n\u2019est pas seulement un parfum, c\u2019est une fa\u00e7on d\u2019\u00eatre, une affirmation de soi qui accompagne chaque instant de votre journ\u00e9e.<\/p>\n<p>Suivez toutes nos actualit\u00e9s ! <a href=\"https:\/\/www.instagram.com\/freeshopswiss\/\" target=\"_blank\" rel=\"noopener\">@freeshopswiss<\/a><\/p>\n","protected":false},"excerpt":{"rendered":"<div class=\"flex-shrink-0 flex flex-col relative items-end\">\n<div>\n<div class=\"pt-0\">\n<div class=\"gizmo-bot-avatar flex h-8 w-8 items-center justify-center overflow-hidden rounded-full\">\n<div class=\"relative p-1 rounded-sm flex items-center justify-center bg-token-main-surface-primary text-token-text-primary h-8 w-8\"><\/div>\n<\/div>\n<\/div>\n<\/div>\n<\/div>\n<div class=\"group\/conversation-turn relative flex w-full min-w-0 flex-col agent-turn\">\n<div class=\"flex-col gap-1 md:gap-3\">\n<div class=\"flex max-w-full flex-col flex-grow\">\n<div class=\"min-h-8 text-message flex w-full flex-col items-end gap-2 whitespace-normal break-words [.text-message+&amp;]:mt-5\" dir=\"auto\" data-message-author-role=\"assistant\" data-message-id=\"f67efc20-21d7-4b65-8763-560becd08b92\" data-message-model-slug=\"gpt-4o-mini\">\n<div class=\"flex w-full flex-col gap-1 empty:hidden first:pt-[3px]\">\n<div class=\"markdown prose w-full break-words dark:prose-invert light\">\n<p><em><strong>HUGO BOSS Hugo Man Eau de Toilette<\/strong> est un parfum masculin frais et dynamique, caract\u00e9ris\u00e9 par une combinaison de notes d\u2019agrumes de pamplemousse et de menthe, d\u2019un c\u0153ur aromatique de lavande et de sauge, et d\u2019un fond bois\u00e9 de c\u00e8dre et de v\u00e9tiver. Parfait pour l\u2019homme moderne, ce parfum \u00e9l\u00e9gant et polyvalent s\u2019adapte \u00e0 toutes les occasions, laissant une tra\u00een\u00e9e de fra\u00eecheur qui dure toute la journ\u00e9e. <\/em><\/p>\n<\/div>\n<\/div>\n<\/div>\n<\/div>\n<\/div>\n<\/div>\n","protected":false},"featured_media":8121,"comment_status":"open","ping_status":"closed","template":"","meta":[],"pwb-brand":[260],"product_brand":[],"product_cat":[138,87,89,4195],"product_tag":[141,1629,143,278,97],"class_list":{"0":"post-8129","1":"product","2":"type-product","3":"status-publish","4":"has-post-thumbnail","6":"pwb-brand-hugo-boss","7":"product_cat-offre","8":"product_cat-parfums","9":"product_cat-pour-lui","10":"product_cat-parfums-offer","11":"product_tag-eau-de-toilette-fr","12":"product_tag-mens-fragrances-fr","13":"product_tag-homme","14":"product_tag-offre","15":"product_tag-parfums","17":"first","18":"instock","19":"sale","20":"taxable","21":"shipping-taxable","22":"purchasable","23":"product-type-simple"},"brands":[{"id":260,"name":"Hugo Boss","slug":"hugo-boss"}],"_links":{"self":[{"href":"https:\/\/www.freeshopfrontiera.ch\/fr\/wp-json\/wp\/v2\/product\/8129","targetHints":{"allow":["GET"]}}],"collection":[{"href":"https:\/\/www.freeshopfrontiera.ch\/fr\/wp-json\/wp\/v2\/product"}],"about":[{"href":"https:\/\/www.freeshopfrontiera.ch\/fr\/wp-json\/wp\/v2\/types\/product"}],"replies":[{"embeddable":true,"href":"https:\/\/www.freeshopfrontiera.ch\/fr\/wp-json\/wp\/v2\/comments?post=8129"}],"version-history":[{"count":2,"href":"https:\/\/www.freeshopfrontiera.ch\/fr\/wp-json\/wp\/v2\/product\/8129\/revisions"}],"predecessor-version":[{"id":42369,"href":"https:\/\/www.freeshopfrontiera.ch\/fr\/wp-json\/wp\/v2\/product\/8129\/revisions\/42369"}],"wp:featuredmedia":[{"embeddable":true,"href":"https:\/\/www.freeshopfrontiera.ch\/fr\/wp-json\/wp\/v2\/media\/8121"}],"wp:attachment":[{"href":"https:\/\/www.freeshopfrontiera.ch\/fr\/wp-json\/wp\/v2\/media?parent=8129"}],"wp:term":[{"taxonomy":"pwb-brand","embeddable":true,"href":"https:\/\/www.freeshopfrontiera.ch\/fr\/wp-json\/wp\/v2\/pwb-brand?post=8129"},{"taxonomy":"product_brand","embeddable":true,"href":"https:\/\/www.freeshopfrontiera.ch\/fr\/wp-json\/wp\/v2\/product_brand?post=8129"},{"taxonomy":"product_cat","embeddable":true,"href":"https:\/\/www.freeshopfrontiera.ch\/fr\/wp-json\/wp\/v2\/product_cat?post=8129"},{"taxonomy":"product_tag","embeddable":true,"href":"https:\/\/www.freeshopfrontiera.ch\/fr\/wp-json\/wp\/v2\/product_tag?post=8129"}],"curies":[{"name":"wp","href":"https:\/\/api.w.org\/{rel}","templated":true}]}}